{"id":20346,"date":"2024-01-08T18:27:05","date_gmt":"2024-01-08T17:27:05","guid":{"rendered":"https:\/\/ethnos360.de\/web_neu\/?post_type=product&#038;p=20346"},"modified":"2024-01-20T04:55:45","modified_gmt":"2024-01-20T03:55:45","slug":"buschfunk","status":"publish","type":"product","link":"https:\/\/www.ethnos360.de\/web_neu\/product\/buschfunk\/","title":{"rendered":"Buschfunk"},"content":{"rendered":"<p><strong>BUSCHFUNK &#8211; Denkanst\u00f6\u00dfe aus der Mission zu dir nach Haus<\/strong><\/p>\n<p>Hast du dich schon mal gefragt, wie man einem abgelegenen Volksstamm die Gute Nachricht weitersagt?<\/p>\n<p>M\u00f6chtest du gerne da, wo du lebst, den Missionsauftrag erf\u00fcllen, oder tr\u00e4umst du vielleicht davon, das Evangelium in einen entlegenen Winkel der Erde zu bringen?<\/p>\n<p>Aaron Luse hat genau das 16 Jahre lang erlebt und teilt in diesem kurzweiligen, biografischen Buch mit, was er in dieser Zeit gelernt hat: \u00fcber Gott, sich selbst, die Menschen, Mission, seltsame Br\u00e4uche, exotische Tiere, aber auch \u00fcber den mehr oder weniger geordneten R\u00fcckzug aus brenzligen Situationen.<\/p>\n<p>Diese Erfahrungen gelten nicht nur im Dschungel Papua-Neuguineas, sondern haben auch dir hier erstaunlich viel zu sagen.<\/p>\n<p>Man kann das Buch in einem Rutsch lesen oder wie ein Andachtsbuch, da jedes Kapitel richtig gute Anregungen beinhaltet. Auch super als Familienandachtsbuch oder f\u00fcr eine Kleingruppe, wie einen Jugendhauskreis, geeignet.<\/p>\n<p>25 Kapitel sind jeweils so aufgebaut, dass Aaron<\/p>\n<p>1. von einer Begebenheit aus seinem Leben im Dschungel erz\u00e4hlt,<\/p>\n<p>2. was er daraus lernte und auch f\u00fcr uns bereichernd ist,<\/p>\n<p>3. welche Gedanken aus der Bibel er bez\u00fcglich der jeweiligen Situation hat und welche drei Fragen zu dieser Bibelstelle auch wir uns stellen k\u00f6nnen, und<\/p>\n<p>4. dass Aaron uns ein paar motivierende Gedanken mit auf den Weg gibt.<\/p>\n<p>&nbsp;<\/p>\n","protected":false},"excerpt":{"rendered":"<p>BUSCHFUNK &#8211; Denkanst\u00f6\u00dfe aus der Mission zu dir nach Haus Hast du dich schon mal gefragt, wie man einem abgelegenen Volksstamm die Gute Nachricht weitersagt? M\u00f6chtest du gerne da, wo du lebst, den Missionsauftrag erf\u00fcllen, oder tr\u00e4umst du vielleicht davon, das Evangelium in einen entlegenen Winkel der Erde zu bringen? Aaron Luse hat genau das [&hellip;]<\/p>\n","protected":false},"featured_media":20369,"template":"","meta":{"site-sidebar-layout":"default","site-content-layout":"","ast-site-content-layout":"default","site-content-style":"default","site-sidebar-style":"default","ast-global-header-display":"","ast-banner-title-visibility":"","ast-main-header-display":"","ast-hfb-above-header-display":"","ast-hfb-below-header-display":"","ast-hfb-mobile-header-display":"","site-post-title":"","ast-breadcrumbs-content":"","ast-featured-img":"","footer-sml-layout":"","theme-transparent-header-meta":"","adv-header-id-meta":"","stick-header-meta":"","header-above-stick-meta":"","header-main-stick-meta":"","header-below-stick-meta":"","astra-migrate-meta-layouts":"default","ast-page-background-enabled":"default","ast-page-background-meta":{"desktop":{"background-color":"","background-image":"","background-repeat":"repeat","background-position":"center center","background-size":"auto","background-attachment":"scroll","background-type":"","background-media":"","overlay-type":"","overlay-color":"","overlay-opacity":"","overlay-gradient":""},"tablet":{"background-color":"","background-image":"","background-repeat":"repeat","background-position":"center center","background-size":"auto","background-attachment":"scroll","background-type":"","background-media":"","overlay-type":"","overlay-color":"","overlay-opacity":"","overlay-gradient":""},"mobile":{"background-color":"","background-image":"","background-repeat":"repeat","background-position":"center center","background-size":"auto","background-attachment":"scroll","background-type":"","background-media":"","overlay-type":"","overlay-color":"","overlay-opacity":"","overlay-gradient":""}},"ast-content-background-meta":{"desktop":{"background-color":"var(--ast-global-color-5)","background-image":"","background-repeat":"repeat","background-position":"center center","background-size":"auto","background-attachment":"scroll","background-type":"","background-media":"","overlay-type":"","overlay-color":"","overlay-opacity":"","overlay-gradient":""},"tablet":{"background-color":"var(--ast-global-color-5)","background-image":"","background-repeat":"repeat","background-position":"center center","background-size":"auto","background-attachment":"scroll","background-type":"","background-media":"","overlay-type":"","overlay-color":"","overlay-opacity":"","overlay-gradient":""},"mobile":{"background-color":"var(--ast-global-color-5)","background-image":"","background-repeat":"repeat","background-position":"center center","background-size":"auto","background-attachment":"scroll","background-type":"","background-media":"","overlay-type":"","overlay-color":"","overlay-opacity":"","overlay-gradient":""}}},"product_brand":[],"product_cat":[96],"product_tag":[],"class_list":{"0":"post-20346","1":"product","2":"type-product","3":"status-publish","4":"has-post-thumbnail","6":"product_cat-buecher","7":"desktop-align-left","8":"tablet-align-left","9":"mobile-align-left","11":"first","12":"instock","13":"taxable","14":"shipping-taxable","15":"purchasable","16":"product-type-simple"},"yoast_head":"<!-- This site is optimized with the Yoast SEO plugin v26.4 - https:\/\/yoast.com\/wordpress\/plugins\/seo\/ -->\n<title>Buschfunk - Ethnos360<\/title>\n<meta name=\"robots\" content=\"noindex, follow, max-snippet:-1, max-image-preview:large, max-video-preview:-1\" \/>\n<meta property=\"og:locale\" content=\"de_DE\" \/>\n<meta property=\"og:type\" content=\"article\" \/>\n<meta property=\"og:title\" content=\"Buschfunk - Ethnos360\" \/>\n<meta property=\"og:description\" content=\"BUSCHFUNK &#8211; Denkanst\u00f6\u00dfe aus der Mission zu dir nach Haus Hast du dich schon mal gefragt, wie man einem abgelegenen Volksstamm die Gute Nachricht weitersagt? M\u00f6chtest du gerne da, wo du lebst, den Missionsauftrag erf\u00fcllen, oder tr\u00e4umst du vielleicht davon, das Evangelium in einen entlegenen Winkel der Erde zu bringen? Aaron Luse hat genau das [&hellip;]\" \/>\n<meta property=\"og:url\" content=\"https:\/\/www.ethnos360.de\/web_neu\/product\/buschfunk\/\" \/>\n<meta property=\"og:site_name\" content=\"Ethnos360\" \/>\n<meta property=\"article:publisher\" content=\"https:\/\/www.facebook.com\/Ethnos360de\/\" \/>\n<meta property=\"article:modified_time\" content=\"2024-01-20T03:55:45+00:00\" \/>\n<meta property=\"og:image\" content=\"https:\/\/www.ethnos360.de\/web_neu\/wp-content\/uploads\/2024\/01\/buch_buschfunk.jpg\" \/>\n\t<meta property=\"og:image:width\" content=\"757\" \/>\n\t<meta property=\"og:image:height\" content=\"1200\" \/>\n\t<meta property=\"og:image:type\" content=\"image\/jpeg\" \/>\n<meta name=\"twitter:card\" content=\"summary_large_image\" \/>\n<meta name=\"twitter:label1\" content=\"Gesch\u00e4tzte Lesezeit\" \/>\n\t<meta name=\"twitter:data1\" content=\"1\u00a0Minute\" \/>\n<script type=\"application\/ld+json\" class=\"yoast-schema-graph\">{\"@context\":\"https:\/\/schema.org\",\"@graph\":[{\"@type\":\"WebPage\",\"@id\":\"https:\/\/www.ethnos360.de\/web_neu\/product\/buschfunk\/\",\"url\":\"https:\/\/www.ethnos360.de\/web_neu\/product\/buschfunk\/\",\"name\":\"Buschfunk - Ethnos360\",\"isPartOf\":{\"@id\":\"https:\/\/www.ethnos360.de\/web_neu\/#website\"},\"primaryImageOfPage\":{\"@id\":\"https:\/\/www.ethnos360.de\/web_neu\/product\/buschfunk\/#primaryimage\"},\"image\":{\"@id\":\"https:\/\/www.ethnos360.de\/web_neu\/product\/buschfunk\/#primaryimage\"},\"thumbnailUrl\":\"https:\/\/www.ethnos360.de\/web_neu\/wp-content\/uploads\/2024\/01\/buch_buschfunk.jpg\",\"datePublished\":\"2024-01-08T17:27:05+00:00\",\"dateModified\":\"2024-01-20T03:55:45+00:00\",\"breadcrumb\":{\"@id\":\"https:\/\/www.ethnos360.de\/web_neu\/product\/buschfunk\/#breadcrumb\"},\"inLanguage\":\"de\",\"potentialAction\":[{\"@type\":\"ReadAction\",\"target\":[\"https:\/\/www.ethnos360.de\/web_neu\/product\/buschfunk\/\"]}]},{\"@type\":\"ImageObject\",\"inLanguage\":\"de\",\"@id\":\"https:\/\/www.ethnos360.de\/web_neu\/product\/buschfunk\/#primaryimage\",\"url\":\"https:\/\/www.ethnos360.de\/web_neu\/wp-content\/uploads\/2024\/01\/buch_buschfunk.jpg\",\"contentUrl\":\"https:\/\/www.ethnos360.de\/web_neu\/wp-content\/uploads\/2024\/01\/buch_buschfunk.jpg\",\"width\":757,\"height\":1200},{\"@type\":\"BreadcrumbList\",\"@id\":\"https:\/\/www.ethnos360.de\/web_neu\/product\/buschfunk\/#breadcrumb\",\"itemListElement\":[{\"@type\":\"ListItem\",\"position\":1,\"name\":\"Startseite\",\"item\":\"https:\/\/www.ethnos360.de\/web_neu\/\"},{\"@type\":\"ListItem\",\"position\":2,\"name\":\"Shop\",\"item\":\"https:\/\/www.ethnos360.de\/web_neu\/shop\/\"},{\"@type\":\"ListItem\",\"position\":3,\"name\":\"Buschfunk\"}]},{\"@type\":\"WebSite\",\"@id\":\"https:\/\/www.ethnos360.de\/web_neu\/#website\",\"url\":\"https:\/\/www.ethnos360.de\/web_neu\/\",\"name\":\"Ethnos360\",\"description\":\"\u2026 AUS ALLEN SPRACHEN V\u00d6LKERN UND NATIONEN\",\"publisher\":{\"@id\":\"https:\/\/www.ethnos360.de\/web_neu\/#organization\"},\"potentialAction\":[{\"@type\":\"SearchAction\",\"target\":{\"@type\":\"EntryPoint\",\"urlTemplate\":\"https:\/\/www.ethnos360.de\/web_neu\/?s={search_term_string}\"},\"query-input\":{\"@type\":\"PropertyValueSpecification\",\"valueRequired\":true,\"valueName\":\"search_term_string\"}}],\"inLanguage\":\"de\"},{\"@type\":\"Organization\",\"@id\":\"https:\/\/www.ethnos360.de\/web_neu\/#organization\",\"name\":\"Ethnos360\",\"url\":\"https:\/\/www.ethnos360.de\/web_neu\/\",\"logo\":{\"@type\":\"ImageObject\",\"inLanguage\":\"de\",\"@id\":\"https:\/\/www.ethnos360.de\/web_neu\/#\/schema\/logo\/image\/\",\"url\":\"https:\/\/www.ethnos360.de\/web_neu\/wp-content\/uploads\/2023\/02\/logo.png\",\"contentUrl\":\"https:\/\/www.ethnos360.de\/web_neu\/wp-content\/uploads\/2023\/02\/logo.png\",\"width\":274,\"height\":180,\"caption\":\"Ethnos360\"},\"image\":{\"@id\":\"https:\/\/www.ethnos360.de\/web_neu\/#\/schema\/logo\/image\/\"},\"sameAs\":[\"https:\/\/www.facebook.com\/Ethnos360de\/\",\"https:\/\/www.instagram.com\/ethnos360de\/\",\"https:\/\/www.youtube.com\/channel\/UCwDxjbJYXz4fZDohci9WgmQ\"]}]}<\/script>\n<!-- \/ Yoast SEO plugin. -->","yoast_head_json":{"title":"Buschfunk - Ethnos360","robots":{"index":"noindex","follow":"follow","max-snippet":"max-snippet:-1","max-image-preview":"max-image-preview:large","max-video-preview":"max-video-preview:-1"},"og_locale":"de_DE","og_type":"article","og_title":"Buschfunk - Ethnos360","og_description":"BUSCHFUNK &#8211; Denkanst\u00f6\u00dfe aus der Mission zu dir nach Haus Hast du dich schon mal gefragt, wie man einem abgelegenen Volksstamm die Gute Nachricht weitersagt? M\u00f6chtest du gerne da, wo du lebst, den Missionsauftrag erf\u00fcllen, oder tr\u00e4umst du vielleicht davon, das Evangelium in einen entlegenen Winkel der Erde zu bringen? Aaron Luse hat genau das [&hellip;]","og_url":"https:\/\/www.ethnos360.de\/web_neu\/product\/buschfunk\/","og_site_name":"Ethnos360","article_publisher":"https:\/\/www.facebook.com\/Ethnos360de\/","article_modified_time":"2024-01-20T03:55:45+00:00","og_image":[{"width":757,"height":1200,"url":"https:\/\/www.ethnos360.de\/web_neu\/wp-content\/uploads\/2024\/01\/buch_buschfunk.jpg","type":"image\/jpeg"}],"twitter_card":"summary_large_image","twitter_misc":{"Gesch\u00e4tzte Lesezeit":"1\u00a0Minute"},"schema":{"@context":"https:\/\/schema.org","@graph":[{"@type":"WebPage","@id":"https:\/\/www.ethnos360.de\/web_neu\/product\/buschfunk\/","url":"https:\/\/www.ethnos360.de\/web_neu\/product\/buschfunk\/","name":"Buschfunk - Ethnos360","isPartOf":{"@id":"https:\/\/www.ethnos360.de\/web_neu\/#website"},"primaryImageOfPage":{"@id":"https:\/\/www.ethnos360.de\/web_neu\/product\/buschfunk\/#primaryimage"},"image":{"@id":"https:\/\/www.ethnos360.de\/web_neu\/product\/buschfunk\/#primaryimage"},"thumbnailUrl":"https:\/\/www.ethnos360.de\/web_neu\/wp-content\/uploads\/2024\/01\/buch_buschfunk.jpg","datePublished":"2024-01-08T17:27:05+00:00","dateModified":"2024-01-20T03:55:45+00:00","breadcrumb":{"@id":"https:\/\/www.ethnos360.de\/web_neu\/product\/buschfunk\/#breadcrumb"},"inLanguage":"de","potentialAction":[{"@type":"ReadAction","target":["https:\/\/www.ethnos360.de\/web_neu\/product\/buschfunk\/"]}]},{"@type":"ImageObject","inLanguage":"de","@id":"https:\/\/www.ethnos360.de\/web_neu\/product\/buschfunk\/#primaryimage","url":"https:\/\/www.ethnos360.de\/web_neu\/wp-content\/uploads\/2024\/01\/buch_buschfunk.jpg","contentUrl":"https:\/\/www.ethnos360.de\/web_neu\/wp-content\/uploads\/2024\/01\/buch_buschfunk.jpg","width":757,"height":1200},{"@type":"BreadcrumbList","@id":"https:\/\/www.ethnos360.de\/web_neu\/product\/buschfunk\/#breadcrumb","itemListElement":[{"@type":"ListItem","position":1,"name":"Startseite","item":"https:\/\/www.ethnos360.de\/web_neu\/"},{"@type":"ListItem","position":2,"name":"Shop","item":"https:\/\/www.ethnos360.de\/web_neu\/shop\/"},{"@type":"ListItem","position":3,"name":"Buschfunk"}]},{"@type":"WebSite","@id":"https:\/\/www.ethnos360.de\/web_neu\/#website","url":"https:\/\/www.ethnos360.de\/web_neu\/","name":"Ethnos360","description":"\u2026 AUS ALLEN SPRACHEN V\u00d6LKERN UND NATIONEN","publisher":{"@id":"https:\/\/www.ethnos360.de\/web_neu\/#organization"},"potentialAction":[{"@type":"SearchAction","target":{"@type":"EntryPoint","urlTemplate":"https:\/\/www.ethnos360.de\/web_neu\/?s={search_term_string}"},"query-input":{"@type":"PropertyValueSpecification","valueRequired":true,"valueName":"search_term_string"}}],"inLanguage":"de"},{"@type":"Organization","@id":"https:\/\/www.ethnos360.de\/web_neu\/#organization","name":"Ethnos360","url":"https:\/\/www.ethnos360.de\/web_neu\/","logo":{"@type":"ImageObject","inLanguage":"de","@id":"https:\/\/www.ethnos360.de\/web_neu\/#\/schema\/logo\/image\/","url":"https:\/\/www.ethnos360.de\/web_neu\/wp-content\/uploads\/2023\/02\/logo.png","contentUrl":"https:\/\/www.ethnos360.de\/web_neu\/wp-content\/uploads\/2023\/02\/logo.png","width":274,"height":180,"caption":"Ethnos360"},"image":{"@id":"https:\/\/www.ethnos360.de\/web_neu\/#\/schema\/logo\/image\/"},"sameAs":["https:\/\/www.facebook.com\/Ethnos360de\/","https:\/\/www.instagram.com\/ethnos360de\/","https:\/\/www.youtube.com\/channel\/UCwDxjbJYXz4fZDohci9WgmQ"]}]}},"_links":{"self":[{"href":"https:\/\/www.ethnos360.de\/web_neu\/wp-json\/wp\/v2\/product\/20346","targetHints":{"allow":["GET"]}}],"collection":[{"href":"https:\/\/www.ethnos360.de\/web_neu\/wp-json\/wp\/v2\/product"}],"about":[{"href":"https:\/\/www.ethnos360.de\/web_neu\/wp-json\/wp\/v2\/types\/product"}],"wp:featuredmedia":[{"embeddable":true,"href":"https:\/\/www.ethnos360.de\/web_neu\/wp-json\/wp\/v2\/media\/20369"}],"wp:attachment":[{"href":"https:\/\/www.ethnos360.de\/web_neu\/wp-json\/wp\/v2\/media?parent=20346"}],"wp:term":[{"taxonomy":"product_brand","embeddable":true,"href":"https:\/\/www.ethnos360.de\/web_neu\/wp-json\/wp\/v2\/product_brand?post=20346"},{"taxonomy":"product_cat","embeddable":true,"href":"https:\/\/www.ethnos360.de\/web_neu\/wp-json\/wp\/v2\/product_cat?post=20346"},{"taxonomy":"product_tag","embeddable":true,"href":"https:\/\/www.ethnos360.de\/web_neu\/wp-json\/wp\/v2\/product_tag?post=20346"}],"curies":[{"name":"wp","href":"https:\/\/api.w.org\/{rel}","templated":true}]}}