{"id":20343,"date":"2024-01-08T18:27:05","date_gmt":"2024-01-08T17:27:05","guid":{"rendered":"https:\/\/ethnos360.de\/web_neu\/?post_type=product&#038;p=20343"},"modified":"2024-01-13T17:17:34","modified_gmt":"2024-01-13T16:17:34","slug":"rueckkehr-aus-dem-ausland","status":"publish","type":"product","link":"https:\/\/www.ethnos360.de\/web_neu\/product\/rueckkehr-aus-dem-ausland\/","title":{"rendered":"R\u00fcckkehr aus dem Ausland"},"content":{"rendered":"<p>SIE HABEN IM AUSLAND GELEBT.<br \/>\nNUN KEHREN SIE ZUR\u00dcCK IN DIE \u201eHEIMAT\u201c.<br \/>\nDort angekommen stellen Sie fest, dass sich Vieles ver\u00e4ndert hat.<br \/>\nAuch Sie haben sich ver\u00e4ndert in der Zeit im Ausland. Dieses Buch ist ein Leitfaden f\u00fcr die Zeit des Abschiednehmens aus dem Ausland und die Re\u2011Integration nach dem Auslandsaufenthalt.<\/p>\n<p>In diesem Buch erhalten Sie wertvolle Tipps<\/p>\n<p>\u2022 f\u00fcr die optimale Vorbereitung der R\u00fcckkehr<\/p>\n<p>\u2022 f\u00fcr einen \u00dcberblick \u00fcber potentielle Stressfaktoren und Bew\u00e4ltigungsstrategien<\/p>\n<p>\u2022 f\u00fcr den Umgang mit Re-Integrations-Dynamiken<\/p>\n<p>\u2022 wie Sie im Berufs- und Privatleben von Ihrer Auslandserfahrung profitieren<\/p>\n<p>\u2022 f\u00fcr die besonderen Herausforderungen einer R\u00fcckkehr mit Kindern und Jugendlichen<\/p>\n<p>&nbsp;<\/p>\n<p>&nbsp;<\/p>\n","protected":false},"excerpt":{"rendered":"<p>SIE HABEN IM AUSLAND GELEBT. NUN KEHREN SIE ZUR\u00dcCK IN DIE \u201eHEIMAT\u201c. Dort angekommen stellen Sie fest, dass sich Vieles ver\u00e4ndert hat. Auch Sie haben sich ver\u00e4ndert in der Zeit im Ausland. Dieses Buch ist ein Leitfaden f\u00fcr die Zeit des Abschiednehmens aus dem Ausland und die Re\u2011Integration nach dem Auslandsaufenthalt. In diesem Buch erhalten [&hellip;]<\/p>\n","protected":false},"featured_media":20365,"template":"","meta":{"site-sidebar-layout":"default","site-content-layout":"default","ast-site-content-layout":"default","site-content-style":"default","site-sidebar-style":"default","ast-global-header-display":"","ast-banner-title-visibility":"","ast-main-header-display":"","ast-hfb-above-header-display":"","ast-hfb-below-header-display":"","ast-hfb-mobile-header-display":"","site-post-title":"","ast-breadcrumbs-content":"","ast-featured-img":"","footer-sml-layout":"","theme-transparent-header-meta":"default","adv-header-id-meta":"","stick-header-meta":"","header-above-stick-meta":"","header-main-stick-meta":"","header-below-stick-meta":"","astra-migrate-meta-layouts":"default","ast-page-background-enabled":"default","ast-page-background-meta":{"desktop":{"background-color":"","background-image":"","background-repeat":"repeat","background-position":"center center","background-size":"auto","background-attachment":"scroll","background-type":"","background-media":"","overlay-type":"","overlay-color":"","overlay-opacity":"","overlay-gradient":""},"tablet":{"background-color":"","background-image":"","background-repeat":"repeat","background-position":"center center","background-size":"auto","background-attachment":"scroll","background-type":"","background-media":"","overlay-type":"","overlay-color":"","overlay-opacity":"","overlay-gradient":""},"mobile":{"background-color":"","background-image":"","background-repeat":"repeat","background-position":"center center","background-size":"auto","background-attachment":"scroll","background-type":"","background-media":"","overlay-type":"","overlay-color":"","overlay-opacity":"","overlay-gradient":""}},"ast-content-background-meta":{"desktop":{"background-color":"var(--ast-global-color-5)","background-image":"","background-repeat":"repeat","background-position":"center center","background-size":"auto","background-attachment":"scroll","background-type":"","background-media":"","overlay-type":"","overlay-color":"","overlay-opacity":"","overlay-gradient":""},"tablet":{"background-color":"var(--ast-global-color-5)","background-image":"","background-repeat":"repeat","background-position":"center center","background-size":"auto","background-attachment":"scroll","background-type":"","background-media":"","overlay-type":"","overlay-color":"","overlay-opacity":"","overlay-gradient":""},"mobile":{"background-color":"var(--ast-global-color-5)","background-image":"","background-repeat":"repeat","background-position":"center center","background-size":"auto","background-attachment":"scroll","background-type":"","background-media":"","overlay-type":"","overlay-color":"","overlay-opacity":"","overlay-gradient":""}}},"product_brand":[],"product_cat":[96],"product_tag":[],"class_list":{"0":"post-20343","1":"product","2":"type-product","3":"status-publish","4":"has-post-thumbnail","6":"product_cat-buecher","7":"desktop-align-left","8":"tablet-align-left","9":"mobile-align-left","11":"first","12":"instock","13":"taxable","14":"shipping-taxable","15":"purchasable","16":"product-type-simple"},"yoast_head":"<!-- This site is optimized with the Yoast SEO plugin v26.4 - https:\/\/yoast.com\/wordpress\/plugins\/seo\/ -->\n<title>R\u00fcckkehr aus dem Ausland - Ethnos360<\/title>\n<meta name=\"robots\" content=\"noindex, follow, max-snippet:-1, max-image-preview:large, max-video-preview:-1\" \/>\n<meta property=\"og:locale\" content=\"de_DE\" \/>\n<meta property=\"og:type\" content=\"article\" \/>\n<meta property=\"og:title\" content=\"R\u00fcckkehr aus dem Ausland - Ethnos360\" \/>\n<meta property=\"og:description\" content=\"SIE HABEN IM AUSLAND GELEBT. NUN KEHREN SIE ZUR\u00dcCK IN DIE \u201eHEIMAT\u201c. Dort angekommen stellen Sie fest, dass sich Vieles ver\u00e4ndert hat. Auch Sie haben sich ver\u00e4ndert in der Zeit im Ausland. Dieses Buch ist ein Leitfaden f\u00fcr die Zeit des Abschiednehmens aus dem Ausland und die Re\u2011Integration nach dem Auslandsaufenthalt. In diesem Buch erhalten [&hellip;]\" \/>\n<meta property=\"og:url\" content=\"https:\/\/www.ethnos360.de\/web_neu\/product\/rueckkehr-aus-dem-ausland\/\" \/>\n<meta property=\"og:site_name\" content=\"Ethnos360\" \/>\n<meta property=\"article:publisher\" content=\"https:\/\/www.facebook.com\/Ethnos360de\/\" \/>\n<meta property=\"article:modified_time\" content=\"2024-01-13T16:17:34+00:00\" \/>\n<meta property=\"og:image\" content=\"https:\/\/www.ethnos360.de\/web_neu\/wp-content\/uploads\/2024\/01\/rckkehr_aus_dem_ausland.jpg\" \/>\n\t<meta property=\"og:image:width\" content=\"314\" \/>\n\t<meta property=\"og:image:height\" content=\"500\" \/>\n\t<meta property=\"og:image:type\" content=\"image\/jpeg\" \/>\n<meta name=\"twitter:card\" content=\"summary_large_image\" \/>\n<meta name=\"twitter:label1\" content=\"Gesch\u00e4tzte Lesezeit\" \/>\n\t<meta name=\"twitter:data1\" content=\"1\u00a0Minute\" \/>\n<script type=\"application\/ld+json\" class=\"yoast-schema-graph\">{\"@context\":\"https:\/\/schema.org\",\"@graph\":[{\"@type\":\"WebPage\",\"@id\":\"https:\/\/www.ethnos360.de\/web_neu\/product\/rueckkehr-aus-dem-ausland\/\",\"url\":\"https:\/\/www.ethnos360.de\/web_neu\/product\/rueckkehr-aus-dem-ausland\/\",\"name\":\"R\u00fcckkehr aus dem Ausland - Ethnos360\",\"isPartOf\":{\"@id\":\"https:\/\/www.ethnos360.de\/web_neu\/#website\"},\"primaryImageOfPage\":{\"@id\":\"https:\/\/www.ethnos360.de\/web_neu\/product\/rueckkehr-aus-dem-ausland\/#primaryimage\"},\"image\":{\"@id\":\"https:\/\/www.ethnos360.de\/web_neu\/product\/rueckkehr-aus-dem-ausland\/#primaryimage\"},\"thumbnailUrl\":\"https:\/\/www.ethnos360.de\/web_neu\/wp-content\/uploads\/2024\/01\/rckkehr_aus_dem_ausland.jpg\",\"datePublished\":\"2024-01-08T17:27:05+00:00\",\"dateModified\":\"2024-01-13T16:17:34+00:00\",\"breadcrumb\":{\"@id\":\"https:\/\/www.ethnos360.de\/web_neu\/product\/rueckkehr-aus-dem-ausland\/#breadcrumb\"},\"inLanguage\":\"de\",\"potentialAction\":[{\"@type\":\"ReadAction\",\"target\":[\"https:\/\/www.ethnos360.de\/web_neu\/product\/rueckkehr-aus-dem-ausland\/\"]}]},{\"@type\":\"ImageObject\",\"inLanguage\":\"de\",\"@id\":\"https:\/\/www.ethnos360.de\/web_neu\/product\/rueckkehr-aus-dem-ausland\/#primaryimage\",\"url\":\"https:\/\/www.ethnos360.de\/web_neu\/wp-content\/uploads\/2024\/01\/rckkehr_aus_dem_ausland.jpg\",\"contentUrl\":\"https:\/\/www.ethnos360.de\/web_neu\/wp-content\/uploads\/2024\/01\/rckkehr_aus_dem_ausland.jpg\",\"width\":314,\"height\":500},{\"@type\":\"BreadcrumbList\",\"@id\":\"https:\/\/www.ethnos360.de\/web_neu\/product\/rueckkehr-aus-dem-ausland\/#breadcrumb\",\"itemListElement\":[{\"@type\":\"ListItem\",\"position\":1,\"name\":\"Startseite\",\"item\":\"https:\/\/www.ethnos360.de\/web_neu\/\"},{\"@type\":\"ListItem\",\"position\":2,\"name\":\"Shop\",\"item\":\"https:\/\/www.ethnos360.de\/web_neu\/shop\/\"},{\"@type\":\"ListItem\",\"position\":3,\"name\":\"R\u00fcckkehr aus dem Ausland\"}]},{\"@type\":\"WebSite\",\"@id\":\"https:\/\/www.ethnos360.de\/web_neu\/#website\",\"url\":\"https:\/\/www.ethnos360.de\/web_neu\/\",\"name\":\"Ethnos360\",\"description\":\"\u2026 AUS ALLEN SPRACHEN V\u00d6LKERN UND NATIONEN\",\"publisher\":{\"@id\":\"https:\/\/www.ethnos360.de\/web_neu\/#organization\"},\"potentialAction\":[{\"@type\":\"SearchAction\",\"target\":{\"@type\":\"EntryPoint\",\"urlTemplate\":\"https:\/\/www.ethnos360.de\/web_neu\/?s={search_term_string}\"},\"query-input\":{\"@type\":\"PropertyValueSpecification\",\"valueRequired\":true,\"valueName\":\"search_term_string\"}}],\"inLanguage\":\"de\"},{\"@type\":\"Organization\",\"@id\":\"https:\/\/www.ethnos360.de\/web_neu\/#organization\",\"name\":\"Ethnos360\",\"url\":\"https:\/\/www.ethnos360.de\/web_neu\/\",\"logo\":{\"@type\":\"ImageObject\",\"inLanguage\":\"de\",\"@id\":\"https:\/\/www.ethnos360.de\/web_neu\/#\/schema\/logo\/image\/\",\"url\":\"https:\/\/www.ethnos360.de\/web_neu\/wp-content\/uploads\/2023\/02\/logo.png\",\"contentUrl\":\"https:\/\/www.ethnos360.de\/web_neu\/wp-content\/uploads\/2023\/02\/logo.png\",\"width\":274,\"height\":180,\"caption\":\"Ethnos360\"},\"image\":{\"@id\":\"https:\/\/www.ethnos360.de\/web_neu\/#\/schema\/logo\/image\/\"},\"sameAs\":[\"https:\/\/www.facebook.com\/Ethnos360de\/\",\"https:\/\/www.instagram.com\/ethnos360de\/\",\"https:\/\/www.youtube.com\/channel\/UCwDxjbJYXz4fZDohci9WgmQ\"]}]}<\/script>\n<!-- \/ Yoast SEO plugin. -->","yoast_head_json":{"title":"R\u00fcckkehr aus dem Ausland - Ethnos360","robots":{"index":"noindex","follow":"follow","max-snippet":"max-snippet:-1","max-image-preview":"max-image-preview:large","max-video-preview":"max-video-preview:-1"},"og_locale":"de_DE","og_type":"article","og_title":"R\u00fcckkehr aus dem Ausland - Ethnos360","og_description":"SIE HABEN IM AUSLAND GELEBT. NUN KEHREN SIE ZUR\u00dcCK IN DIE \u201eHEIMAT\u201c. Dort angekommen stellen Sie fest, dass sich Vieles ver\u00e4ndert hat. Auch Sie haben sich ver\u00e4ndert in der Zeit im Ausland. Dieses Buch ist ein Leitfaden f\u00fcr die Zeit des Abschiednehmens aus dem Ausland und die Re\u2011Integration nach dem Auslandsaufenthalt. In diesem Buch erhalten [&hellip;]","og_url":"https:\/\/www.ethnos360.de\/web_neu\/product\/rueckkehr-aus-dem-ausland\/","og_site_name":"Ethnos360","article_publisher":"https:\/\/www.facebook.com\/Ethnos360de\/","article_modified_time":"2024-01-13T16:17:34+00:00","og_image":[{"width":314,"height":500,"url":"https:\/\/www.ethnos360.de\/web_neu\/wp-content\/uploads\/2024\/01\/rckkehr_aus_dem_ausland.jpg","type":"image\/jpeg"}],"twitter_card":"summary_large_image","twitter_misc":{"Gesch\u00e4tzte Lesezeit":"1\u00a0Minute"},"schema":{"@context":"https:\/\/schema.org","@graph":[{"@type":"WebPage","@id":"https:\/\/www.ethnos360.de\/web_neu\/product\/rueckkehr-aus-dem-ausland\/","url":"https:\/\/www.ethnos360.de\/web_neu\/product\/rueckkehr-aus-dem-ausland\/","name":"R\u00fcckkehr aus dem Ausland - Ethnos360","isPartOf":{"@id":"https:\/\/www.ethnos360.de\/web_neu\/#website"},"primaryImageOfPage":{"@id":"https:\/\/www.ethnos360.de\/web_neu\/product\/rueckkehr-aus-dem-ausland\/#primaryimage"},"image":{"@id":"https:\/\/www.ethnos360.de\/web_neu\/product\/rueckkehr-aus-dem-ausland\/#primaryimage"},"thumbnailUrl":"https:\/\/www.ethnos360.de\/web_neu\/wp-content\/uploads\/2024\/01\/rckkehr_aus_dem_ausland.jpg","datePublished":"2024-01-08T17:27:05+00:00","dateModified":"2024-01-13T16:17:34+00:00","breadcrumb":{"@id":"https:\/\/www.ethnos360.de\/web_neu\/product\/rueckkehr-aus-dem-ausland\/#breadcrumb"},"inLanguage":"de","potentialAction":[{"@type":"ReadAction","target":["https:\/\/www.ethnos360.de\/web_neu\/product\/rueckkehr-aus-dem-ausland\/"]}]},{"@type":"ImageObject","inLanguage":"de","@id":"https:\/\/www.ethnos360.de\/web_neu\/product\/rueckkehr-aus-dem-ausland\/#primaryimage","url":"https:\/\/www.ethnos360.de\/web_neu\/wp-content\/uploads\/2024\/01\/rckkehr_aus_dem_ausland.jpg","contentUrl":"https:\/\/www.ethnos360.de\/web_neu\/wp-content\/uploads\/2024\/01\/rckkehr_aus_dem_ausland.jpg","width":314,"height":500},{"@type":"BreadcrumbList","@id":"https:\/\/www.ethnos360.de\/web_neu\/product\/rueckkehr-aus-dem-ausland\/#breadcrumb","itemListElement":[{"@type":"ListItem","position":1,"name":"Startseite","item":"https:\/\/www.ethnos360.de\/web_neu\/"},{"@type":"ListItem","position":2,"name":"Shop","item":"https:\/\/www.ethnos360.de\/web_neu\/shop\/"},{"@type":"ListItem","position":3,"name":"R\u00fcckkehr aus dem Ausland"}]},{"@type":"WebSite","@id":"https:\/\/www.ethnos360.de\/web_neu\/#website","url":"https:\/\/www.ethnos360.de\/web_neu\/","name":"Ethnos360","description":"\u2026 AUS ALLEN SPRACHEN V\u00d6LKERN UND NATIONEN","publisher":{"@id":"https:\/\/www.ethnos360.de\/web_neu\/#organization"},"potentialAction":[{"@type":"SearchAction","target":{"@type":"EntryPoint","urlTemplate":"https:\/\/www.ethnos360.de\/web_neu\/?s={search_term_string}"},"query-input":{"@type":"PropertyValueSpecification","valueRequired":true,"valueName":"search_term_string"}}],"inLanguage":"de"},{"@type":"Organization","@id":"https:\/\/www.ethnos360.de\/web_neu\/#organization","name":"Ethnos360","url":"https:\/\/www.ethnos360.de\/web_neu\/","logo":{"@type":"ImageObject","inLanguage":"de","@id":"https:\/\/www.ethnos360.de\/web_neu\/#\/schema\/logo\/image\/","url":"https:\/\/www.ethnos360.de\/web_neu\/wp-content\/uploads\/2023\/02\/logo.png","contentUrl":"https:\/\/www.ethnos360.de\/web_neu\/wp-content\/uploads\/2023\/02\/logo.png","width":274,"height":180,"caption":"Ethnos360"},"image":{"@id":"https:\/\/www.ethnos360.de\/web_neu\/#\/schema\/logo\/image\/"},"sameAs":["https:\/\/www.facebook.com\/Ethnos360de\/","https:\/\/www.instagram.com\/ethnos360de\/","https:\/\/www.youtube.com\/channel\/UCwDxjbJYXz4fZDohci9WgmQ"]}]}},"_links":{"self":[{"href":"https:\/\/www.ethnos360.de\/web_neu\/wp-json\/wp\/v2\/product\/20343","targetHints":{"allow":["GET"]}}],"collection":[{"href":"https:\/\/www.ethnos360.de\/web_neu\/wp-json\/wp\/v2\/product"}],"about":[{"href":"https:\/\/www.ethnos360.de\/web_neu\/wp-json\/wp\/v2\/types\/product"}],"wp:featuredmedia":[{"embeddable":true,"href":"https:\/\/www.ethnos360.de\/web_neu\/wp-json\/wp\/v2\/media\/20365"}],"wp:attachment":[{"href":"https:\/\/www.ethnos360.de\/web_neu\/wp-json\/wp\/v2\/media?parent=20343"}],"wp:term":[{"taxonomy":"product_brand","embeddable":true,"href":"https:\/\/www.ethnos360.de\/web_neu\/wp-json\/wp\/v2\/product_brand?post=20343"},{"taxonomy":"product_cat","embeddable":true,"href":"https:\/\/www.ethnos360.de\/web_neu\/wp-json\/wp\/v2\/product_cat?post=20343"},{"taxonomy":"product_tag","embeddable":true,"href":"https:\/\/www.ethnos360.de\/web_neu\/wp-json\/wp\/v2\/product_tag?post=20343"}],"curies":[{"name":"wp","href":"https:\/\/api.w.org\/{rel}","templated":true}]}}