{"id":20342,"date":"2024-01-08T18:27:05","date_gmt":"2024-01-08T17:27:05","guid":{"rendered":"https:\/\/ethnos360.de\/web_neu\/?post_type=product&#038;p=20342"},"modified":"2024-01-13T17:43:45","modified_gmt":"2024-01-13T16:43:45","slug":"hudson-auf-einer-mission","status":"publish","type":"product","link":"https:\/\/www.ethnos360.de\/web_neu\/product\/hudson-auf-einer-mission\/","title":{"rendered":"Hudson auf einer Mission"},"content":{"rendered":"<p>Sehr sch\u00f6n gestaltetes Kinderbuch von einer Missionarsfamilie<\/p>\n<p>&nbsp;<\/p>\n<p><span class=\"fontstyle0\">\u00dcber die Geschichte:<\/span><\/p>\n<p><span class=\"fontstyle0\">Hudsons Familie m\u00f6chte in Miats Dorf ziehen, um den Leuten dort von Jesus zu erz\u00e4hlen. Aber<br \/>\ndahin wandern k\u00f6nnen sie nicht! Doch die Piloten von Ethnos360 Aviation k\u00f6nnen sie in einem<br \/>\nR66 Helikopter in Miats Dorf einfliegen. So kann das gro\u00dfe Abenteuer beginnen: das Lernen<br \/>\neiner v\u00f6llig fremden Sprache, das \u00dcbersetzen der Bibel und das Weitergeben der wichtigen<br \/>\nBotschaft an ihre neuen Freunde, dass Gott sie unendlich liebt.<\/span><\/p>\n<p>&nbsp;<\/p>\n<p><span class=\"fontstyle0\">\u00dcber den Autor:<\/span><\/p>\n<p><span class=\"fontstyle0\">Der kleine Hudson ist neugierig und gespr\u00e4chig und immer bereit, seinem Papa<br \/>\nund seiner Mama zu helfen. Seine Eltern, Jim und Rachel, haben auf Gottes<br \/>\nRuf in die Missionsarbeit mit Ethnos360 geh\u00f6rt und ihr Zuhause in Texas, USA,<br \/>\nverlassen, um die Reise anzutreten, die Gott f\u00fcr sie vorbereitet hatte. Dieses<br \/>\nBuch wurde verfasst, um Hudson zu helfen, die Vorbereitungen seiner Familie auf<br \/>\neinen Missionsdienst unter Unerreichten im fernen Asien besser nachvollziehen<br \/>\nzu k\u00f6nnen. <\/span><\/p>\n<p><span class=\"fontstyle0\">Nun hoffen Hudsons Eltern, dass diese Geschichte auch anderen<br \/>\nFamilien hilft, kultur\u00fcbergreifende Missionsarbeit besser zu verstehen.<br \/>\n<\/span><\/p>\n","protected":false},"excerpt":{"rendered":"<p>Sehr sch\u00f6n gestaltetes Kinderbuch von einer Missionarsfamilie &nbsp; \u00dcber die Geschichte: Hudsons Familie m\u00f6chte in Miats Dorf ziehen, um den Leuten dort von Jesus zu erz\u00e4hlen. Aber dahin wandern k\u00f6nnen sie nicht! Doch die Piloten von Ethnos360 Aviation k\u00f6nnen sie in einem R66 Helikopter in Miats Dorf einfliegen. So kann das gro\u00dfe Abenteuer beginnen: das [&hellip;]<\/p>\n","protected":false},"featured_media":20362,"template":"","meta":{"site-sidebar-layout":"default","site-content-layout":"default","ast-site-content-layout":"default","site-content-style":"default","site-sidebar-style":"default","ast-global-header-display":"","ast-banner-title-visibility":"","ast-main-header-display":"","ast-hfb-above-header-display":"","ast-hfb-below-header-display":"","ast-hfb-mobile-header-display":"","site-post-title":"","ast-breadcrumbs-content":"","ast-featured-img":"","footer-sml-layout":"","theme-transparent-header-meta":"default","adv-header-id-meta":"","stick-header-meta":"","header-above-stick-meta":"","header-main-stick-meta":"","header-below-stick-meta":"","astra-migrate-meta-layouts":"default","ast-page-background-enabled":"default","ast-page-background-meta":{"desktop":{"background-color":"","background-image":"","background-repeat":"repeat","background-position":"center center","background-size":"auto","background-attachment":"scroll","background-type":"","background-media":"","overlay-type":"","overlay-color":"","overlay-opacity":"","overlay-gradient":""},"tablet":{"background-color":"","background-image":"","background-repeat":"repeat","background-position":"center center","background-size":"auto","background-attachment":"scroll","background-type":"","background-media":"","overlay-type":"","overlay-color":"","overlay-opacity":"","overlay-gradient":""},"mobile":{"background-color":"","background-image":"","background-repeat":"repeat","background-position":"center center","background-size":"auto","background-attachment":"scroll","background-type":"","background-media":"","overlay-type":"","overlay-color":"","overlay-opacity":"","overlay-gradient":""}},"ast-content-background-meta":{"desktop":{"background-color":"var(--ast-global-color-5)","background-image":"","background-repeat":"repeat","background-position":"center center","background-size":"auto","background-attachment":"scroll","background-type":"","background-media":"","overlay-type":"","overlay-color":"","overlay-opacity":"","overlay-gradient":""},"tablet":{"background-color":"var(--ast-global-color-5)","background-image":"","background-repeat":"repeat","background-position":"center center","background-size":"auto","background-attachment":"scroll","background-type":"","background-media":"","overlay-type":"","overlay-color":"","overlay-opacity":"","overlay-gradient":""},"mobile":{"background-color":"var(--ast-global-color-5)","background-image":"","background-repeat":"repeat","background-position":"center center","background-size":"auto","background-attachment":"scroll","background-type":"","background-media":"","overlay-type":"","overlay-color":"","overlay-opacity":"","overlay-gradient":""}}},"product_brand":[],"product_cat":[96],"product_tag":[],"class_list":{"0":"post-20342","1":"product","2":"type-product","3":"status-publish","4":"has-post-thumbnail","6":"product_cat-buecher","7":"desktop-align-left","8":"tablet-align-left","9":"mobile-align-left","11":"first","12":"instock","13":"taxable","14":"shipping-taxable","15":"purchasable","16":"product-type-simple"},"yoast_head":"<!-- This site is optimized with the Yoast SEO plugin v26.4 - https:\/\/yoast.com\/wordpress\/plugins\/seo\/ -->\n<title>Hudson auf einer Mission - Ethnos360<\/title>\n<meta name=\"robots\" content=\"noindex, follow, max-snippet:-1, max-image-preview:large, max-video-preview:-1\" \/>\n<meta property=\"og:locale\" content=\"de_DE\" \/>\n<meta property=\"og:type\" content=\"article\" \/>\n<meta property=\"og:title\" content=\"Hudson auf einer Mission - Ethnos360\" \/>\n<meta property=\"og:description\" content=\"Sehr sch\u00f6n gestaltetes Kinderbuch von einer Missionarsfamilie &nbsp; \u00dcber die Geschichte: Hudsons Familie m\u00f6chte in Miats Dorf ziehen, um den Leuten dort von Jesus zu erz\u00e4hlen. Aber dahin wandern k\u00f6nnen sie nicht! Doch die Piloten von Ethnos360 Aviation k\u00f6nnen sie in einem R66 Helikopter in Miats Dorf einfliegen. So kann das gro\u00dfe Abenteuer beginnen: das [&hellip;]\" \/>\n<meta property=\"og:url\" content=\"https:\/\/www.ethnos360.de\/web_neu\/product\/hudson-auf-einer-mission\/\" \/>\n<meta property=\"og:site_name\" content=\"Ethnos360\" \/>\n<meta property=\"article:publisher\" content=\"https:\/\/www.facebook.com\/Ethnos360de\/\" \/>\n<meta property=\"article:modified_time\" content=\"2024-01-13T16:43:45+00:00\" \/>\n<meta property=\"og:image\" content=\"https:\/\/www.ethnos360.de\/web_neu\/wp-content\/uploads\/2024\/01\/hudson_auf_einer_mission_01.jpg\" \/>\n\t<meta property=\"og:image:width\" content=\"1280\" \/>\n\t<meta property=\"og:image:height\" content=\"1280\" \/>\n\t<meta property=\"og:image:type\" content=\"image\/jpeg\" \/>\n<meta name=\"twitter:card\" content=\"summary_large_image\" \/>\n<meta name=\"twitter:label1\" content=\"Gesch\u00e4tzte Lesezeit\" \/>\n\t<meta name=\"twitter:data1\" content=\"2\u00a0Minuten\" \/>\n<script type=\"application\/ld+json\" class=\"yoast-schema-graph\">{\"@context\":\"https:\/\/schema.org\",\"@graph\":[{\"@type\":\"WebPage\",\"@id\":\"https:\/\/www.ethnos360.de\/web_neu\/product\/hudson-auf-einer-mission\/\",\"url\":\"https:\/\/www.ethnos360.de\/web_neu\/product\/hudson-auf-einer-mission\/\",\"name\":\"Hudson auf einer Mission - Ethnos360\",\"isPartOf\":{\"@id\":\"https:\/\/www.ethnos360.de\/web_neu\/#website\"},\"primaryImageOfPage\":{\"@id\":\"https:\/\/www.ethnos360.de\/web_neu\/product\/hudson-auf-einer-mission\/#primaryimage\"},\"image\":{\"@id\":\"https:\/\/www.ethnos360.de\/web_neu\/product\/hudson-auf-einer-mission\/#primaryimage\"},\"thumbnailUrl\":\"https:\/\/www.ethnos360.de\/web_neu\/wp-content\/uploads\/2024\/01\/hudson_auf_einer_mission_01.jpg\",\"datePublished\":\"2024-01-08T17:27:05+00:00\",\"dateModified\":\"2024-01-13T16:43:45+00:00\",\"breadcrumb\":{\"@id\":\"https:\/\/www.ethnos360.de\/web_neu\/product\/hudson-auf-einer-mission\/#breadcrumb\"},\"inLanguage\":\"de\",\"potentialAction\":[{\"@type\":\"ReadAction\",\"target\":[\"https:\/\/www.ethnos360.de\/web_neu\/product\/hudson-auf-einer-mission\/\"]}]},{\"@type\":\"ImageObject\",\"inLanguage\":\"de\",\"@id\":\"https:\/\/www.ethnos360.de\/web_neu\/product\/hudson-auf-einer-mission\/#primaryimage\",\"url\":\"https:\/\/www.ethnos360.de\/web_neu\/wp-content\/uploads\/2024\/01\/hudson_auf_einer_mission_01.jpg\",\"contentUrl\":\"https:\/\/www.ethnos360.de\/web_neu\/wp-content\/uploads\/2024\/01\/hudson_auf_einer_mission_01.jpg\",\"width\":1280,\"height\":1280},{\"@type\":\"BreadcrumbList\",\"@id\":\"https:\/\/www.ethnos360.de\/web_neu\/product\/hudson-auf-einer-mission\/#breadcrumb\",\"itemListElement\":[{\"@type\":\"ListItem\",\"position\":1,\"name\":\"Startseite\",\"item\":\"https:\/\/www.ethnos360.de\/web_neu\/\"},{\"@type\":\"ListItem\",\"position\":2,\"name\":\"Shop\",\"item\":\"https:\/\/www.ethnos360.de\/web_neu\/shop\/\"},{\"@type\":\"ListItem\",\"position\":3,\"name\":\"Hudson auf einer Mission\"}]},{\"@type\":\"WebSite\",\"@id\":\"https:\/\/www.ethnos360.de\/web_neu\/#website\",\"url\":\"https:\/\/www.ethnos360.de\/web_neu\/\",\"name\":\"Ethnos360\",\"description\":\"\u2026 AUS ALLEN SPRACHEN V\u00d6LKERN UND NATIONEN\",\"publisher\":{\"@id\":\"https:\/\/www.ethnos360.de\/web_neu\/#organization\"},\"potentialAction\":[{\"@type\":\"SearchAction\",\"target\":{\"@type\":\"EntryPoint\",\"urlTemplate\":\"https:\/\/www.ethnos360.de\/web_neu\/?s={search_term_string}\"},\"query-input\":{\"@type\":\"PropertyValueSpecification\",\"valueRequired\":true,\"valueName\":\"search_term_string\"}}],\"inLanguage\":\"de\"},{\"@type\":\"Organization\",\"@id\":\"https:\/\/www.ethnos360.de\/web_neu\/#organization\",\"name\":\"Ethnos360\",\"url\":\"https:\/\/www.ethnos360.de\/web_neu\/\",\"logo\":{\"@type\":\"ImageObject\",\"inLanguage\":\"de\",\"@id\":\"https:\/\/www.ethnos360.de\/web_neu\/#\/schema\/logo\/image\/\",\"url\":\"https:\/\/www.ethnos360.de\/web_neu\/wp-content\/uploads\/2023\/02\/logo.png\",\"contentUrl\":\"https:\/\/www.ethnos360.de\/web_neu\/wp-content\/uploads\/2023\/02\/logo.png\",\"width\":274,\"height\":180,\"caption\":\"Ethnos360\"},\"image\":{\"@id\":\"https:\/\/www.ethnos360.de\/web_neu\/#\/schema\/logo\/image\/\"},\"sameAs\":[\"https:\/\/www.facebook.com\/Ethnos360de\/\",\"https:\/\/www.instagram.com\/ethnos360de\/\",\"https:\/\/www.youtube.com\/channel\/UCwDxjbJYXz4fZDohci9WgmQ\"]}]}<\/script>\n<!-- \/ Yoast SEO plugin. -->","yoast_head_json":{"title":"Hudson auf einer Mission - Ethnos360","robots":{"index":"noindex","follow":"follow","max-snippet":"max-snippet:-1","max-image-preview":"max-image-preview:large","max-video-preview":"max-video-preview:-1"},"og_locale":"de_DE","og_type":"article","og_title":"Hudson auf einer Mission - Ethnos360","og_description":"Sehr sch\u00f6n gestaltetes Kinderbuch von einer Missionarsfamilie &nbsp; \u00dcber die Geschichte: Hudsons Familie m\u00f6chte in Miats Dorf ziehen, um den Leuten dort von Jesus zu erz\u00e4hlen. Aber dahin wandern k\u00f6nnen sie nicht! Doch die Piloten von Ethnos360 Aviation k\u00f6nnen sie in einem R66 Helikopter in Miats Dorf einfliegen. So kann das gro\u00dfe Abenteuer beginnen: das [&hellip;]","og_url":"https:\/\/www.ethnos360.de\/web_neu\/product\/hudson-auf-einer-mission\/","og_site_name":"Ethnos360","article_publisher":"https:\/\/www.facebook.com\/Ethnos360de\/","article_modified_time":"2024-01-13T16:43:45+00:00","og_image":[{"width":1280,"height":1280,"url":"https:\/\/www.ethnos360.de\/web_neu\/wp-content\/uploads\/2024\/01\/hudson_auf_einer_mission_01.jpg","type":"image\/jpeg"}],"twitter_card":"summary_large_image","twitter_misc":{"Gesch\u00e4tzte Lesezeit":"2\u00a0Minuten"},"schema":{"@context":"https:\/\/schema.org","@graph":[{"@type":"WebPage","@id":"https:\/\/www.ethnos360.de\/web_neu\/product\/hudson-auf-einer-mission\/","url":"https:\/\/www.ethnos360.de\/web_neu\/product\/hudson-auf-einer-mission\/","name":"Hudson auf einer Mission - Ethnos360","isPartOf":{"@id":"https:\/\/www.ethnos360.de\/web_neu\/#website"},"primaryImageOfPage":{"@id":"https:\/\/www.ethnos360.de\/web_neu\/product\/hudson-auf-einer-mission\/#primaryimage"},"image":{"@id":"https:\/\/www.ethnos360.de\/web_neu\/product\/hudson-auf-einer-mission\/#primaryimage"},"thumbnailUrl":"https:\/\/www.ethnos360.de\/web_neu\/wp-content\/uploads\/2024\/01\/hudson_auf_einer_mission_01.jpg","datePublished":"2024-01-08T17:27:05+00:00","dateModified":"2024-01-13T16:43:45+00:00","breadcrumb":{"@id":"https:\/\/www.ethnos360.de\/web_neu\/product\/hudson-auf-einer-mission\/#breadcrumb"},"inLanguage":"de","potentialAction":[{"@type":"ReadAction","target":["https:\/\/www.ethnos360.de\/web_neu\/product\/hudson-auf-einer-mission\/"]}]},{"@type":"ImageObject","inLanguage":"de","@id":"https:\/\/www.ethnos360.de\/web_neu\/product\/hudson-auf-einer-mission\/#primaryimage","url":"https:\/\/www.ethnos360.de\/web_neu\/wp-content\/uploads\/2024\/01\/hudson_auf_einer_mission_01.jpg","contentUrl":"https:\/\/www.ethnos360.de\/web_neu\/wp-content\/uploads\/2024\/01\/hudson_auf_einer_mission_01.jpg","width":1280,"height":1280},{"@type":"BreadcrumbList","@id":"https:\/\/www.ethnos360.de\/web_neu\/product\/hudson-auf-einer-mission\/#breadcrumb","itemListElement":[{"@type":"ListItem","position":1,"name":"Startseite","item":"https:\/\/www.ethnos360.de\/web_neu\/"},{"@type":"ListItem","position":2,"name":"Shop","item":"https:\/\/www.ethnos360.de\/web_neu\/shop\/"},{"@type":"ListItem","position":3,"name":"Hudson auf einer Mission"}]},{"@type":"WebSite","@id":"https:\/\/www.ethnos360.de\/web_neu\/#website","url":"https:\/\/www.ethnos360.de\/web_neu\/","name":"Ethnos360","description":"\u2026 AUS ALLEN SPRACHEN V\u00d6LKERN UND NATIONEN","publisher":{"@id":"https:\/\/www.ethnos360.de\/web_neu\/#organization"},"potentialAction":[{"@type":"SearchAction","target":{"@type":"EntryPoint","urlTemplate":"https:\/\/www.ethnos360.de\/web_neu\/?s={search_term_string}"},"query-input":{"@type":"PropertyValueSpecification","valueRequired":true,"valueName":"search_term_string"}}],"inLanguage":"de"},{"@type":"Organization","@id":"https:\/\/www.ethnos360.de\/web_neu\/#organization","name":"Ethnos360","url":"https:\/\/www.ethnos360.de\/web_neu\/","logo":{"@type":"ImageObject","inLanguage":"de","@id":"https:\/\/www.ethnos360.de\/web_neu\/#\/schema\/logo\/image\/","url":"https:\/\/www.ethnos360.de\/web_neu\/wp-content\/uploads\/2023\/02\/logo.png","contentUrl":"https:\/\/www.ethnos360.de\/web_neu\/wp-content\/uploads\/2023\/02\/logo.png","width":274,"height":180,"caption":"Ethnos360"},"image":{"@id":"https:\/\/www.ethnos360.de\/web_neu\/#\/schema\/logo\/image\/"},"sameAs":["https:\/\/www.facebook.com\/Ethnos360de\/","https:\/\/www.instagram.com\/ethnos360de\/","https:\/\/www.youtube.com\/channel\/UCwDxjbJYXz4fZDohci9WgmQ"]}]}},"_links":{"self":[{"href":"https:\/\/www.ethnos360.de\/web_neu\/wp-json\/wp\/v2\/product\/20342","targetHints":{"allow":["GET"]}}],"collection":[{"href":"https:\/\/www.ethnos360.de\/web_neu\/wp-json\/wp\/v2\/product"}],"about":[{"href":"https:\/\/www.ethnos360.de\/web_neu\/wp-json\/wp\/v2\/types\/product"}],"wp:featuredmedia":[{"embeddable":true,"href":"https:\/\/www.ethnos360.de\/web_neu\/wp-json\/wp\/v2\/media\/20362"}],"wp:attachment":[{"href":"https:\/\/www.ethnos360.de\/web_neu\/wp-json\/wp\/v2\/media?parent=20342"}],"wp:term":[{"taxonomy":"product_brand","embeddable":true,"href":"https:\/\/www.ethnos360.de\/web_neu\/wp-json\/wp\/v2\/product_brand?post=20342"},{"taxonomy":"product_cat","embeddable":true,"href":"https:\/\/www.ethnos360.de\/web_neu\/wp-json\/wp\/v2\/product_cat?post=20342"},{"taxonomy":"product_tag","embeddable":true,"href":"https:\/\/www.ethnos360.de\/web_neu\/wp-json\/wp\/v2\/product_tag?post=20342"}],"curies":[{"name":"wp","href":"https:\/\/api.w.org\/{rel}","templated":true}]}}