{"id":20288,"date":"2024-01-08T18:26:42","date_gmt":"2024-01-08T17:26:42","guid":{"rendered":"https:\/\/ethnos360.de\/web_neu\/?post_type=product&#038;p=20288"},"modified":"2024-01-13T17:24:02","modified_gmt":"2024-01-13T16:24:02","slug":"auf-festen-grund-gebaut","status":"publish","type":"product","link":"https:\/\/www.ethnos360.de\/web_neu\/product\/auf-festen-grund-gebaut\/","title":{"rendered":"Auf festen Grund gebaut"},"content":{"rendered":"<p>&nbsp;<\/p>\n<p><strong>Auf festen Grund gebaut &#8211; Von der Sch\u00f6pfung bis Christus<\/strong><\/p>\n<p><strong>Das Warum und Wie des chronologischen Lehrens der Bibel<\/strong><\/p>\n<p>Endlich ist dieser bew\u00e4hrte Bibelkurs nach gr\u00fcndlicher \u00dcberarbeitung und Neuauflage wieder erh\u00e4ltlich.<\/p>\n<p>Er legt systematisch eine solide Grundlage f\u00fcr das Verstehen von Gottes Rettungsplan und l\u00e4sst die biblischen Zusammenh\u00e4nge besser erkennen.<\/p>\n<p>&nbsp;<\/p>\n<p><strong>Der Kurs beinhaltet<\/strong><\/p>\n<ul>\n<li>eine umfassende Erkl\u00e4rung von Trevor McIlwain, wie er w\u00e4hrend seiner Missionst\u00e4tigkeit dazu kam, einen chronologischen Bibelkurs zu entwickeln, und weshalb chronologische Bibellehre wichtig ist<\/li>\n<li>Tipps zur Gestaltung von Bibelkurstreffen<\/li>\n<li>48 Lektionen, anhand derer die Kursteilnehmer chronologisch die wichtigsten Ereignisse aus dem Alten und dem Neuen Testament kennenlernen und dabei mehr und mehr Gottes Wesen, sein Denken und seine Beweggr\u00fcnde entdecken<\/li>\n<li>ein Zeitdiagramm, das die Chronologie der biblischen Geschichten und Personen veranschaulicht<\/li>\n<li>drei historische Landkarten<\/li>\n<li>Auf den Kurs abgestimmte Notizbl\u00e4tter f\u00fcr die Kursteilnehmer sind downloadbar und k\u00f6nnen bei Bedarf unter books@ethnos360.de angefragt werden.<\/li>\n<\/ul>\n<p>Sie k\u00f6nnen auch eine zu dem Kurs passende Bilderserie f\u00fcr 14,95 \u20ac erwerben, um die biblischen Geschichten besser zu veranschaulichen. Dabei handelt es sich um 97 Farbbilder im DIN-A4-Format. Wenn Sie den Kurs mit der Bilderserie direkt im Set kaufen, sparen Sie 4,90 \u20ac, da wir den Bibelkurs und die Bilderserie auch als Set zum Preis von 40 \u20ac anbieten.<\/p>\n<p>&nbsp;<\/p>\n","protected":false},"excerpt":{"rendered":"<p>&nbsp; Auf festen Grund gebaut &#8211; Von der Sch\u00f6pfung bis Christus Das Warum und Wie des chronologischen Lehrens der Bibel Endlich ist dieser bew\u00e4hrte Bibelkurs nach gr\u00fcndlicher \u00dcberarbeitung und Neuauflage wieder erh\u00e4ltlich. Er legt systematisch eine solide Grundlage f\u00fcr das Verstehen von Gottes Rettungsplan und l\u00e4sst die biblischen Zusammenh\u00e4nge besser erkennen. &nbsp; Der Kurs beinhaltet [&hellip;]<\/p>\n","protected":false},"featured_media":20329,"template":"","meta":{"site-sidebar-layout":"default","site-content-layout":"default","ast-site-content-layout":"default","site-content-style":"default","site-sidebar-style":"default","ast-global-header-display":"","ast-banner-title-visibility":"","ast-main-header-display":"","ast-hfb-above-header-display":"","ast-hfb-below-header-display":"","ast-hfb-mobile-header-display":"","site-post-title":"","ast-breadcrumbs-content":"","ast-featured-img":"","footer-sml-layout":"","theme-transparent-header-meta":"default","adv-header-id-meta":"","stick-header-meta":"","header-above-stick-meta":"","header-main-stick-meta":"","header-below-stick-meta":"","astra-migrate-meta-layouts":"default","ast-page-background-enabled":"default","ast-page-background-meta":{"desktop":{"background-color":"","background-image":"","background-repeat":"repeat","background-position":"center center","background-size":"auto","background-attachment":"scroll","background-type":"","background-media":"","overlay-type":"","overlay-color":"","overlay-opacity":"","overlay-gradient":""},"tablet":{"background-color":"","background-image":"","background-repeat":"repeat","background-position":"center center","background-size":"auto","background-attachment":"scroll","background-type":"","background-media":"","overlay-type":"","overlay-color":"","overlay-opacity":"","overlay-gradient":""},"mobile":{"background-color":"","background-image":"","background-repeat":"repeat","background-position":"center center","background-size":"auto","background-attachment":"scroll","background-type":"","background-media":"","overlay-type":"","overlay-color":"","overlay-opacity":"","overlay-gradient":""}},"ast-content-background-meta":{"desktop":{"background-color":"var(--ast-global-color-5)","background-image":"","background-repeat":"repeat","background-position":"center center","background-size":"auto","background-attachment":"scroll","background-type":"","background-media":"","overlay-type":"","overlay-color":"","overlay-opacity":"","overlay-gradient":""},"tablet":{"background-color":"var(--ast-global-color-5)","background-image":"","background-repeat":"repeat","background-position":"center center","background-size":"auto","background-attachment":"scroll","background-type":"","background-media":"","overlay-type":"","overlay-color":"","overlay-opacity":"","overlay-gradient":""},"mobile":{"background-color":"var(--ast-global-color-5)","background-image":"","background-repeat":"repeat","background-position":"center center","background-size":"auto","background-attachment":"scroll","background-type":"","background-media":"","overlay-type":"","overlay-color":"","overlay-opacity":"","overlay-gradient":""}}},"product_brand":[],"product_cat":[96,172],"product_tag":[],"class_list":{"0":"post-20288","1":"product","2":"type-product","3":"status-publish","4":"has-post-thumbnail","6":"product_cat-buecher","7":"product_cat-lehrmaterial","8":"desktop-align-left","9":"tablet-align-left","10":"mobile-align-left","12":"first","13":"instock","14":"taxable","15":"shipping-taxable","16":"purchasable","17":"product-type-simple"},"yoast_head":"<!-- This site is optimized with the Yoast SEO plugin v26.4 - https:\/\/yoast.com\/wordpress\/plugins\/seo\/ -->\n<title>Auf festen Grund gebaut - Ethnos360<\/title>\n<meta name=\"robots\" content=\"noindex, follow, max-snippet:-1, max-image-preview:large, max-video-preview:-1\" \/>\n<meta property=\"og:locale\" content=\"de_DE\" \/>\n<meta property=\"og:type\" content=\"article\" \/>\n<meta property=\"og:title\" content=\"Auf festen Grund gebaut - Ethnos360\" \/>\n<meta property=\"og:description\" content=\"&nbsp; Auf festen Grund gebaut &#8211; Von der Sch\u00f6pfung bis Christus Das Warum und Wie des chronologischen Lehrens der Bibel Endlich ist dieser bew\u00e4hrte Bibelkurs nach gr\u00fcndlicher \u00dcberarbeitung und Neuauflage wieder erh\u00e4ltlich. Er legt systematisch eine solide Grundlage f\u00fcr das Verstehen von Gottes Rettungsplan und l\u00e4sst die biblischen Zusammenh\u00e4nge besser erkennen. &nbsp; Der Kurs beinhaltet [&hellip;]\" \/>\n<meta property=\"og:url\" content=\"https:\/\/www.ethnos360.de\/web_neu\/product\/auf-festen-grund-gebaut\/\" \/>\n<meta property=\"og:site_name\" content=\"Ethnos360\" \/>\n<meta property=\"article:publisher\" content=\"https:\/\/www.facebook.com\/Ethnos360de\/\" \/>\n<meta property=\"article:modified_time\" content=\"2024-01-13T16:24:02+00:00\" \/>\n<meta property=\"og:image\" content=\"https:\/\/www.ethnos360.de\/web_neu\/wp-content\/uploads\/2024\/01\/microsoftteams-image.jpg\" \/>\n\t<meta property=\"og:image:width\" content=\"848\" \/>\n\t<meta property=\"og:image:height\" content=\"1200\" \/>\n\t<meta property=\"og:image:type\" content=\"image\/jpeg\" \/>\n<meta name=\"twitter:card\" content=\"summary_large_image\" \/>\n<meta name=\"twitter:label1\" content=\"Gesch\u00e4tzte Lesezeit\" \/>\n\t<meta name=\"twitter:data1\" content=\"2\u00a0Minuten\" \/>\n<script type=\"application\/ld+json\" class=\"yoast-schema-graph\">{\"@context\":\"https:\/\/schema.org\",\"@graph\":[{\"@type\":\"WebPage\",\"@id\":\"https:\/\/www.ethnos360.de\/web_neu\/product\/auf-festen-grund-gebaut\/\",\"url\":\"https:\/\/www.ethnos360.de\/web_neu\/product\/auf-festen-grund-gebaut\/\",\"name\":\"Auf festen Grund gebaut - Ethnos360\",\"isPartOf\":{\"@id\":\"https:\/\/www.ethnos360.de\/web_neu\/#website\"},\"primaryImageOfPage\":{\"@id\":\"https:\/\/www.ethnos360.de\/web_neu\/product\/auf-festen-grund-gebaut\/#primaryimage\"},\"image\":{\"@id\":\"https:\/\/www.ethnos360.de\/web_neu\/product\/auf-festen-grund-gebaut\/#primaryimage\"},\"thumbnailUrl\":\"https:\/\/www.ethnos360.de\/web_neu\/wp-content\/uploads\/2024\/01\/microsoftteams-image.jpg\",\"datePublished\":\"2024-01-08T17:26:42+00:00\",\"dateModified\":\"2024-01-13T16:24:02+00:00\",\"breadcrumb\":{\"@id\":\"https:\/\/www.ethnos360.de\/web_neu\/product\/auf-festen-grund-gebaut\/#breadcrumb\"},\"inLanguage\":\"de\",\"potentialAction\":[{\"@type\":\"ReadAction\",\"target\":[\"https:\/\/www.ethnos360.de\/web_neu\/product\/auf-festen-grund-gebaut\/\"]}]},{\"@type\":\"ImageObject\",\"inLanguage\":\"de\",\"@id\":\"https:\/\/www.ethnos360.de\/web_neu\/product\/auf-festen-grund-gebaut\/#primaryimage\",\"url\":\"https:\/\/www.ethnos360.de\/web_neu\/wp-content\/uploads\/2024\/01\/microsoftteams-image.jpg\",\"contentUrl\":\"https:\/\/www.ethnos360.de\/web_neu\/wp-content\/uploads\/2024\/01\/microsoftteams-image.jpg\",\"width\":848,\"height\":1200},{\"@type\":\"BreadcrumbList\",\"@id\":\"https:\/\/www.ethnos360.de\/web_neu\/product\/auf-festen-grund-gebaut\/#breadcrumb\",\"itemListElement\":[{\"@type\":\"ListItem\",\"position\":1,\"name\":\"Startseite\",\"item\":\"https:\/\/www.ethnos360.de\/web_neu\/\"},{\"@type\":\"ListItem\",\"position\":2,\"name\":\"Shop\",\"item\":\"https:\/\/www.ethnos360.de\/web_neu\/shop\/\"},{\"@type\":\"ListItem\",\"position\":3,\"name\":\"Auf festen Grund gebaut\"}]},{\"@type\":\"WebSite\",\"@id\":\"https:\/\/www.ethnos360.de\/web_neu\/#website\",\"url\":\"https:\/\/www.ethnos360.de\/web_neu\/\",\"name\":\"Ethnos360\",\"description\":\"\u2026 AUS ALLEN SPRACHEN V\u00d6LKERN UND NATIONEN\",\"publisher\":{\"@id\":\"https:\/\/www.ethnos360.de\/web_neu\/#organization\"},\"potentialAction\":[{\"@type\":\"SearchAction\",\"target\":{\"@type\":\"EntryPoint\",\"urlTemplate\":\"https:\/\/www.ethnos360.de\/web_neu\/?s={search_term_string}\"},\"query-input\":{\"@type\":\"PropertyValueSpecification\",\"valueRequired\":true,\"valueName\":\"search_term_string\"}}],\"inLanguage\":\"de\"},{\"@type\":\"Organization\",\"@id\":\"https:\/\/www.ethnos360.de\/web_neu\/#organization\",\"name\":\"Ethnos360\",\"url\":\"https:\/\/www.ethnos360.de\/web_neu\/\",\"logo\":{\"@type\":\"ImageObject\",\"inLanguage\":\"de\",\"@id\":\"https:\/\/www.ethnos360.de\/web_neu\/#\/schema\/logo\/image\/\",\"url\":\"https:\/\/www.ethnos360.de\/web_neu\/wp-content\/uploads\/2023\/02\/logo.png\",\"contentUrl\":\"https:\/\/www.ethnos360.de\/web_neu\/wp-content\/uploads\/2023\/02\/logo.png\",\"width\":274,\"height\":180,\"caption\":\"Ethnos360\"},\"image\":{\"@id\":\"https:\/\/www.ethnos360.de\/web_neu\/#\/schema\/logo\/image\/\"},\"sameAs\":[\"https:\/\/www.facebook.com\/Ethnos360de\/\",\"https:\/\/www.instagram.com\/ethnos360de\/\",\"https:\/\/www.youtube.com\/channel\/UCwDxjbJYXz4fZDohci9WgmQ\"]}]}<\/script>\n<!-- \/ Yoast SEO plugin. -->","yoast_head_json":{"title":"Auf festen Grund gebaut - Ethnos360","robots":{"index":"noindex","follow":"follow","max-snippet":"max-snippet:-1","max-image-preview":"max-image-preview:large","max-video-preview":"max-video-preview:-1"},"og_locale":"de_DE","og_type":"article","og_title":"Auf festen Grund gebaut - Ethnos360","og_description":"&nbsp; Auf festen Grund gebaut &#8211; Von der Sch\u00f6pfung bis Christus Das Warum und Wie des chronologischen Lehrens der Bibel Endlich ist dieser bew\u00e4hrte Bibelkurs nach gr\u00fcndlicher \u00dcberarbeitung und Neuauflage wieder erh\u00e4ltlich. Er legt systematisch eine solide Grundlage f\u00fcr das Verstehen von Gottes Rettungsplan und l\u00e4sst die biblischen Zusammenh\u00e4nge besser erkennen. &nbsp; Der Kurs beinhaltet [&hellip;]","og_url":"https:\/\/www.ethnos360.de\/web_neu\/product\/auf-festen-grund-gebaut\/","og_site_name":"Ethnos360","article_publisher":"https:\/\/www.facebook.com\/Ethnos360de\/","article_modified_time":"2024-01-13T16:24:02+00:00","og_image":[{"width":848,"height":1200,"url":"https:\/\/www.ethnos360.de\/web_neu\/wp-content\/uploads\/2024\/01\/microsoftteams-image.jpg","type":"image\/jpeg"}],"twitter_card":"summary_large_image","twitter_misc":{"Gesch\u00e4tzte Lesezeit":"2\u00a0Minuten"},"schema":{"@context":"https:\/\/schema.org","@graph":[{"@type":"WebPage","@id":"https:\/\/www.ethnos360.de\/web_neu\/product\/auf-festen-grund-gebaut\/","url":"https:\/\/www.ethnos360.de\/web_neu\/product\/auf-festen-grund-gebaut\/","name":"Auf festen Grund gebaut - Ethnos360","isPartOf":{"@id":"https:\/\/www.ethnos360.de\/web_neu\/#website"},"primaryImageOfPage":{"@id":"https:\/\/www.ethnos360.de\/web_neu\/product\/auf-festen-grund-gebaut\/#primaryimage"},"image":{"@id":"https:\/\/www.ethnos360.de\/web_neu\/product\/auf-festen-grund-gebaut\/#primaryimage"},"thumbnailUrl":"https:\/\/www.ethnos360.de\/web_neu\/wp-content\/uploads\/2024\/01\/microsoftteams-image.jpg","datePublished":"2024-01-08T17:26:42+00:00","dateModified":"2024-01-13T16:24:02+00:00","breadcrumb":{"@id":"https:\/\/www.ethnos360.de\/web_neu\/product\/auf-festen-grund-gebaut\/#breadcrumb"},"inLanguage":"de","potentialAction":[{"@type":"ReadAction","target":["https:\/\/www.ethnos360.de\/web_neu\/product\/auf-festen-grund-gebaut\/"]}]},{"@type":"ImageObject","inLanguage":"de","@id":"https:\/\/www.ethnos360.de\/web_neu\/product\/auf-festen-grund-gebaut\/#primaryimage","url":"https:\/\/www.ethnos360.de\/web_neu\/wp-content\/uploads\/2024\/01\/microsoftteams-image.jpg","contentUrl":"https:\/\/www.ethnos360.de\/web_neu\/wp-content\/uploads\/2024\/01\/microsoftteams-image.jpg","width":848,"height":1200},{"@type":"BreadcrumbList","@id":"https:\/\/www.ethnos360.de\/web_neu\/product\/auf-festen-grund-gebaut\/#breadcrumb","itemListElement":[{"@type":"ListItem","position":1,"name":"Startseite","item":"https:\/\/www.ethnos360.de\/web_neu\/"},{"@type":"ListItem","position":2,"name":"Shop","item":"https:\/\/www.ethnos360.de\/web_neu\/shop\/"},{"@type":"ListItem","position":3,"name":"Auf festen Grund gebaut"}]},{"@type":"WebSite","@id":"https:\/\/www.ethnos360.de\/web_neu\/#website","url":"https:\/\/www.ethnos360.de\/web_neu\/","name":"Ethnos360","description":"\u2026 AUS ALLEN SPRACHEN V\u00d6LKERN UND NATIONEN","publisher":{"@id":"https:\/\/www.ethnos360.de\/web_neu\/#organization"},"potentialAction":[{"@type":"SearchAction","target":{"@type":"EntryPoint","urlTemplate":"https:\/\/www.ethnos360.de\/web_neu\/?s={search_term_string}"},"query-input":{"@type":"PropertyValueSpecification","valueRequired":true,"valueName":"search_term_string"}}],"inLanguage":"de"},{"@type":"Organization","@id":"https:\/\/www.ethnos360.de\/web_neu\/#organization","name":"Ethnos360","url":"https:\/\/www.ethnos360.de\/web_neu\/","logo":{"@type":"ImageObject","inLanguage":"de","@id":"https:\/\/www.ethnos360.de\/web_neu\/#\/schema\/logo\/image\/","url":"https:\/\/www.ethnos360.de\/web_neu\/wp-content\/uploads\/2023\/02\/logo.png","contentUrl":"https:\/\/www.ethnos360.de\/web_neu\/wp-content\/uploads\/2023\/02\/logo.png","width":274,"height":180,"caption":"Ethnos360"},"image":{"@id":"https:\/\/www.ethnos360.de\/web_neu\/#\/schema\/logo\/image\/"},"sameAs":["https:\/\/www.facebook.com\/Ethnos360de\/","https:\/\/www.instagram.com\/ethnos360de\/","https:\/\/www.youtube.com\/channel\/UCwDxjbJYXz4fZDohci9WgmQ"]}]}},"_links":{"self":[{"href":"https:\/\/www.ethnos360.de\/web_neu\/wp-json\/wp\/v2\/product\/20288","targetHints":{"allow":["GET"]}}],"collection":[{"href":"https:\/\/www.ethnos360.de\/web_neu\/wp-json\/wp\/v2\/product"}],"about":[{"href":"https:\/\/www.ethnos360.de\/web_neu\/wp-json\/wp\/v2\/types\/product"}],"wp:featuredmedia":[{"embeddable":true,"href":"https:\/\/www.ethnos360.de\/web_neu\/wp-json\/wp\/v2\/media\/20329"}],"wp:attachment":[{"href":"https:\/\/www.ethnos360.de\/web_neu\/wp-json\/wp\/v2\/media?parent=20288"}],"wp:term":[{"taxonomy":"product_brand","embeddable":true,"href":"https:\/\/www.ethnos360.de\/web_neu\/wp-json\/wp\/v2\/product_brand?post=20288"},{"taxonomy":"product_cat","embeddable":true,"href":"https:\/\/www.ethnos360.de\/web_neu\/wp-json\/wp\/v2\/product_cat?post=20288"},{"taxonomy":"product_tag","embeddable":true,"href":"https:\/\/www.ethnos360.de\/web_neu\/wp-json\/wp\/v2\/product_tag?post=20288"}],"curies":[{"name":"wp","href":"https:\/\/api.w.org\/{rel}","templated":true}]}}