{"id":20286,"date":"2024-01-08T18:26:42","date_gmt":"2024-01-08T17:26:42","guid":{"rendered":"https:\/\/ethnos360.de\/web_neu\/?post_type=product&#038;p=20286"},"modified":"2024-01-13T17:50:16","modified_gmt":"2024-01-13T16:50:16","slug":"ueberall-zu-hause","status":"publish","type":"product","link":"https:\/\/www.ethnos360.de\/web_neu\/product\/ueberall-zu-hause\/","title":{"rendered":"\u00dcberall zu Hause?!"},"content":{"rendered":"<p>Menschen aus fremden Kulturen verstehen<\/p>\n<ul>\n<li>f\u00fcr alle, die Menschen aus fremden Kulturen begegnen<\/li>\n<li>mit vielen Praxisbeispielen<\/li>\n<\/ul>\n<p>&nbsp;<\/p>\n<p>Immer mehr Menschen gehen auf Reisen, wandern aus, m\u00fcssen fliehen, arbeiten im Ausland oder chatten einfach im Internet. Kulturen begegnen sich und bleiben einander doch fremd. Manchmal gef\u00e4hrlich fremd. Doch der &#8222;Kampf der Kulturen&#8220; ist nicht unvermeidlich: Wir alle k\u00f6nnen nur gewinnen, wenn wir begreifen, warum die anderen so ticken, wie sie ticken &#8211; ob es um den Wohnungsnachbarn aus Afrika geht oder das Praktikum in Australien, Bahrein oder Costa Rica.<\/p>\n<p>Sarah Lanier hat als international t\u00e4tige Lehrerin und Vortragsreisende f\u00fcr &#8222;Jugend mit einer Mission&#8220; auf allen f\u00fcnf Kontinenten gelebt. \u00dcber viele Jahre hinweg hat sie die Grundprinzipien f\u00fcr den Umgang der Kulturen miteinander entdeckt und gelernt.<\/p>\n<p>Egal, ob Sie einen Auslandsaufenthalt planen, einfach nur Ihren Horizont erweitern m\u00f6chten oder neue Wege suchen, mit der Guten Nachricht bei Ihren Nachbarn verstanden zu werden &#8211; dieses Erfahrungspotential sollten Sie nutzen!<\/p>\n<p>&nbsp;<\/p>\n<p>112 Seiten<\/p>\n","protected":false},"excerpt":{"rendered":"<p>Menschen aus fremden Kulturen verstehen f\u00fcr alle, die Menschen aus fremden Kulturen begegnen mit vielen Praxisbeispielen &nbsp; Immer mehr Menschen gehen auf Reisen, wandern aus, m\u00fcssen fliehen, arbeiten im Ausland oder chatten einfach im Internet. Kulturen begegnen sich und bleiben einander doch fremd. Manchmal gef\u00e4hrlich fremd. Doch der &#8222;Kampf der Kulturen&#8220; ist nicht unvermeidlich: Wir [&hellip;]<\/p>\n","protected":false},"featured_media":20327,"template":"","meta":{"site-sidebar-layout":"default","site-content-layout":"default","ast-site-content-layout":"default","site-content-style":"default","site-sidebar-style":"default","ast-global-header-display":"","ast-banner-title-visibility":"","ast-main-header-display":"","ast-hfb-above-header-display":"","ast-hfb-below-header-display":"","ast-hfb-mobile-header-display":"","site-post-title":"","ast-breadcrumbs-content":"","ast-featured-img":"","footer-sml-layout":"","theme-transparent-header-meta":"default","adv-header-id-meta":"","stick-header-meta":"","header-above-stick-meta":"","header-main-stick-meta":"","header-below-stick-meta":"","astra-migrate-meta-layouts":"default","ast-page-background-enabled":"default","ast-page-background-meta":{"desktop":{"background-color":"","background-image":"","background-repeat":"repeat","background-position":"center center","background-size":"auto","background-attachment":"scroll","background-type":"","background-media":"","overlay-type":"","overlay-color":"","overlay-opacity":"","overlay-gradient":""},"tablet":{"background-color":"","background-image":"","background-repeat":"repeat","background-position":"center center","background-size":"auto","background-attachment":"scroll","background-type":"","background-media":"","overlay-type":"","overlay-color":"","overlay-opacity":"","overlay-gradient":""},"mobile":{"background-color":"","background-image":"","background-repeat":"repeat","background-position":"center center","background-size":"auto","background-attachment":"scroll","background-type":"","background-media":"","overlay-type":"","overlay-color":"","overlay-opacity":"","overlay-gradient":""}},"ast-content-background-meta":{"desktop":{"background-color":"var(--ast-global-color-5)","background-image":"","background-repeat":"repeat","background-position":"center center","background-size":"auto","background-attachment":"scroll","background-type":"","background-media":"","overlay-type":"","overlay-color":"","overlay-opacity":"","overlay-gradient":""},"tablet":{"background-color":"var(--ast-global-color-5)","background-image":"","background-repeat":"repeat","background-position":"center center","background-size":"auto","background-attachment":"scroll","background-type":"","background-media":"","overlay-type":"","overlay-color":"","overlay-opacity":"","overlay-gradient":""},"mobile":{"background-color":"var(--ast-global-color-5)","background-image":"","background-repeat":"repeat","background-position":"center center","background-size":"auto","background-attachment":"scroll","background-type":"","background-media":"","overlay-type":"","overlay-color":"","overlay-opacity":"","overlay-gradient":""}}},"product_brand":[],"product_cat":[96],"product_tag":[],"class_list":{"0":"post-20286","1":"product","2":"type-product","3":"status-publish","4":"has-post-thumbnail","6":"product_cat-buecher","7":"desktop-align-left","8":"tablet-align-left","9":"mobile-align-left","11":"first","12":"instock","13":"taxable","14":"shipping-taxable","15":"purchasable","16":"product-type-simple"},"yoast_head":"<!-- This site is optimized with the Yoast SEO plugin v26.4 - https:\/\/yoast.com\/wordpress\/plugins\/seo\/ -->\n<title>\u00dcberall zu Hause?! - Ethnos360<\/title>\n<meta name=\"robots\" content=\"noindex, follow, max-snippet:-1, max-image-preview:large, max-video-preview:-1\" \/>\n<meta property=\"og:locale\" content=\"de_DE\" \/>\n<meta property=\"og:type\" content=\"article\" \/>\n<meta property=\"og:title\" content=\"\u00dcberall zu Hause?! - Ethnos360\" \/>\n<meta property=\"og:description\" content=\"Menschen aus fremden Kulturen verstehen f\u00fcr alle, die Menschen aus fremden Kulturen begegnen mit vielen Praxisbeispielen &nbsp; Immer mehr Menschen gehen auf Reisen, wandern aus, m\u00fcssen fliehen, arbeiten im Ausland oder chatten einfach im Internet. Kulturen begegnen sich und bleiben einander doch fremd. Manchmal gef\u00e4hrlich fremd. Doch der &#8222;Kampf der Kulturen&#8220; ist nicht unvermeidlich: Wir [&hellip;]\" \/>\n<meta property=\"og:url\" content=\"https:\/\/www.ethnos360.de\/web_neu\/product\/ueberall-zu-hause\/\" \/>\n<meta property=\"og:site_name\" content=\"Ethnos360\" \/>\n<meta property=\"article:publisher\" content=\"https:\/\/www.facebook.com\/Ethnos360de\/\" \/>\n<meta property=\"article:modified_time\" content=\"2024-01-13T16:50:16+00:00\" \/>\n<meta property=\"og:image\" content=\"https:\/\/www.ethnos360.de\/web_neu\/wp-content\/uploads\/2024\/01\/330856-626x1024.jpg\" \/>\n\t<meta property=\"og:image:width\" content=\"626\" \/>\n\t<meta property=\"og:image:height\" content=\"1024\" \/>\n\t<meta property=\"og:image:type\" content=\"image\/jpeg\" \/>\n<meta name=\"twitter:card\" content=\"summary_large_image\" \/>\n<meta name=\"twitter:label1\" content=\"Gesch\u00e4tzte Lesezeit\" \/>\n\t<meta name=\"twitter:data1\" content=\"2\u00a0Minuten\" \/>\n<script type=\"application\/ld+json\" class=\"yoast-schema-graph\">{\"@context\":\"https:\/\/schema.org\",\"@graph\":[{\"@type\":\"WebPage\",\"@id\":\"https:\/\/www.ethnos360.de\/web_neu\/product\/ueberall-zu-hause\/\",\"url\":\"https:\/\/www.ethnos360.de\/web_neu\/product\/ueberall-zu-hause\/\",\"name\":\"\u00dcberall zu Hause?! - Ethnos360\",\"isPartOf\":{\"@id\":\"https:\/\/www.ethnos360.de\/web_neu\/#website\"},\"primaryImageOfPage\":{\"@id\":\"https:\/\/www.ethnos360.de\/web_neu\/product\/ueberall-zu-hause\/#primaryimage\"},\"image\":{\"@id\":\"https:\/\/www.ethnos360.de\/web_neu\/product\/ueberall-zu-hause\/#primaryimage\"},\"thumbnailUrl\":\"https:\/\/www.ethnos360.de\/web_neu\/wp-content\/uploads\/2024\/01\/330856.jpg\",\"datePublished\":\"2024-01-08T17:26:42+00:00\",\"dateModified\":\"2024-01-13T16:50:16+00:00\",\"breadcrumb\":{\"@id\":\"https:\/\/www.ethnos360.de\/web_neu\/product\/ueberall-zu-hause\/#breadcrumb\"},\"inLanguage\":\"de\",\"potentialAction\":[{\"@type\":\"ReadAction\",\"target\":[\"https:\/\/www.ethnos360.de\/web_neu\/product\/ueberall-zu-hause\/\"]}]},{\"@type\":\"ImageObject\",\"inLanguage\":\"de\",\"@id\":\"https:\/\/www.ethnos360.de\/web_neu\/product\/ueberall-zu-hause\/#primaryimage\",\"url\":\"https:\/\/www.ethnos360.de\/web_neu\/wp-content\/uploads\/2024\/01\/330856.jpg\",\"contentUrl\":\"https:\/\/www.ethnos360.de\/web_neu\/wp-content\/uploads\/2024\/01\/330856.jpg\",\"width\":1302,\"height\":2130},{\"@type\":\"BreadcrumbList\",\"@id\":\"https:\/\/www.ethnos360.de\/web_neu\/product\/ueberall-zu-hause\/#breadcrumb\",\"itemListElement\":[{\"@type\":\"ListItem\",\"position\":1,\"name\":\"Startseite\",\"item\":\"https:\/\/www.ethnos360.de\/web_neu\/\"},{\"@type\":\"ListItem\",\"position\":2,\"name\":\"Shop\",\"item\":\"https:\/\/www.ethnos360.de\/web_neu\/shop\/\"},{\"@type\":\"ListItem\",\"position\":3,\"name\":\"\u00dcberall zu Hause?!\"}]},{\"@type\":\"WebSite\",\"@id\":\"https:\/\/www.ethnos360.de\/web_neu\/#website\",\"url\":\"https:\/\/www.ethnos360.de\/web_neu\/\",\"name\":\"Ethnos360\",\"description\":\"\u2026 AUS ALLEN SPRACHEN V\u00d6LKERN UND NATIONEN\",\"publisher\":{\"@id\":\"https:\/\/www.ethnos360.de\/web_neu\/#organization\"},\"potentialAction\":[{\"@type\":\"SearchAction\",\"target\":{\"@type\":\"EntryPoint\",\"urlTemplate\":\"https:\/\/www.ethnos360.de\/web_neu\/?s={search_term_string}\"},\"query-input\":{\"@type\":\"PropertyValueSpecification\",\"valueRequired\":true,\"valueName\":\"search_term_string\"}}],\"inLanguage\":\"de\"},{\"@type\":\"Organization\",\"@id\":\"https:\/\/www.ethnos360.de\/web_neu\/#organization\",\"name\":\"Ethnos360\",\"url\":\"https:\/\/www.ethnos360.de\/web_neu\/\",\"logo\":{\"@type\":\"ImageObject\",\"inLanguage\":\"de\",\"@id\":\"https:\/\/www.ethnos360.de\/web_neu\/#\/schema\/logo\/image\/\",\"url\":\"https:\/\/www.ethnos360.de\/web_neu\/wp-content\/uploads\/2023\/02\/logo.png\",\"contentUrl\":\"https:\/\/www.ethnos360.de\/web_neu\/wp-content\/uploads\/2023\/02\/logo.png\",\"width\":274,\"height\":180,\"caption\":\"Ethnos360\"},\"image\":{\"@id\":\"https:\/\/www.ethnos360.de\/web_neu\/#\/schema\/logo\/image\/\"},\"sameAs\":[\"https:\/\/www.facebook.com\/Ethnos360de\/\",\"https:\/\/www.instagram.com\/ethnos360de\/\",\"https:\/\/www.youtube.com\/channel\/UCwDxjbJYXz4fZDohci9WgmQ\"]}]}<\/script>\n<!-- \/ Yoast SEO plugin. -->","yoast_head_json":{"title":"\u00dcberall zu Hause?! - Ethnos360","robots":{"index":"noindex","follow":"follow","max-snippet":"max-snippet:-1","max-image-preview":"max-image-preview:large","max-video-preview":"max-video-preview:-1"},"og_locale":"de_DE","og_type":"article","og_title":"\u00dcberall zu Hause?! - Ethnos360","og_description":"Menschen aus fremden Kulturen verstehen f\u00fcr alle, die Menschen aus fremden Kulturen begegnen mit vielen Praxisbeispielen &nbsp; Immer mehr Menschen gehen auf Reisen, wandern aus, m\u00fcssen fliehen, arbeiten im Ausland oder chatten einfach im Internet. Kulturen begegnen sich und bleiben einander doch fremd. Manchmal gef\u00e4hrlich fremd. Doch der &#8222;Kampf der Kulturen&#8220; ist nicht unvermeidlich: Wir [&hellip;]","og_url":"https:\/\/www.ethnos360.de\/web_neu\/product\/ueberall-zu-hause\/","og_site_name":"Ethnos360","article_publisher":"https:\/\/www.facebook.com\/Ethnos360de\/","article_modified_time":"2024-01-13T16:50:16+00:00","og_image":[{"width":626,"height":1024,"url":"https:\/\/www.ethnos360.de\/web_neu\/wp-content\/uploads\/2024\/01\/330856-626x1024.jpg","type":"image\/jpeg"}],"twitter_card":"summary_large_image","twitter_misc":{"Gesch\u00e4tzte Lesezeit":"2\u00a0Minuten"},"schema":{"@context":"https:\/\/schema.org","@graph":[{"@type":"WebPage","@id":"https:\/\/www.ethnos360.de\/web_neu\/product\/ueberall-zu-hause\/","url":"https:\/\/www.ethnos360.de\/web_neu\/product\/ueberall-zu-hause\/","name":"\u00dcberall zu Hause?! - Ethnos360","isPartOf":{"@id":"https:\/\/www.ethnos360.de\/web_neu\/#website"},"primaryImageOfPage":{"@id":"https:\/\/www.ethnos360.de\/web_neu\/product\/ueberall-zu-hause\/#primaryimage"},"image":{"@id":"https:\/\/www.ethnos360.de\/web_neu\/product\/ueberall-zu-hause\/#primaryimage"},"thumbnailUrl":"https:\/\/www.ethnos360.de\/web_neu\/wp-content\/uploads\/2024\/01\/330856.jpg","datePublished":"2024-01-08T17:26:42+00:00","dateModified":"2024-01-13T16:50:16+00:00","breadcrumb":{"@id":"https:\/\/www.ethnos360.de\/web_neu\/product\/ueberall-zu-hause\/#breadcrumb"},"inLanguage":"de","potentialAction":[{"@type":"ReadAction","target":["https:\/\/www.ethnos360.de\/web_neu\/product\/ueberall-zu-hause\/"]}]},{"@type":"ImageObject","inLanguage":"de","@id":"https:\/\/www.ethnos360.de\/web_neu\/product\/ueberall-zu-hause\/#primaryimage","url":"https:\/\/www.ethnos360.de\/web_neu\/wp-content\/uploads\/2024\/01\/330856.jpg","contentUrl":"https:\/\/www.ethnos360.de\/web_neu\/wp-content\/uploads\/2024\/01\/330856.jpg","width":1302,"height":2130},{"@type":"BreadcrumbList","@id":"https:\/\/www.ethnos360.de\/web_neu\/product\/ueberall-zu-hause\/#breadcrumb","itemListElement":[{"@type":"ListItem","position":1,"name":"Startseite","item":"https:\/\/www.ethnos360.de\/web_neu\/"},{"@type":"ListItem","position":2,"name":"Shop","item":"https:\/\/www.ethnos360.de\/web_neu\/shop\/"},{"@type":"ListItem","position":3,"name":"\u00dcberall zu Hause?!"}]},{"@type":"WebSite","@id":"https:\/\/www.ethnos360.de\/web_neu\/#website","url":"https:\/\/www.ethnos360.de\/web_neu\/","name":"Ethnos360","description":"\u2026 AUS ALLEN SPRACHEN V\u00d6LKERN UND NATIONEN","publisher":{"@id":"https:\/\/www.ethnos360.de\/web_neu\/#organization"},"potentialAction":[{"@type":"SearchAction","target":{"@type":"EntryPoint","urlTemplate":"https:\/\/www.ethnos360.de\/web_neu\/?s={search_term_string}"},"query-input":{"@type":"PropertyValueSpecification","valueRequired":true,"valueName":"search_term_string"}}],"inLanguage":"de"},{"@type":"Organization","@id":"https:\/\/www.ethnos360.de\/web_neu\/#organization","name":"Ethnos360","url":"https:\/\/www.ethnos360.de\/web_neu\/","logo":{"@type":"ImageObject","inLanguage":"de","@id":"https:\/\/www.ethnos360.de\/web_neu\/#\/schema\/logo\/image\/","url":"https:\/\/www.ethnos360.de\/web_neu\/wp-content\/uploads\/2023\/02\/logo.png","contentUrl":"https:\/\/www.ethnos360.de\/web_neu\/wp-content\/uploads\/2023\/02\/logo.png","width":274,"height":180,"caption":"Ethnos360"},"image":{"@id":"https:\/\/www.ethnos360.de\/web_neu\/#\/schema\/logo\/image\/"},"sameAs":["https:\/\/www.facebook.com\/Ethnos360de\/","https:\/\/www.instagram.com\/ethnos360de\/","https:\/\/www.youtube.com\/channel\/UCwDxjbJYXz4fZDohci9WgmQ"]}]}},"_links":{"self":[{"href":"https:\/\/www.ethnos360.de\/web_neu\/wp-json\/wp\/v2\/product\/20286","targetHints":{"allow":["GET"]}}],"collection":[{"href":"https:\/\/www.ethnos360.de\/web_neu\/wp-json\/wp\/v2\/product"}],"about":[{"href":"https:\/\/www.ethnos360.de\/web_neu\/wp-json\/wp\/v2\/types\/product"}],"wp:featuredmedia":[{"embeddable":true,"href":"https:\/\/www.ethnos360.de\/web_neu\/wp-json\/wp\/v2\/media\/20327"}],"wp:attachment":[{"href":"https:\/\/www.ethnos360.de\/web_neu\/wp-json\/wp\/v2\/media?parent=20286"}],"wp:term":[{"taxonomy":"product_brand","embeddable":true,"href":"https:\/\/www.ethnos360.de\/web_neu\/wp-json\/wp\/v2\/product_brand?post=20286"},{"taxonomy":"product_cat","embeddable":true,"href":"https:\/\/www.ethnos360.de\/web_neu\/wp-json\/wp\/v2\/product_cat?post=20286"},{"taxonomy":"product_tag","embeddable":true,"href":"https:\/\/www.ethnos360.de\/web_neu\/wp-json\/wp\/v2\/product_tag?post=20286"}],"curies":[{"name":"wp","href":"https:\/\/api.w.org\/{rel}","templated":true}]}}