{"id":20285,"date":"2024-01-08T18:26:41","date_gmt":"2024-01-08T17:26:41","guid":{"rendered":"https:\/\/ethnos360.de\/web_neu\/?post_type=product&#038;p=20285"},"modified":"2024-01-08T18:26:57","modified_gmt":"2024-01-08T17:26:57","slug":"ein-gott-eine-botschaft-arabisch","status":"publish","type":"product","link":"https:\/\/www.ethnos360.de\/web_neu\/product\/ein-gott-eine-botschaft-arabisch\/","title":{"rendered":"Ein Gott &#8211; Eine Botschaft &#8211; arabisch"},"content":{"rendered":"<p><em>Das Buch <strong>Ein Gott &#8211; eine Botschaft<\/strong> nimmt den Leser mit auf eine 30-t\u00e4gige Reise durch die Bibel. <\/em><\/p>\n<p><em>Das Ziel ist es, das Erl\u00f6sungswerk von Jesus Christus zu verstehen und Jesus selbst lieben zu lernen.<\/em><\/p>\n<p>Es l\u00e4sst sich gewinnbringend lesen, begegnet den Einw\u00e4nden, die viele Menschen der Bibel und der Christenheit gegen\u00fcber haben.<\/p>\n<p>Das Buch gliedert sich in 3 Teile:<\/p>\n<p><strong>Der erste Teil<\/strong> ist f\u00fcr Skeptiker, die sich nicht so ohne Weiteres an die Bibel herantrauen. Hier werden Vorurteile abgebaut.<\/p>\n<p><strong>Der zweite Teil<\/strong> richtet sich an die Suchenden. Wer wirklich offen ist, kann hier anfangen zu lesen. Es wird der Heilsweg der Bibel aufgezeigt. Beginnend mit der Sch\u00f6pfung, die Gottes Heiligkeit und Liebe widerspiegelt, \u00fcber den S\u00fcndenfall, wo der Mensch ungehorsam wird und sich von Gottes Liebe lossagt. Der Leser lernt, was es bedeutet, ein hilfloser S\u00fcnder zu sein, er bekommt erkl\u00e4rt, was es hei\u00dft, wirklich zu glauben und was Stellvertretung bedeutet. All dies wird entlang des Heilswegs mit vielen Schl\u00fcsselstellen aus der Bibel erarbeitet. Das Buch gipfelt in Jesus&#8216; Kreuzestod, Auferstehung und Himmelfahrt. Jesus Christus macht eine Beziehung zwischen Gott und den Menschen m\u00f6glich, die von Vertrauen und Liebe durchdrungen ist.<\/p>\n<p><strong>Der dritte Teil<\/strong> ist ein Fragenteil. Das Buch l\u00e4sst sich gut allein lesen, aber es ist viel gewinnbringender, wenn es in einer Beziehung zwischen Mentor und Lernendem durchgenommen wird &#8211; sei es zu zweit oder als Gruppe. Die Fragen zu jedem Kapitel helfen dem Lernenden, seine Gedanken zu ordnen und zu formulieren, damit er selbst auf Antworten kommt. F\u00fcr den Mentor sind die Fragen wiederum eine Hilfe, um zu sehen, wo der Lernende steht. Was nicht verstanden wurde, kann entsprechend wiederholt und vertieft werden.<\/p>\n<p>DAS GLEICHE BUCH GIBT ES AUCH IN DEUTSCHER SPRACHE<\/p>\n<p>30 Kapitel<\/p>\n<p>rund 500 Seiten<\/p>\n","protected":false},"excerpt":{"rendered":"<p>Das Buch Ein Gott &#8211; eine Botschaft nimmt den Leser mit auf eine 30-t\u00e4gige Reise durch die Bibel. Das Ziel ist es, das Erl\u00f6sungswerk von Jesus Christus zu verstehen und Jesus selbst lieben zu lernen. Es l\u00e4sst sich gewinnbringend lesen, begegnet den Einw\u00e4nden, die viele Menschen der Bibel und der Christenheit gegen\u00fcber haben. Das Buch [&hellip;]<\/p>\n","protected":false},"featured_media":20326,"template":"","meta":{"site-sidebar-layout":"default","site-content-layout":"","ast-site-content-layout":"default","site-content-style":"default","site-sidebar-style":"default","ast-global-header-display":"","ast-banner-title-visibility":"","ast-main-header-display":"","ast-hfb-above-header-display":"","ast-hfb-below-header-display":"","ast-hfb-mobile-header-display":"","site-post-title":"","ast-breadcrumbs-content":"","ast-featured-img":"","footer-sml-layout":"","theme-transparent-header-meta":"","adv-header-id-meta":"","stick-header-meta":"","header-above-stick-meta":"","header-main-stick-meta":"","header-below-stick-meta":"","astra-migrate-meta-layouts":"default","ast-page-background-enabled":"default","ast-page-background-meta":{"desktop":{"background-color":"","background-image":"","background-repeat":"repeat","background-position":"center center","background-size":"auto","background-attachment":"scroll","background-type":"","background-media":"","overlay-type":"","overlay-color":"","overlay-opacity":"","overlay-gradient":""},"tablet":{"background-color":"","background-image":"","background-repeat":"repeat","background-position":"center center","background-size":"auto","background-attachment":"scroll","background-type":"","background-media":"","overlay-type":"","overlay-color":"","overlay-opacity":"","overlay-gradient":""},"mobile":{"background-color":"","background-image":"","background-repeat":"repeat","background-position":"center center","background-size":"auto","background-attachment":"scroll","background-type":"","background-media":"","overlay-type":"","overlay-color":"","overlay-opacity":"","overlay-gradient":""}},"ast-content-background-meta":{"desktop":{"background-color":"var(--ast-global-color-5)","background-image":"","background-repeat":"repeat","background-position":"center center","background-size":"auto","background-attachment":"scroll","background-type":"","background-media":"","overlay-type":"","overlay-color":"","overlay-opacity":"","overlay-gradient":""},"tablet":{"background-color":"var(--ast-global-color-5)","background-image":"","background-repeat":"repeat","background-position":"center center","background-size":"auto","background-attachment":"scroll","background-type":"","background-media":"","overlay-type":"","overlay-color":"","overlay-opacity":"","overlay-gradient":""},"mobile":{"background-color":"var(--ast-global-color-5)","background-image":"","background-repeat":"repeat","background-position":"center center","background-size":"auto","background-attachment":"scroll","background-type":"","background-media":"","overlay-type":"","overlay-color":"","overlay-opacity":"","overlay-gradient":""}}},"product_brand":[],"product_cat":[96,97],"product_tag":[],"class_list":{"0":"post-20285","1":"product","2":"type-product","3":"status-publish","4":"has-post-thumbnail","6":"product_cat-buecher","7":"product_cat-fremdsprachige-buecher","8":"desktop-align-left","9":"tablet-align-left","10":"mobile-align-left","12":"first","13":"instock","14":"taxable","15":"shipping-taxable","16":"purchasable","17":"product-type-simple"},"yoast_head":"<!-- This site is optimized with the Yoast SEO plugin v26.4 - https:\/\/yoast.com\/wordpress\/plugins\/seo\/ -->\n<title>Ein Gott - Eine Botschaft - arabisch - Ethnos360<\/title>\n<meta name=\"robots\" content=\"noindex, follow, max-snippet:-1, max-image-preview:large, max-video-preview:-1\" \/>\n<meta property=\"og:locale\" content=\"de_DE\" \/>\n<meta property=\"og:type\" content=\"article\" \/>\n<meta property=\"og:title\" content=\"Ein Gott - Eine Botschaft - arabisch - Ethnos360\" \/>\n<meta property=\"og:description\" content=\"Das Buch Ein Gott &#8211; eine Botschaft nimmt den Leser mit auf eine 30-t\u00e4gige Reise durch die Bibel. Das Ziel ist es, das Erl\u00f6sungswerk von Jesus Christus zu verstehen und Jesus selbst lieben zu lernen. Es l\u00e4sst sich gewinnbringend lesen, begegnet den Einw\u00e4nden, die viele Menschen der Bibel und der Christenheit gegen\u00fcber haben. Das Buch [&hellip;]\" \/>\n<meta property=\"og:url\" content=\"https:\/\/www.ethnos360.de\/web_neu\/product\/ein-gott-eine-botschaft-arabisch\/\" \/>\n<meta property=\"og:site_name\" content=\"Ethnos360\" \/>\n<meta property=\"article:publisher\" content=\"https:\/\/www.facebook.com\/Ethnos360de\/\" \/>\n<meta property=\"article:modified_time\" content=\"2024-01-08T17:26:57+00:00\" \/>\n<meta property=\"og:image\" content=\"https:\/\/www.ethnos360.de\/web_neu\/wp-content\/uploads\/2024\/01\/ogom_arabic-front-cover-jpg.jpg\" \/>\n\t<meta property=\"og:image:width\" content=\"433\" \/>\n\t<meta property=\"og:image:height\" content=\"643\" \/>\n\t<meta property=\"og:image:type\" content=\"image\/jpeg\" \/>\n<meta name=\"twitter:card\" content=\"summary_large_image\" \/>\n<meta name=\"twitter:label1\" content=\"Gesch\u00e4tzte Lesezeit\" \/>\n\t<meta name=\"twitter:data1\" content=\"2\u00a0Minuten\" \/>\n<script type=\"application\/ld+json\" class=\"yoast-schema-graph\">{\"@context\":\"https:\/\/schema.org\",\"@graph\":[{\"@type\":\"WebPage\",\"@id\":\"https:\/\/www.ethnos360.de\/web_neu\/product\/ein-gott-eine-botschaft-arabisch\/\",\"url\":\"https:\/\/www.ethnos360.de\/web_neu\/product\/ein-gott-eine-botschaft-arabisch\/\",\"name\":\"Ein Gott - Eine Botschaft - arabisch - Ethnos360\",\"isPartOf\":{\"@id\":\"https:\/\/www.ethnos360.de\/web_neu\/#website\"},\"primaryImageOfPage\":{\"@id\":\"https:\/\/www.ethnos360.de\/web_neu\/product\/ein-gott-eine-botschaft-arabisch\/#primaryimage\"},\"image\":{\"@id\":\"https:\/\/www.ethnos360.de\/web_neu\/product\/ein-gott-eine-botschaft-arabisch\/#primaryimage\"},\"thumbnailUrl\":\"https:\/\/www.ethnos360.de\/web_neu\/wp-content\/uploads\/2024\/01\/ogom_arabic-front-cover-jpg.jpg\",\"datePublished\":\"2024-01-08T17:26:41+00:00\",\"dateModified\":\"2024-01-08T17:26:57+00:00\",\"breadcrumb\":{\"@id\":\"https:\/\/www.ethnos360.de\/web_neu\/product\/ein-gott-eine-botschaft-arabisch\/#breadcrumb\"},\"inLanguage\":\"de\",\"potentialAction\":[{\"@type\":\"ReadAction\",\"target\":[\"https:\/\/www.ethnos360.de\/web_neu\/product\/ein-gott-eine-botschaft-arabisch\/\"]}]},{\"@type\":\"ImageObject\",\"inLanguage\":\"de\",\"@id\":\"https:\/\/www.ethnos360.de\/web_neu\/product\/ein-gott-eine-botschaft-arabisch\/#primaryimage\",\"url\":\"https:\/\/www.ethnos360.de\/web_neu\/wp-content\/uploads\/2024\/01\/ogom_arabic-front-cover-jpg.jpg\",\"contentUrl\":\"https:\/\/www.ethnos360.de\/web_neu\/wp-content\/uploads\/2024\/01\/ogom_arabic-front-cover-jpg.jpg\",\"width\":433,\"height\":643},{\"@type\":\"BreadcrumbList\",\"@id\":\"https:\/\/www.ethnos360.de\/web_neu\/product\/ein-gott-eine-botschaft-arabisch\/#breadcrumb\",\"itemListElement\":[{\"@type\":\"ListItem\",\"position\":1,\"name\":\"Startseite\",\"item\":\"https:\/\/www.ethnos360.de\/web_neu\/\"},{\"@type\":\"ListItem\",\"position\":2,\"name\":\"Shop\",\"item\":\"https:\/\/www.ethnos360.de\/web_neu\/shop\/\"},{\"@type\":\"ListItem\",\"position\":3,\"name\":\"Ein Gott &#8211; Eine Botschaft &#8211; arabisch\"}]},{\"@type\":\"WebSite\",\"@id\":\"https:\/\/www.ethnos360.de\/web_neu\/#website\",\"url\":\"https:\/\/www.ethnos360.de\/web_neu\/\",\"name\":\"Ethnos360\",\"description\":\"\u2026 AUS ALLEN SPRACHEN V\u00d6LKERN UND NATIONEN\",\"publisher\":{\"@id\":\"https:\/\/www.ethnos360.de\/web_neu\/#organization\"},\"potentialAction\":[{\"@type\":\"SearchAction\",\"target\":{\"@type\":\"EntryPoint\",\"urlTemplate\":\"https:\/\/www.ethnos360.de\/web_neu\/?s={search_term_string}\"},\"query-input\":{\"@type\":\"PropertyValueSpecification\",\"valueRequired\":true,\"valueName\":\"search_term_string\"}}],\"inLanguage\":\"de\"},{\"@type\":\"Organization\",\"@id\":\"https:\/\/www.ethnos360.de\/web_neu\/#organization\",\"name\":\"Ethnos360\",\"url\":\"https:\/\/www.ethnos360.de\/web_neu\/\",\"logo\":{\"@type\":\"ImageObject\",\"inLanguage\":\"de\",\"@id\":\"https:\/\/www.ethnos360.de\/web_neu\/#\/schema\/logo\/image\/\",\"url\":\"https:\/\/www.ethnos360.de\/web_neu\/wp-content\/uploads\/2023\/02\/logo.png\",\"contentUrl\":\"https:\/\/www.ethnos360.de\/web_neu\/wp-content\/uploads\/2023\/02\/logo.png\",\"width\":274,\"height\":180,\"caption\":\"Ethnos360\"},\"image\":{\"@id\":\"https:\/\/www.ethnos360.de\/web_neu\/#\/schema\/logo\/image\/\"},\"sameAs\":[\"https:\/\/www.facebook.com\/Ethnos360de\/\",\"https:\/\/www.instagram.com\/ethnos360de\/\",\"https:\/\/www.youtube.com\/channel\/UCwDxjbJYXz4fZDohci9WgmQ\"]}]}<\/script>\n<!-- \/ Yoast SEO plugin. -->","yoast_head_json":{"title":"Ein Gott - Eine Botschaft - arabisch - Ethnos360","robots":{"index":"noindex","follow":"follow","max-snippet":"max-snippet:-1","max-image-preview":"max-image-preview:large","max-video-preview":"max-video-preview:-1"},"og_locale":"de_DE","og_type":"article","og_title":"Ein Gott - Eine Botschaft - arabisch - Ethnos360","og_description":"Das Buch Ein Gott &#8211; eine Botschaft nimmt den Leser mit auf eine 30-t\u00e4gige Reise durch die Bibel. Das Ziel ist es, das Erl\u00f6sungswerk von Jesus Christus zu verstehen und Jesus selbst lieben zu lernen. Es l\u00e4sst sich gewinnbringend lesen, begegnet den Einw\u00e4nden, die viele Menschen der Bibel und der Christenheit gegen\u00fcber haben. Das Buch [&hellip;]","og_url":"https:\/\/www.ethnos360.de\/web_neu\/product\/ein-gott-eine-botschaft-arabisch\/","og_site_name":"Ethnos360","article_publisher":"https:\/\/www.facebook.com\/Ethnos360de\/","article_modified_time":"2024-01-08T17:26:57+00:00","og_image":[{"width":433,"height":643,"url":"https:\/\/www.ethnos360.de\/web_neu\/wp-content\/uploads\/2024\/01\/ogom_arabic-front-cover-jpg.jpg","type":"image\/jpeg"}],"twitter_card":"summary_large_image","twitter_misc":{"Gesch\u00e4tzte Lesezeit":"2\u00a0Minuten"},"schema":{"@context":"https:\/\/schema.org","@graph":[{"@type":"WebPage","@id":"https:\/\/www.ethnos360.de\/web_neu\/product\/ein-gott-eine-botschaft-arabisch\/","url":"https:\/\/www.ethnos360.de\/web_neu\/product\/ein-gott-eine-botschaft-arabisch\/","name":"Ein Gott - Eine Botschaft - arabisch - Ethnos360","isPartOf":{"@id":"https:\/\/www.ethnos360.de\/web_neu\/#website"},"primaryImageOfPage":{"@id":"https:\/\/www.ethnos360.de\/web_neu\/product\/ein-gott-eine-botschaft-arabisch\/#primaryimage"},"image":{"@id":"https:\/\/www.ethnos360.de\/web_neu\/product\/ein-gott-eine-botschaft-arabisch\/#primaryimage"},"thumbnailUrl":"https:\/\/www.ethnos360.de\/web_neu\/wp-content\/uploads\/2024\/01\/ogom_arabic-front-cover-jpg.jpg","datePublished":"2024-01-08T17:26:41+00:00","dateModified":"2024-01-08T17:26:57+00:00","breadcrumb":{"@id":"https:\/\/www.ethnos360.de\/web_neu\/product\/ein-gott-eine-botschaft-arabisch\/#breadcrumb"},"inLanguage":"de","potentialAction":[{"@type":"ReadAction","target":["https:\/\/www.ethnos360.de\/web_neu\/product\/ein-gott-eine-botschaft-arabisch\/"]}]},{"@type":"ImageObject","inLanguage":"de","@id":"https:\/\/www.ethnos360.de\/web_neu\/product\/ein-gott-eine-botschaft-arabisch\/#primaryimage","url":"https:\/\/www.ethnos360.de\/web_neu\/wp-content\/uploads\/2024\/01\/ogom_arabic-front-cover-jpg.jpg","contentUrl":"https:\/\/www.ethnos360.de\/web_neu\/wp-content\/uploads\/2024\/01\/ogom_arabic-front-cover-jpg.jpg","width":433,"height":643},{"@type":"BreadcrumbList","@id":"https:\/\/www.ethnos360.de\/web_neu\/product\/ein-gott-eine-botschaft-arabisch\/#breadcrumb","itemListElement":[{"@type":"ListItem","position":1,"name":"Startseite","item":"https:\/\/www.ethnos360.de\/web_neu\/"},{"@type":"ListItem","position":2,"name":"Shop","item":"https:\/\/www.ethnos360.de\/web_neu\/shop\/"},{"@type":"ListItem","position":3,"name":"Ein Gott &#8211; Eine Botschaft &#8211; arabisch"}]},{"@type":"WebSite","@id":"https:\/\/www.ethnos360.de\/web_neu\/#website","url":"https:\/\/www.ethnos360.de\/web_neu\/","name":"Ethnos360","description":"\u2026 AUS ALLEN SPRACHEN V\u00d6LKERN UND NATIONEN","publisher":{"@id":"https:\/\/www.ethnos360.de\/web_neu\/#organization"},"potentialAction":[{"@type":"SearchAction","target":{"@type":"EntryPoint","urlTemplate":"https:\/\/www.ethnos360.de\/web_neu\/?s={search_term_string}"},"query-input":{"@type":"PropertyValueSpecification","valueRequired":true,"valueName":"search_term_string"}}],"inLanguage":"de"},{"@type":"Organization","@id":"https:\/\/www.ethnos360.de\/web_neu\/#organization","name":"Ethnos360","url":"https:\/\/www.ethnos360.de\/web_neu\/","logo":{"@type":"ImageObject","inLanguage":"de","@id":"https:\/\/www.ethnos360.de\/web_neu\/#\/schema\/logo\/image\/","url":"https:\/\/www.ethnos360.de\/web_neu\/wp-content\/uploads\/2023\/02\/logo.png","contentUrl":"https:\/\/www.ethnos360.de\/web_neu\/wp-content\/uploads\/2023\/02\/logo.png","width":274,"height":180,"caption":"Ethnos360"},"image":{"@id":"https:\/\/www.ethnos360.de\/web_neu\/#\/schema\/logo\/image\/"},"sameAs":["https:\/\/www.facebook.com\/Ethnos360de\/","https:\/\/www.instagram.com\/ethnos360de\/","https:\/\/www.youtube.com\/channel\/UCwDxjbJYXz4fZDohci9WgmQ"]}]}},"_links":{"self":[{"href":"https:\/\/www.ethnos360.de\/web_neu\/wp-json\/wp\/v2\/product\/20285","targetHints":{"allow":["GET"]}}],"collection":[{"href":"https:\/\/www.ethnos360.de\/web_neu\/wp-json\/wp\/v2\/product"}],"about":[{"href":"https:\/\/www.ethnos360.de\/web_neu\/wp-json\/wp\/v2\/types\/product"}],"wp:featuredmedia":[{"embeddable":true,"href":"https:\/\/www.ethnos360.de\/web_neu\/wp-json\/wp\/v2\/media\/20326"}],"wp:attachment":[{"href":"https:\/\/www.ethnos360.de\/web_neu\/wp-json\/wp\/v2\/media?parent=20285"}],"wp:term":[{"taxonomy":"product_brand","embeddable":true,"href":"https:\/\/www.ethnos360.de\/web_neu\/wp-json\/wp\/v2\/product_brand?post=20285"},{"taxonomy":"product_cat","embeddable":true,"href":"https:\/\/www.ethnos360.de\/web_neu\/wp-json\/wp\/v2\/product_cat?post=20285"},{"taxonomy":"product_tag","embeddable":true,"href":"https:\/\/www.ethnos360.de\/web_neu\/wp-json\/wp\/v2\/product_tag?post=20285"}],"curies":[{"name":"wp","href":"https:\/\/api.w.org\/{rel}","templated":true}]}}