{"id":20283,"date":"2024-01-08T18:26:41","date_gmt":"2024-01-08T17:26:41","guid":{"rendered":"https:\/\/ethnos360.de\/web_neu\/?post_type=product&#038;p=20283"},"modified":"2024-01-08T18:26:56","modified_gmt":"2024-01-08T17:26:56","slug":"lo-straniero-sulla-via-per-emmaus-italienisch","status":"publish","type":"product","link":"https:\/\/www.ethnos360.de\/web_neu\/product\/lo-straniero-sulla-via-per-emmaus-italienisch\/","title":{"rendered":"Lo Straniero sulla via per Emmaus &#8211; italienisch"},"content":{"rendered":"<p><strong>Chi era l\u2019uomo? Qual era il messaggio?<\/strong><\/p>\n<p>\u00c9 stato definito \u201cil libro pi\u00f9 frainteso della storia\u201c.<\/p>\n<p>Nel suo nome sono state combattute della battaglie, ha dato origine a svariati scandali, ha indotto forma e riforma di movimenti politici, discussioni, dibattiti e tensioni teologiche. Anche gli scettici sono stati coinvolti. Se il lettore \u00e8 un membro tipico della razza umana, sar\u00e0 rimasto spesso perplesso dinanzi a tutta la \u201econfusione\u201c riguardante la Bibbia. Rimane la questione: \u201eCosa dice effettivamente?\u201c<\/p>\n<p>Il presente \u00e8 un libro che tenta di spiegare con chiarezza e logica i maggiori temi biblici, piuttosto che focalizzare su una sola parte perdendo di vista il quadro generale. L\u2019autore ha cercato di collegare l\u2019intero testo in un\u2019unica storia universale, esaminando gli eventi secondo la prospettiva di coloro che hanno vissuto la storia di persona. A volte il risultato potr\u00e0 sembrare comico, a volte terrificante, ma sempre fedele all\u2019intento del testo.<\/p>\n<p>La lettura della Bibbia pu\u00f2 portare a credere pi\u00f9 che mai in ci\u00f2 che dice, oppure a decidere di non farlo. L\u2019approccio oggettivo dell\u2019autore \u00e8 volto a lasciare la decisione al lettore.<\/p>\n<p><strong>\u00a0<\/strong><\/p>\n<p><strong>John R. Cross<\/strong> ha scritto attingendo ad una conoscenza accumulata ed acquisita da studi della Bibbia di una vita intera. Viaggiando e vivendo in paesi esteri, egli ha anche acquisito una vasta esperienza. John e la sua famiglia sono originari del Canada.<\/p>\n<p>&nbsp;<\/p>\n<p>&nbsp;<\/p>\n<p><em>Der Fremde auf dem Weg nach Emmaus<\/em> in italienischer Sprache. Es erkla\u0308rt das grundlegende Thema der Bibel auf einfache und versta\u0308ndliche Weise. Anstatt sich mit Details zu befassen und dabei das Gesamtbild zu verlieren, verbindet der Autor den Text zu einer gro\u00dfen, umfassenden Erz\u00e4hlung.<\/p>\n","protected":false},"excerpt":{"rendered":"<p>Chi era l\u2019uomo? Qual era il messaggio? \u00c9 stato definito \u201cil libro pi\u00f9 frainteso della storia\u201c. Nel suo nome sono state combattute della battaglie, ha dato origine a svariati scandali, ha indotto forma e riforma di movimenti politici, discussioni, dibattiti e tensioni teologiche. Anche gli scettici sono stati coinvolti. Se il lettore \u00e8 un membro [&hellip;]<\/p>\n","protected":false},"featured_media":20324,"template":"","meta":{"site-sidebar-layout":"default","site-content-layout":"","ast-site-content-layout":"default","site-content-style":"default","site-sidebar-style":"default","ast-global-header-display":"","ast-banner-title-visibility":"","ast-main-header-display":"","ast-hfb-above-header-display":"","ast-hfb-below-header-display":"","ast-hfb-mobile-header-display":"","site-post-title":"","ast-breadcrumbs-content":"","ast-featured-img":"","footer-sml-layout":"","theme-transparent-header-meta":"","adv-header-id-meta":"","stick-header-meta":"","header-above-stick-meta":"","header-main-stick-meta":"","header-below-stick-meta":"","astra-migrate-meta-layouts":"default","ast-page-background-enabled":"default","ast-page-background-meta":{"desktop":{"background-color":"","background-image":"","background-repeat":"repeat","background-position":"center center","background-size":"auto","background-attachment":"scroll","background-type":"","background-media":"","overlay-type":"","overlay-color":"","overlay-opacity":"","overlay-gradient":""},"tablet":{"background-color":"","background-image":"","background-repeat":"repeat","background-position":"center center","background-size":"auto","background-attachment":"scroll","background-type":"","background-media":"","overlay-type":"","overlay-color":"","overlay-opacity":"","overlay-gradient":""},"mobile":{"background-color":"","background-image":"","background-repeat":"repeat","background-position":"center center","background-size":"auto","background-attachment":"scroll","background-type":"","background-media":"","overlay-type":"","overlay-color":"","overlay-opacity":"","overlay-gradient":""}},"ast-content-background-meta":{"desktop":{"background-color":"var(--ast-global-color-5)","background-image":"","background-repeat":"repeat","background-position":"center center","background-size":"auto","background-attachment":"scroll","background-type":"","background-media":"","overlay-type":"","overlay-color":"","overlay-opacity":"","overlay-gradient":""},"tablet":{"background-color":"var(--ast-global-color-5)","background-image":"","background-repeat":"repeat","background-position":"center center","background-size":"auto","background-attachment":"scroll","background-type":"","background-media":"","overlay-type":"","overlay-color":"","overlay-opacity":"","overlay-gradient":""},"mobile":{"background-color":"var(--ast-global-color-5)","background-image":"","background-repeat":"repeat","background-position":"center center","background-size":"auto","background-attachment":"scroll","background-type":"","background-media":"","overlay-type":"","overlay-color":"","overlay-opacity":"","overlay-gradient":""}}},"product_brand":[],"product_cat":[96,97],"product_tag":[],"class_list":{"0":"post-20283","1":"product","2":"type-product","3":"status-publish","4":"has-post-thumbnail","6":"product_cat-buecher","7":"product_cat-fremdsprachige-buecher","8":"desktop-align-left","9":"tablet-align-left","10":"mobile-align-left","12":"first","13":"instock","14":"taxable","15":"shipping-taxable","16":"purchasable","17":"product-type-simple"},"yoast_head":"<!-- This site is optimized with the Yoast SEO plugin v26.4 - https:\/\/yoast.com\/wordpress\/plugins\/seo\/ -->\n<title>Lo Straniero sulla via per Emmaus - italienisch - Ethnos360<\/title>\n<meta name=\"robots\" content=\"noindex, follow, max-snippet:-1, max-image-preview:large, max-video-preview:-1\" \/>\n<meta property=\"og:locale\" content=\"de_DE\" \/>\n<meta property=\"og:type\" content=\"article\" \/>\n<meta property=\"og:title\" content=\"Lo Straniero sulla via per Emmaus - italienisch - Ethnos360\" \/>\n<meta property=\"og:description\" content=\"Chi era l\u2019uomo? Qual era il messaggio? \u00c9 stato definito \u201cil libro pi\u00f9 frainteso della storia\u201c. Nel suo nome sono state combattute della battaglie, ha dato origine a svariati scandali, ha indotto forma e riforma di movimenti politici, discussioni, dibattiti e tensioni teologiche. Anche gli scettici sono stati coinvolti. Se il lettore \u00e8 un membro [&hellip;]\" \/>\n<meta property=\"og:url\" content=\"https:\/\/www.ethnos360.de\/web_neu\/product\/lo-straniero-sulla-via-per-emmaus-italienisch\/\" \/>\n<meta property=\"og:site_name\" content=\"Ethnos360\" \/>\n<meta property=\"article:publisher\" content=\"https:\/\/www.facebook.com\/Ethnos360de\/\" \/>\n<meta property=\"article:modified_time\" content=\"2024-01-08T17:26:56+00:00\" \/>\n<meta property=\"og:image\" content=\"https:\/\/www.ethnos360.de\/web_neu\/wp-content\/uploads\/2024\/01\/buch_der_fremde_it_hd_small.jpg\" \/>\n\t<meta property=\"og:image:width\" content=\"700\" \/>\n\t<meta property=\"og:image:height\" content=\"1052\" \/>\n\t<meta property=\"og:image:type\" content=\"image\/jpeg\" \/>\n<meta name=\"twitter:card\" content=\"summary_large_image\" \/>\n<meta name=\"twitter:label1\" content=\"Gesch\u00e4tzte Lesezeit\" \/>\n\t<meta name=\"twitter:data1\" content=\"1\u00a0Minute\" \/>\n<script type=\"application\/ld+json\" class=\"yoast-schema-graph\">{\"@context\":\"https:\/\/schema.org\",\"@graph\":[{\"@type\":\"WebPage\",\"@id\":\"https:\/\/www.ethnos360.de\/web_neu\/product\/lo-straniero-sulla-via-per-emmaus-italienisch\/\",\"url\":\"https:\/\/www.ethnos360.de\/web_neu\/product\/lo-straniero-sulla-via-per-emmaus-italienisch\/\",\"name\":\"Lo Straniero sulla via per Emmaus - italienisch - Ethnos360\",\"isPartOf\":{\"@id\":\"https:\/\/www.ethnos360.de\/web_neu\/#website\"},\"primaryImageOfPage\":{\"@id\":\"https:\/\/www.ethnos360.de\/web_neu\/product\/lo-straniero-sulla-via-per-emmaus-italienisch\/#primaryimage\"},\"image\":{\"@id\":\"https:\/\/www.ethnos360.de\/web_neu\/product\/lo-straniero-sulla-via-per-emmaus-italienisch\/#primaryimage\"},\"thumbnailUrl\":\"https:\/\/www.ethnos360.de\/web_neu\/wp-content\/uploads\/2024\/01\/buch_der_fremde_it_hd_small.jpg\",\"datePublished\":\"2024-01-08T17:26:41+00:00\",\"dateModified\":\"2024-01-08T17:26:56+00:00\",\"breadcrumb\":{\"@id\":\"https:\/\/www.ethnos360.de\/web_neu\/product\/lo-straniero-sulla-via-per-emmaus-italienisch\/#breadcrumb\"},\"inLanguage\":\"de\",\"potentialAction\":[{\"@type\":\"ReadAction\",\"target\":[\"https:\/\/www.ethnos360.de\/web_neu\/product\/lo-straniero-sulla-via-per-emmaus-italienisch\/\"]}]},{\"@type\":\"ImageObject\",\"inLanguage\":\"de\",\"@id\":\"https:\/\/www.ethnos360.de\/web_neu\/product\/lo-straniero-sulla-via-per-emmaus-italienisch\/#primaryimage\",\"url\":\"https:\/\/www.ethnos360.de\/web_neu\/wp-content\/uploads\/2024\/01\/buch_der_fremde_it_hd_small.jpg\",\"contentUrl\":\"https:\/\/www.ethnos360.de\/web_neu\/wp-content\/uploads\/2024\/01\/buch_der_fremde_it_hd_small.jpg\",\"width\":700,\"height\":1052},{\"@type\":\"BreadcrumbList\",\"@id\":\"https:\/\/www.ethnos360.de\/web_neu\/product\/lo-straniero-sulla-via-per-emmaus-italienisch\/#breadcrumb\",\"itemListElement\":[{\"@type\":\"ListItem\",\"position\":1,\"name\":\"Startseite\",\"item\":\"https:\/\/www.ethnos360.de\/web_neu\/\"},{\"@type\":\"ListItem\",\"position\":2,\"name\":\"Shop\",\"item\":\"https:\/\/www.ethnos360.de\/web_neu\/shop\/\"},{\"@type\":\"ListItem\",\"position\":3,\"name\":\"Lo Straniero sulla via per Emmaus &#8211; italienisch\"}]},{\"@type\":\"WebSite\",\"@id\":\"https:\/\/www.ethnos360.de\/web_neu\/#website\",\"url\":\"https:\/\/www.ethnos360.de\/web_neu\/\",\"name\":\"Ethnos360\",\"description\":\"\u2026 AUS ALLEN SPRACHEN V\u00d6LKERN UND NATIONEN\",\"publisher\":{\"@id\":\"https:\/\/www.ethnos360.de\/web_neu\/#organization\"},\"potentialAction\":[{\"@type\":\"SearchAction\",\"target\":{\"@type\":\"EntryPoint\",\"urlTemplate\":\"https:\/\/www.ethnos360.de\/web_neu\/?s={search_term_string}\"},\"query-input\":{\"@type\":\"PropertyValueSpecification\",\"valueRequired\":true,\"valueName\":\"search_term_string\"}}],\"inLanguage\":\"de\"},{\"@type\":\"Organization\",\"@id\":\"https:\/\/www.ethnos360.de\/web_neu\/#organization\",\"name\":\"Ethnos360\",\"url\":\"https:\/\/www.ethnos360.de\/web_neu\/\",\"logo\":{\"@type\":\"ImageObject\",\"inLanguage\":\"de\",\"@id\":\"https:\/\/www.ethnos360.de\/web_neu\/#\/schema\/logo\/image\/\",\"url\":\"https:\/\/www.ethnos360.de\/web_neu\/wp-content\/uploads\/2023\/02\/logo.png\",\"contentUrl\":\"https:\/\/www.ethnos360.de\/web_neu\/wp-content\/uploads\/2023\/02\/logo.png\",\"width\":274,\"height\":180,\"caption\":\"Ethnos360\"},\"image\":{\"@id\":\"https:\/\/www.ethnos360.de\/web_neu\/#\/schema\/logo\/image\/\"},\"sameAs\":[\"https:\/\/www.facebook.com\/Ethnos360de\/\",\"https:\/\/www.instagram.com\/ethnos360de\/\",\"https:\/\/www.youtube.com\/channel\/UCwDxjbJYXz4fZDohci9WgmQ\"]}]}<\/script>\n<!-- \/ Yoast SEO plugin. -->","yoast_head_json":{"title":"Lo Straniero sulla via per Emmaus - italienisch - Ethnos360","robots":{"index":"noindex","follow":"follow","max-snippet":"max-snippet:-1","max-image-preview":"max-image-preview:large","max-video-preview":"max-video-preview:-1"},"og_locale":"de_DE","og_type":"article","og_title":"Lo Straniero sulla via per Emmaus - italienisch - Ethnos360","og_description":"Chi era l\u2019uomo? Qual era il messaggio? \u00c9 stato definito \u201cil libro pi\u00f9 frainteso della storia\u201c. Nel suo nome sono state combattute della battaglie, ha dato origine a svariati scandali, ha indotto forma e riforma di movimenti politici, discussioni, dibattiti e tensioni teologiche. Anche gli scettici sono stati coinvolti. Se il lettore \u00e8 un membro [&hellip;]","og_url":"https:\/\/www.ethnos360.de\/web_neu\/product\/lo-straniero-sulla-via-per-emmaus-italienisch\/","og_site_name":"Ethnos360","article_publisher":"https:\/\/www.facebook.com\/Ethnos360de\/","article_modified_time":"2024-01-08T17:26:56+00:00","og_image":[{"width":700,"height":1052,"url":"https:\/\/www.ethnos360.de\/web_neu\/wp-content\/uploads\/2024\/01\/buch_der_fremde_it_hd_small.jpg","type":"image\/jpeg"}],"twitter_card":"summary_large_image","twitter_misc":{"Gesch\u00e4tzte Lesezeit":"1\u00a0Minute"},"schema":{"@context":"https:\/\/schema.org","@graph":[{"@type":"WebPage","@id":"https:\/\/www.ethnos360.de\/web_neu\/product\/lo-straniero-sulla-via-per-emmaus-italienisch\/","url":"https:\/\/www.ethnos360.de\/web_neu\/product\/lo-straniero-sulla-via-per-emmaus-italienisch\/","name":"Lo Straniero sulla via per Emmaus - italienisch - Ethnos360","isPartOf":{"@id":"https:\/\/www.ethnos360.de\/web_neu\/#website"},"primaryImageOfPage":{"@id":"https:\/\/www.ethnos360.de\/web_neu\/product\/lo-straniero-sulla-via-per-emmaus-italienisch\/#primaryimage"},"image":{"@id":"https:\/\/www.ethnos360.de\/web_neu\/product\/lo-straniero-sulla-via-per-emmaus-italienisch\/#primaryimage"},"thumbnailUrl":"https:\/\/www.ethnos360.de\/web_neu\/wp-content\/uploads\/2024\/01\/buch_der_fremde_it_hd_small.jpg","datePublished":"2024-01-08T17:26:41+00:00","dateModified":"2024-01-08T17:26:56+00:00","breadcrumb":{"@id":"https:\/\/www.ethnos360.de\/web_neu\/product\/lo-straniero-sulla-via-per-emmaus-italienisch\/#breadcrumb"},"inLanguage":"de","potentialAction":[{"@type":"ReadAction","target":["https:\/\/www.ethnos360.de\/web_neu\/product\/lo-straniero-sulla-via-per-emmaus-italienisch\/"]}]},{"@type":"ImageObject","inLanguage":"de","@id":"https:\/\/www.ethnos360.de\/web_neu\/product\/lo-straniero-sulla-via-per-emmaus-italienisch\/#primaryimage","url":"https:\/\/www.ethnos360.de\/web_neu\/wp-content\/uploads\/2024\/01\/buch_der_fremde_it_hd_small.jpg","contentUrl":"https:\/\/www.ethnos360.de\/web_neu\/wp-content\/uploads\/2024\/01\/buch_der_fremde_it_hd_small.jpg","width":700,"height":1052},{"@type":"BreadcrumbList","@id":"https:\/\/www.ethnos360.de\/web_neu\/product\/lo-straniero-sulla-via-per-emmaus-italienisch\/#breadcrumb","itemListElement":[{"@type":"ListItem","position":1,"name":"Startseite","item":"https:\/\/www.ethnos360.de\/web_neu\/"},{"@type":"ListItem","position":2,"name":"Shop","item":"https:\/\/www.ethnos360.de\/web_neu\/shop\/"},{"@type":"ListItem","position":3,"name":"Lo Straniero sulla via per Emmaus &#8211; italienisch"}]},{"@type":"WebSite","@id":"https:\/\/www.ethnos360.de\/web_neu\/#website","url":"https:\/\/www.ethnos360.de\/web_neu\/","name":"Ethnos360","description":"\u2026 AUS ALLEN SPRACHEN V\u00d6LKERN UND NATIONEN","publisher":{"@id":"https:\/\/www.ethnos360.de\/web_neu\/#organization"},"potentialAction":[{"@type":"SearchAction","target":{"@type":"EntryPoint","urlTemplate":"https:\/\/www.ethnos360.de\/web_neu\/?s={search_term_string}"},"query-input":{"@type":"PropertyValueSpecification","valueRequired":true,"valueName":"search_term_string"}}],"inLanguage":"de"},{"@type":"Organization","@id":"https:\/\/www.ethnos360.de\/web_neu\/#organization","name":"Ethnos360","url":"https:\/\/www.ethnos360.de\/web_neu\/","logo":{"@type":"ImageObject","inLanguage":"de","@id":"https:\/\/www.ethnos360.de\/web_neu\/#\/schema\/logo\/image\/","url":"https:\/\/www.ethnos360.de\/web_neu\/wp-content\/uploads\/2023\/02\/logo.png","contentUrl":"https:\/\/www.ethnos360.de\/web_neu\/wp-content\/uploads\/2023\/02\/logo.png","width":274,"height":180,"caption":"Ethnos360"},"image":{"@id":"https:\/\/www.ethnos360.de\/web_neu\/#\/schema\/logo\/image\/"},"sameAs":["https:\/\/www.facebook.com\/Ethnos360de\/","https:\/\/www.instagram.com\/ethnos360de\/","https:\/\/www.youtube.com\/channel\/UCwDxjbJYXz4fZDohci9WgmQ"]}]}},"_links":{"self":[{"href":"https:\/\/www.ethnos360.de\/web_neu\/wp-json\/wp\/v2\/product\/20283","targetHints":{"allow":["GET"]}}],"collection":[{"href":"https:\/\/www.ethnos360.de\/web_neu\/wp-json\/wp\/v2\/product"}],"about":[{"href":"https:\/\/www.ethnos360.de\/web_neu\/wp-json\/wp\/v2\/types\/product"}],"wp:featuredmedia":[{"embeddable":true,"href":"https:\/\/www.ethnos360.de\/web_neu\/wp-json\/wp\/v2\/media\/20324"}],"wp:attachment":[{"href":"https:\/\/www.ethnos360.de\/web_neu\/wp-json\/wp\/v2\/media?parent=20283"}],"wp:term":[{"taxonomy":"product_brand","embeddable":true,"href":"https:\/\/www.ethnos360.de\/web_neu\/wp-json\/wp\/v2\/product_brand?post=20283"},{"taxonomy":"product_cat","embeddable":true,"href":"https:\/\/www.ethnos360.de\/web_neu\/wp-json\/wp\/v2\/product_cat?post=20283"},{"taxonomy":"product_tag","embeddable":true,"href":"https:\/\/www.ethnos360.de\/web_neu\/wp-json\/wp\/v2\/product_tag?post=20283"}],"curies":[{"name":"wp","href":"https:\/\/api.w.org\/{rel}","templated":true}]}}