{"id":20276,"date":"2024-01-08T18:26:41","date_gmt":"2024-01-08T17:26:41","guid":{"rendered":"https:\/\/ethnos360.de\/web_neu\/?post_type=product&#038;p=20276"},"modified":"2024-01-08T18:26:48","modified_gmt":"2024-01-08T17:26:48","slug":"unsere-medizinmaenner-sind-zu-schwach","status":"publish","type":"product","link":"https:\/\/www.ethnos360.de\/web_neu\/product\/unsere-medizinmaenner-sind-zu-schwach\/","title":{"rendered":"Unsere Medizinm\u00e4nner sind zu schwach"},"content":{"rendered":"<p><b>Das neue Leben eines Volkes im Amazonasgebiet<\/b><\/p>\n<p>Als Missionar weit abgelegen in den Amazonas-Regenwald zu den Wilo zu gehen, hei\u00dft f\u00fcr Davey Jank, in eine Welt einzutauchen, in der die Einflussreichen Magie betreiben und die Eingesch\u00fcchterten aus Angst zu Verzweiflungstaten und in tiefe Hoffnungslosigkeit gedr\u00e4ngt werden.<\/p>\n<p>Davey, Marie und ihre Mitarbeiter st\u00fcrzen sich in die Mammutaufgabe, die ungeschriebene Sprache der Wilo zu entschl\u00fcsseln und zu erlernen. Es ist ein langer Prozess, den Davey mit viel Humor und unersch\u00fctterlichem Glauben durchlebt. Nach einigen Jahren k\u00f6nnen die Wilo erstmals ihre eigene Sprache lesen und schreiben lernen, was sie mit Begeisterung tun. Aber das gen\u00fcgt ihnen nicht, sie wollen mehr. Sie wollen wissen, was &#8222;Gottes Rede&#8220; sagt. Sie halten sich an dem Hoffnungsschimmer fest, dass es im Leben doch mehr geben muss als den Teufelskreis der Angst vor den Geistern und der Versuche, die Geister zufriedenzustellen &#8230;<\/p>\n<p>316 Seiten<\/p>\n<p><b>Leserstimmen:<\/b><\/p>\n<p>&#8222;Dieses Buch kann mit einem Wort zusammengefasst werden: Authentisch! Es geht um Mission in der Wildnis. Wenn Davey und Marie \u00fcber den Dschungel schreiben, kann man ihn riechen. Wenn sie \u00fcber die Sprache schreiben, dann strengst du dich an. Wenn sie \u00fcber die Menschen im Stamm schreiben, dann kicherst und trauerst du. Wenn sie \u00fcber die Missionare schreiben, dann wirken die wie echte Menschen. Und wenn sie \u00fcber die Bibel schreiben, dann hast du Hoffnung.&#8220; John Cross, Autor und Lehrer, GoodSeed International<\/p>\n<p>&#8222;Dieses Buch ist gro\u00dfartig! Wir haben es geliebt und gelacht und gelacht. Und haben so viel gelernt. Dies ist ein unterhaltsames und aufschlussreiches Dschungelabenteuer. Beide Daumen hoch!&#8220; Gracia Burnham, Autorin von <i>Im Angesicht meiner Feinde<\/i><\/p>\n<p>&#8222;Eine der besten, ehrlichen Lekt\u00fcren, um herauszufinden, was es bedeutet, in eine abgelegene Kultur einzutauchen. Sie spiegelt die harten Umst\u00e4nde wider, die Entt\u00e4uschungen, die Komplikationen, die Freude und die Verwirrung, die manchmal aufkommt, wenn man mit einem Volk zusammenlebt, das so au\u00dferordentlich anders ist als das Eigene. Ich kann dieses Buch nur w\u00e4rmstens empfehlen.&#8220; Larry Brown, Vorstand von Ethnos360, founded as New Tribes Mission, USA<\/p>\n","protected":false},"excerpt":{"rendered":"<p>Autobiographische Skizzen von Ehepaar Jank \u00fcber ihre Arbeit unter den Wilo am Amazonas<\/p>\n","protected":false},"featured_media":20303,"template":"","meta":{"site-sidebar-layout":"default","site-content-layout":"","ast-site-content-layout":"default","site-content-style":"default","site-sidebar-style":"default","ast-global-header-display":"","ast-banner-title-visibility":"","ast-main-header-display":"","ast-hfb-above-header-display":"","ast-hfb-below-header-display":"","ast-hfb-mobile-header-display":"","site-post-title":"","ast-breadcrumbs-content":"","ast-featured-img":"","footer-sml-layout":"","theme-transparent-header-meta":"","adv-header-id-meta":"","stick-header-meta":"","header-above-stick-meta":"","header-main-stick-meta":"","header-below-stick-meta":"","astra-migrate-meta-layouts":"default","ast-page-background-enabled":"default","ast-page-background-meta":{"desktop":{"background-color":"","background-image":"","background-repeat":"repeat","background-position":"center center","background-size":"auto","background-attachment":"scroll","background-type":"","background-media":"","overlay-type":"","overlay-color":"","overlay-opacity":"","overlay-gradient":""},"tablet":{"background-color":"","background-image":"","background-repeat":"repeat","background-position":"center center","background-size":"auto","background-attachment":"scroll","background-type":"","background-media":"","overlay-type":"","overlay-color":"","overlay-opacity":"","overlay-gradient":""},"mobile":{"background-color":"","background-image":"","background-repeat":"repeat","background-position":"center center","background-size":"auto","background-attachment":"scroll","background-type":"","background-media":"","overlay-type":"","overlay-color":"","overlay-opacity":"","overlay-gradient":""}},"ast-content-background-meta":{"desktop":{"background-color":"var(--ast-global-color-5)","background-image":"","background-repeat":"repeat","background-position":"center center","background-size":"auto","background-attachment":"scroll","background-type":"","background-media":"","overlay-type":"","overlay-color":"","overlay-opacity":"","overlay-gradient":""},"tablet":{"background-color":"var(--ast-global-color-5)","background-image":"","background-repeat":"repeat","background-position":"center center","background-size":"auto","background-attachment":"scroll","background-type":"","background-media":"","overlay-type":"","overlay-color":"","overlay-opacity":"","overlay-gradient":""},"mobile":{"background-color":"var(--ast-global-color-5)","background-image":"","background-repeat":"repeat","background-position":"center center","background-size":"auto","background-attachment":"scroll","background-type":"","background-media":"","overlay-type":"","overlay-color":"","overlay-opacity":"","overlay-gradient":""}}},"product_brand":[],"product_cat":[96],"product_tag":[],"class_list":{"0":"post-20276","1":"product","2":"type-product","3":"status-publish","4":"has-post-thumbnail","6":"product_cat-buecher","7":"desktop-align-left","8":"tablet-align-left","9":"mobile-align-left","11":"first","12":"instock","13":"taxable","14":"shipping-taxable","15":"purchasable","16":"product-type-simple"},"yoast_head":"<!-- This site is optimized with the Yoast SEO plugin v26.4 - https:\/\/yoast.com\/wordpress\/plugins\/seo\/ -->\n<title>Unsere Medizinm\u00e4nner sind zu schwach - Ethnos360<\/title>\n<meta name=\"robots\" content=\"noindex, follow, max-snippet:-1, max-image-preview:large, max-video-preview:-1\" \/>\n<meta property=\"og:locale\" content=\"de_DE\" \/>\n<meta property=\"og:type\" content=\"article\" \/>\n<meta property=\"og:title\" content=\"Unsere Medizinm\u00e4nner sind zu schwach - Ethnos360\" \/>\n<meta property=\"og:description\" content=\"Autobiographische Skizzen von Ehepaar Jank \u00fcber ihre Arbeit unter den Wilo am Amazonas\" \/>\n<meta property=\"og:url\" content=\"https:\/\/www.ethnos360.de\/web_neu\/product\/unsere-medizinmaenner-sind-zu-schwach\/\" \/>\n<meta property=\"og:site_name\" content=\"Ethnos360\" \/>\n<meta property=\"article:publisher\" content=\"https:\/\/www.facebook.com\/Ethnos360de\/\" \/>\n<meta property=\"article:modified_time\" content=\"2024-01-08T17:26:48+00:00\" \/>\n<meta property=\"og:image\" content=\"https:\/\/www.ethnos360.de\/web_neu\/wp-content\/uploads\/2024\/01\/unsere_medizinm1.jpg\" \/>\n\t<meta property=\"og:image:width\" content=\"674\" \/>\n\t<meta property=\"og:image:height\" content=\"1024\" \/>\n\t<meta property=\"og:image:type\" content=\"image\/jpeg\" \/>\n<meta name=\"twitter:card\" content=\"summary_large_image\" \/>\n<meta name=\"twitter:label1\" content=\"Gesch\u00e4tzte Lesezeit\" \/>\n\t<meta name=\"twitter:data1\" content=\"2\u00a0Minuten\" \/>\n<script type=\"application\/ld+json\" class=\"yoast-schema-graph\">{\"@context\":\"https:\/\/schema.org\",\"@graph\":[{\"@type\":\"WebPage\",\"@id\":\"https:\/\/www.ethnos360.de\/web_neu\/product\/unsere-medizinmaenner-sind-zu-schwach\/\",\"url\":\"https:\/\/www.ethnos360.de\/web_neu\/product\/unsere-medizinmaenner-sind-zu-schwach\/\",\"name\":\"Unsere Medizinm\u00e4nner sind zu schwach - Ethnos360\",\"isPartOf\":{\"@id\":\"https:\/\/www.ethnos360.de\/web_neu\/#website\"},\"primaryImageOfPage\":{\"@id\":\"https:\/\/www.ethnos360.de\/web_neu\/product\/unsere-medizinmaenner-sind-zu-schwach\/#primaryimage\"},\"image\":{\"@id\":\"https:\/\/www.ethnos360.de\/web_neu\/product\/unsere-medizinmaenner-sind-zu-schwach\/#primaryimage\"},\"thumbnailUrl\":\"https:\/\/www.ethnos360.de\/web_neu\/wp-content\/uploads\/2024\/01\/unsere_medizinm1.jpg\",\"datePublished\":\"2024-01-08T17:26:41+00:00\",\"dateModified\":\"2024-01-08T17:26:48+00:00\",\"breadcrumb\":{\"@id\":\"https:\/\/www.ethnos360.de\/web_neu\/product\/unsere-medizinmaenner-sind-zu-schwach\/#breadcrumb\"},\"inLanguage\":\"de\",\"potentialAction\":[{\"@type\":\"ReadAction\",\"target\":[\"https:\/\/www.ethnos360.de\/web_neu\/product\/unsere-medizinmaenner-sind-zu-schwach\/\"]}]},{\"@type\":\"ImageObject\",\"inLanguage\":\"de\",\"@id\":\"https:\/\/www.ethnos360.de\/web_neu\/product\/unsere-medizinmaenner-sind-zu-schwach\/#primaryimage\",\"url\":\"https:\/\/www.ethnos360.de\/web_neu\/wp-content\/uploads\/2024\/01\/unsere_medizinm1.jpg\",\"contentUrl\":\"https:\/\/www.ethnos360.de\/web_neu\/wp-content\/uploads\/2024\/01\/unsere_medizinm1.jpg\",\"width\":674,\"height\":1024},{\"@type\":\"BreadcrumbList\",\"@id\":\"https:\/\/www.ethnos360.de\/web_neu\/product\/unsere-medizinmaenner-sind-zu-schwach\/#breadcrumb\",\"itemListElement\":[{\"@type\":\"ListItem\",\"position\":1,\"name\":\"Startseite\",\"item\":\"https:\/\/www.ethnos360.de\/web_neu\/\"},{\"@type\":\"ListItem\",\"position\":2,\"name\":\"Shop\",\"item\":\"https:\/\/www.ethnos360.de\/web_neu\/shop\/\"},{\"@type\":\"ListItem\",\"position\":3,\"name\":\"Unsere Medizinm\u00e4nner sind zu schwach\"}]},{\"@type\":\"WebSite\",\"@id\":\"https:\/\/www.ethnos360.de\/web_neu\/#website\",\"url\":\"https:\/\/www.ethnos360.de\/web_neu\/\",\"name\":\"Ethnos360\",\"description\":\"\u2026 AUS ALLEN SPRACHEN V\u00d6LKERN UND NATIONEN\",\"publisher\":{\"@id\":\"https:\/\/www.ethnos360.de\/web_neu\/#organization\"},\"potentialAction\":[{\"@type\":\"SearchAction\",\"target\":{\"@type\":\"EntryPoint\",\"urlTemplate\":\"https:\/\/www.ethnos360.de\/web_neu\/?s={search_term_string}\"},\"query-input\":{\"@type\":\"PropertyValueSpecification\",\"valueRequired\":true,\"valueName\":\"search_term_string\"}}],\"inLanguage\":\"de\"},{\"@type\":\"Organization\",\"@id\":\"https:\/\/www.ethnos360.de\/web_neu\/#organization\",\"name\":\"Ethnos360\",\"url\":\"https:\/\/www.ethnos360.de\/web_neu\/\",\"logo\":{\"@type\":\"ImageObject\",\"inLanguage\":\"de\",\"@id\":\"https:\/\/www.ethnos360.de\/web_neu\/#\/schema\/logo\/image\/\",\"url\":\"https:\/\/www.ethnos360.de\/web_neu\/wp-content\/uploads\/2023\/02\/logo.png\",\"contentUrl\":\"https:\/\/www.ethnos360.de\/web_neu\/wp-content\/uploads\/2023\/02\/logo.png\",\"width\":274,\"height\":180,\"caption\":\"Ethnos360\"},\"image\":{\"@id\":\"https:\/\/www.ethnos360.de\/web_neu\/#\/schema\/logo\/image\/\"},\"sameAs\":[\"https:\/\/www.facebook.com\/Ethnos360de\/\",\"https:\/\/www.instagram.com\/ethnos360de\/\",\"https:\/\/www.youtube.com\/channel\/UCwDxjbJYXz4fZDohci9WgmQ\"]}]}<\/script>\n<!-- \/ Yoast SEO plugin. -->","yoast_head_json":{"title":"Unsere Medizinm\u00e4nner sind zu schwach - Ethnos360","robots":{"index":"noindex","follow":"follow","max-snippet":"max-snippet:-1","max-image-preview":"max-image-preview:large","max-video-preview":"max-video-preview:-1"},"og_locale":"de_DE","og_type":"article","og_title":"Unsere Medizinm\u00e4nner sind zu schwach - Ethnos360","og_description":"Autobiographische Skizzen von Ehepaar Jank \u00fcber ihre Arbeit unter den Wilo am Amazonas","og_url":"https:\/\/www.ethnos360.de\/web_neu\/product\/unsere-medizinmaenner-sind-zu-schwach\/","og_site_name":"Ethnos360","article_publisher":"https:\/\/www.facebook.com\/Ethnos360de\/","article_modified_time":"2024-01-08T17:26:48+00:00","og_image":[{"width":674,"height":1024,"url":"https:\/\/www.ethnos360.de\/web_neu\/wp-content\/uploads\/2024\/01\/unsere_medizinm1.jpg","type":"image\/jpeg"}],"twitter_card":"summary_large_image","twitter_misc":{"Gesch\u00e4tzte Lesezeit":"2\u00a0Minuten"},"schema":{"@context":"https:\/\/schema.org","@graph":[{"@type":"WebPage","@id":"https:\/\/www.ethnos360.de\/web_neu\/product\/unsere-medizinmaenner-sind-zu-schwach\/","url":"https:\/\/www.ethnos360.de\/web_neu\/product\/unsere-medizinmaenner-sind-zu-schwach\/","name":"Unsere Medizinm\u00e4nner sind zu schwach - Ethnos360","isPartOf":{"@id":"https:\/\/www.ethnos360.de\/web_neu\/#website"},"primaryImageOfPage":{"@id":"https:\/\/www.ethnos360.de\/web_neu\/product\/unsere-medizinmaenner-sind-zu-schwach\/#primaryimage"},"image":{"@id":"https:\/\/www.ethnos360.de\/web_neu\/product\/unsere-medizinmaenner-sind-zu-schwach\/#primaryimage"},"thumbnailUrl":"https:\/\/www.ethnos360.de\/web_neu\/wp-content\/uploads\/2024\/01\/unsere_medizinm1.jpg","datePublished":"2024-01-08T17:26:41+00:00","dateModified":"2024-01-08T17:26:48+00:00","breadcrumb":{"@id":"https:\/\/www.ethnos360.de\/web_neu\/product\/unsere-medizinmaenner-sind-zu-schwach\/#breadcrumb"},"inLanguage":"de","potentialAction":[{"@type":"ReadAction","target":["https:\/\/www.ethnos360.de\/web_neu\/product\/unsere-medizinmaenner-sind-zu-schwach\/"]}]},{"@type":"ImageObject","inLanguage":"de","@id":"https:\/\/www.ethnos360.de\/web_neu\/product\/unsere-medizinmaenner-sind-zu-schwach\/#primaryimage","url":"https:\/\/www.ethnos360.de\/web_neu\/wp-content\/uploads\/2024\/01\/unsere_medizinm1.jpg","contentUrl":"https:\/\/www.ethnos360.de\/web_neu\/wp-content\/uploads\/2024\/01\/unsere_medizinm1.jpg","width":674,"height":1024},{"@type":"BreadcrumbList","@id":"https:\/\/www.ethnos360.de\/web_neu\/product\/unsere-medizinmaenner-sind-zu-schwach\/#breadcrumb","itemListElement":[{"@type":"ListItem","position":1,"name":"Startseite","item":"https:\/\/www.ethnos360.de\/web_neu\/"},{"@type":"ListItem","position":2,"name":"Shop","item":"https:\/\/www.ethnos360.de\/web_neu\/shop\/"},{"@type":"ListItem","position":3,"name":"Unsere Medizinm\u00e4nner sind zu schwach"}]},{"@type":"WebSite","@id":"https:\/\/www.ethnos360.de\/web_neu\/#website","url":"https:\/\/www.ethnos360.de\/web_neu\/","name":"Ethnos360","description":"\u2026 AUS ALLEN SPRACHEN V\u00d6LKERN UND NATIONEN","publisher":{"@id":"https:\/\/www.ethnos360.de\/web_neu\/#organization"},"potentialAction":[{"@type":"SearchAction","target":{"@type":"EntryPoint","urlTemplate":"https:\/\/www.ethnos360.de\/web_neu\/?s={search_term_string}"},"query-input":{"@type":"PropertyValueSpecification","valueRequired":true,"valueName":"search_term_string"}}],"inLanguage":"de"},{"@type":"Organization","@id":"https:\/\/www.ethnos360.de\/web_neu\/#organization","name":"Ethnos360","url":"https:\/\/www.ethnos360.de\/web_neu\/","logo":{"@type":"ImageObject","inLanguage":"de","@id":"https:\/\/www.ethnos360.de\/web_neu\/#\/schema\/logo\/image\/","url":"https:\/\/www.ethnos360.de\/web_neu\/wp-content\/uploads\/2023\/02\/logo.png","contentUrl":"https:\/\/www.ethnos360.de\/web_neu\/wp-content\/uploads\/2023\/02\/logo.png","width":274,"height":180,"caption":"Ethnos360"},"image":{"@id":"https:\/\/www.ethnos360.de\/web_neu\/#\/schema\/logo\/image\/"},"sameAs":["https:\/\/www.facebook.com\/Ethnos360de\/","https:\/\/www.instagram.com\/ethnos360de\/","https:\/\/www.youtube.com\/channel\/UCwDxjbJYXz4fZDohci9WgmQ"]}]}},"_links":{"self":[{"href":"https:\/\/www.ethnos360.de\/web_neu\/wp-json\/wp\/v2\/product\/20276","targetHints":{"allow":["GET"]}}],"collection":[{"href":"https:\/\/www.ethnos360.de\/web_neu\/wp-json\/wp\/v2\/product"}],"about":[{"href":"https:\/\/www.ethnos360.de\/web_neu\/wp-json\/wp\/v2\/types\/product"}],"wp:featuredmedia":[{"embeddable":true,"href":"https:\/\/www.ethnos360.de\/web_neu\/wp-json\/wp\/v2\/media\/20303"}],"wp:attachment":[{"href":"https:\/\/www.ethnos360.de\/web_neu\/wp-json\/wp\/v2\/media?parent=20276"}],"wp:term":[{"taxonomy":"product_brand","embeddable":true,"href":"https:\/\/www.ethnos360.de\/web_neu\/wp-json\/wp\/v2\/product_brand?post=20276"},{"taxonomy":"product_cat","embeddable":true,"href":"https:\/\/www.ethnos360.de\/web_neu\/wp-json\/wp\/v2\/product_cat?post=20276"},{"taxonomy":"product_tag","embeddable":true,"href":"https:\/\/www.ethnos360.de\/web_neu\/wp-json\/wp\/v2\/product_tag?post=20276"}],"curies":[{"name":"wp","href":"https:\/\/api.w.org\/{rel}","templated":true}]}}