{"id":20223,"date":"2024-01-08T18:26:21","date_gmt":"2024-01-08T17:26:21","guid":{"rendered":"https:\/\/ethnos360.de\/web_neu\/?post_type=product&#038;p=20223"},"modified":"2024-01-08T18:26:31","modified_gmt":"2024-01-08T17:26:31","slug":"geborgen-in-christus-auf-festen-grund-gebaut-1","status":"publish","type":"product","link":"https:\/\/www.ethnos360.de\/web_neu\/product\/geborgen-in-christus-auf-festen-grund-gebaut-1\/","title":{"rendered":"Geborgen in Christus &#8211; Auf festen Grund gebaut 1"},"content":{"rendered":"<p>Ein 13-Wochen-Kurs f\u00fcr Einzelne und Gruppen, um die biblische Grundlage f\u00fcr unsere Position in Christus zu verstehen.<\/p>\n<p>Dies ist der erste Folgekurs nach dem Grundkurs <i>Auf festen Grund gebaut &#8211; Von der Sch\u00f6pfung bis Christus<\/i> innerhalb der Auf-festen-Grund-gebaut-Reihe, kann aber auch unabh\u00e4ngig davon durchgearbeitet werden.<\/p>\n<p>Die 13 Lektionen helfen &#8211; besonders neuen &#8211; Gl\u00e4ubigen, die biblische Grundlage f\u00fcr ihre Sicherheit in Christus zu verstehen. Bei einem Gang durch die Heilsgeschichte betrachten Sie viele Begebenheiten des Alten Testaments mit dem Fokus auf Jesus Christus: Er ist das Opferlamm, ihm begegnen wir in der Stiftsh\u00fctte, er ist das Licht, das Brot des Lebens, der gro\u00dfe Befreier &#8230; Lesen Sie das Alte Testament aus der Perspektive des Neuen! Erkennen Sie die Zusammenh\u00e4nge! Verstehen Sie, auf welches Glaubensfundament Gott Sie stellt, wenn Sie seinem Wort vertrauen!<\/p>\n<p><b>Der Kurs ist vielseitig einsetzbar:<\/b><\/p>\n<ul class=\"show-bullets\">\n<li>f\u00fcr das Einzel- oder Gruppenstudium<\/li>\n<li>als Lehrmaterial f\u00fcr den biblischen Unterricht<\/li>\n<li>als Grundlage f\u00fcr eine Predigtreihe<\/li>\n<li>als Leitfaden f\u00fcr die Bibelstunde<\/li>\n<\/ul>\n<p>&nbsp;<\/p>\n<p>Machen Sie diesen Kurs allein oder als Gruppe, mit Neubekehrten oder einer ganzen Gemeinde, damit Ihr Glaube wirklich auf festen Grund gebaut ist!<\/p>\n<p><b>Weitere Titel dieser Reihe:<\/b><\/p>\n<ul class=\"show-bullets\">\n<li>Kurs 2: Gemeinde in Christus<\/li>\n<li>Kurs 3: Gerecht in Christus<\/li>\n<li>Kurs 4: Erl\u00f6st in Christus<\/li>\n<\/ul>\n<p>Der Kurs ist auch in englisch und russisch erh\u00e4ltlich.<\/p>\n","protected":false},"excerpt":{"rendered":"<p>Bibelkurs f\u00fcr Gl\u00e4ubige, der ihre Position IN CHRISTUS erl\u00e4utert<\/p>\n","protected":false},"featured_media":20257,"template":"","meta":{"site-sidebar-layout":"default","site-content-layout":"","ast-site-content-layout":"default","site-content-style":"default","site-sidebar-style":"default","ast-global-header-display":"","ast-banner-title-visibility":"","ast-main-header-display":"","ast-hfb-above-header-display":"","ast-hfb-below-header-display":"","ast-hfb-mobile-header-display":"","site-post-title":"","ast-breadcrumbs-content":"","ast-featured-img":"","footer-sml-layout":"","theme-transparent-header-meta":"","adv-header-id-meta":"","stick-header-meta":"","header-above-stick-meta":"","header-main-stick-meta":"","header-below-stick-meta":"","astra-migrate-meta-layouts":"default","ast-page-background-enabled":"default","ast-page-background-meta":{"desktop":{"background-color":"","background-image":"","background-repeat":"repeat","background-position":"center center","background-size":"auto","background-attachment":"scroll","background-type":"","background-media":"","overlay-type":"","overlay-color":"","overlay-opacity":"","overlay-gradient":""},"tablet":{"background-color":"","background-image":"","background-repeat":"repeat","background-position":"center center","background-size":"auto","background-attachment":"scroll","background-type":"","background-media":"","overlay-type":"","overlay-color":"","overlay-opacity":"","overlay-gradient":""},"mobile":{"background-color":"","background-image":"","background-repeat":"repeat","background-position":"center center","background-size":"auto","background-attachment":"scroll","background-type":"","background-media":"","overlay-type":"","overlay-color":"","overlay-opacity":"","overlay-gradient":""}},"ast-content-background-meta":{"desktop":{"background-color":"var(--ast-global-color-5)","background-image":"","background-repeat":"repeat","background-position":"center center","background-size":"auto","background-attachment":"scroll","background-type":"","background-media":"","overlay-type":"","overlay-color":"","overlay-opacity":"","overlay-gradient":""},"tablet":{"background-color":"var(--ast-global-color-5)","background-image":"","background-repeat":"repeat","background-position":"center center","background-size":"auto","background-attachment":"scroll","background-type":"","background-media":"","overlay-type":"","overlay-color":"","overlay-opacity":"","overlay-gradient":""},"mobile":{"background-color":"var(--ast-global-color-5)","background-image":"","background-repeat":"repeat","background-position":"center center","background-size":"auto","background-attachment":"scroll","background-type":"","background-media":"","overlay-type":"","overlay-color":"","overlay-opacity":"","overlay-gradient":""}}},"product_brand":[],"product_cat":[172],"product_tag":[],"class_list":{"0":"post-20223","1":"product","2":"type-product","3":"status-publish","4":"has-post-thumbnail","6":"product_cat-lehrmaterial","7":"desktop-align-left","8":"tablet-align-left","9":"mobile-align-left","11":"first","12":"instock","13":"taxable","14":"shipping-taxable","15":"purchasable","16":"product-type-simple"},"yoast_head":"<!-- This site is optimized with the Yoast SEO plugin v26.4 - https:\/\/yoast.com\/wordpress\/plugins\/seo\/ -->\n<title>Geborgen in Christus - Auf festen Grund gebaut 1 - Ethnos360<\/title>\n<meta name=\"robots\" content=\"noindex, follow, max-snippet:-1, max-image-preview:large, max-video-preview:-1\" \/>\n<meta property=\"og:locale\" content=\"de_DE\" \/>\n<meta property=\"og:type\" content=\"article\" \/>\n<meta property=\"og:title\" content=\"Geborgen in Christus - Auf festen Grund gebaut 1 - Ethnos360\" \/>\n<meta property=\"og:description\" content=\"Bibelkurs f\u00fcr Gl\u00e4ubige, der ihre Position IN CHRISTUS erl\u00e4utert\" \/>\n<meta property=\"og:url\" content=\"https:\/\/www.ethnos360.de\/web_neu\/product\/geborgen-in-christus-auf-festen-grund-gebaut-1\/\" \/>\n<meta property=\"og:site_name\" content=\"Ethnos360\" \/>\n<meta property=\"article:publisher\" content=\"https:\/\/www.facebook.com\/Ethnos360de\/\" \/>\n<meta property=\"article:modified_time\" content=\"2024-01-08T17:26:31+00:00\" \/>\n<meta property=\"og:image\" content=\"https:\/\/www.ethnos360.de\/web_neu\/wp-content\/uploads\/2024\/01\/2_1_004_lehrmaterial_afgg_geborgen_in_christus.jpg\" \/>\n\t<meta property=\"og:image:width\" content=\"366\" \/>\n\t<meta property=\"og:image:height\" content=\"495\" \/>\n\t<meta property=\"og:image:type\" content=\"image\/jpeg\" \/>\n<meta name=\"twitter:card\" content=\"summary_large_image\" \/>\n<meta name=\"twitter:label1\" content=\"Gesch\u00e4tzte Lesezeit\" \/>\n\t<meta name=\"twitter:data1\" content=\"1\u00a0Minute\" \/>\n<script type=\"application\/ld+json\" class=\"yoast-schema-graph\">{\"@context\":\"https:\/\/schema.org\",\"@graph\":[{\"@type\":\"WebPage\",\"@id\":\"https:\/\/www.ethnos360.de\/web_neu\/product\/geborgen-in-christus-auf-festen-grund-gebaut-1\/\",\"url\":\"https:\/\/www.ethnos360.de\/web_neu\/product\/geborgen-in-christus-auf-festen-grund-gebaut-1\/\",\"name\":\"Geborgen in Christus - Auf festen Grund gebaut 1 - Ethnos360\",\"isPartOf\":{\"@id\":\"https:\/\/www.ethnos360.de\/web_neu\/#website\"},\"primaryImageOfPage\":{\"@id\":\"https:\/\/www.ethnos360.de\/web_neu\/product\/geborgen-in-christus-auf-festen-grund-gebaut-1\/#primaryimage\"},\"image\":{\"@id\":\"https:\/\/www.ethnos360.de\/web_neu\/product\/geborgen-in-christus-auf-festen-grund-gebaut-1\/#primaryimage\"},\"thumbnailUrl\":\"https:\/\/www.ethnos360.de\/web_neu\/wp-content\/uploads\/2024\/01\/2_1_004_lehrmaterial_afgg_geborgen_in_christus.jpg\",\"datePublished\":\"2024-01-08T17:26:21+00:00\",\"dateModified\":\"2024-01-08T17:26:31+00:00\",\"breadcrumb\":{\"@id\":\"https:\/\/www.ethnos360.de\/web_neu\/product\/geborgen-in-christus-auf-festen-grund-gebaut-1\/#breadcrumb\"},\"inLanguage\":\"de\",\"potentialAction\":[{\"@type\":\"ReadAction\",\"target\":[\"https:\/\/www.ethnos360.de\/web_neu\/product\/geborgen-in-christus-auf-festen-grund-gebaut-1\/\"]}]},{\"@type\":\"ImageObject\",\"inLanguage\":\"de\",\"@id\":\"https:\/\/www.ethnos360.de\/web_neu\/product\/geborgen-in-christus-auf-festen-grund-gebaut-1\/#primaryimage\",\"url\":\"https:\/\/www.ethnos360.de\/web_neu\/wp-content\/uploads\/2024\/01\/2_1_004_lehrmaterial_afgg_geborgen_in_christus.jpg\",\"contentUrl\":\"https:\/\/www.ethnos360.de\/web_neu\/wp-content\/uploads\/2024\/01\/2_1_004_lehrmaterial_afgg_geborgen_in_christus.jpg\",\"width\":366,\"height\":495},{\"@type\":\"BreadcrumbList\",\"@id\":\"https:\/\/www.ethnos360.de\/web_neu\/product\/geborgen-in-christus-auf-festen-grund-gebaut-1\/#breadcrumb\",\"itemListElement\":[{\"@type\":\"ListItem\",\"position\":1,\"name\":\"Startseite\",\"item\":\"https:\/\/www.ethnos360.de\/web_neu\/\"},{\"@type\":\"ListItem\",\"position\":2,\"name\":\"Shop\",\"item\":\"https:\/\/www.ethnos360.de\/web_neu\/shop\/\"},{\"@type\":\"ListItem\",\"position\":3,\"name\":\"Geborgen in Christus &#8211; Auf festen Grund gebaut 1\"}]},{\"@type\":\"WebSite\",\"@id\":\"https:\/\/www.ethnos360.de\/web_neu\/#website\",\"url\":\"https:\/\/www.ethnos360.de\/web_neu\/\",\"name\":\"Ethnos360\",\"description\":\"\u2026 AUS ALLEN SPRACHEN V\u00d6LKERN UND NATIONEN\",\"publisher\":{\"@id\":\"https:\/\/www.ethnos360.de\/web_neu\/#organization\"},\"potentialAction\":[{\"@type\":\"SearchAction\",\"target\":{\"@type\":\"EntryPoint\",\"urlTemplate\":\"https:\/\/www.ethnos360.de\/web_neu\/?s={search_term_string}\"},\"query-input\":{\"@type\":\"PropertyValueSpecification\",\"valueRequired\":true,\"valueName\":\"search_term_string\"}}],\"inLanguage\":\"de\"},{\"@type\":\"Organization\",\"@id\":\"https:\/\/www.ethnos360.de\/web_neu\/#organization\",\"name\":\"Ethnos360\",\"url\":\"https:\/\/www.ethnos360.de\/web_neu\/\",\"logo\":{\"@type\":\"ImageObject\",\"inLanguage\":\"de\",\"@id\":\"https:\/\/www.ethnos360.de\/web_neu\/#\/schema\/logo\/image\/\",\"url\":\"https:\/\/www.ethnos360.de\/web_neu\/wp-content\/uploads\/2023\/02\/logo.png\",\"contentUrl\":\"https:\/\/www.ethnos360.de\/web_neu\/wp-content\/uploads\/2023\/02\/logo.png\",\"width\":274,\"height\":180,\"caption\":\"Ethnos360\"},\"image\":{\"@id\":\"https:\/\/www.ethnos360.de\/web_neu\/#\/schema\/logo\/image\/\"},\"sameAs\":[\"https:\/\/www.facebook.com\/Ethnos360de\/\",\"https:\/\/www.instagram.com\/ethnos360de\/\",\"https:\/\/www.youtube.com\/channel\/UCwDxjbJYXz4fZDohci9WgmQ\"]}]}<\/script>\n<!-- \/ Yoast SEO plugin. -->","yoast_head_json":{"title":"Geborgen in Christus - Auf festen Grund gebaut 1 - Ethnos360","robots":{"index":"noindex","follow":"follow","max-snippet":"max-snippet:-1","max-image-preview":"max-image-preview:large","max-video-preview":"max-video-preview:-1"},"og_locale":"de_DE","og_type":"article","og_title":"Geborgen in Christus - Auf festen Grund gebaut 1 - Ethnos360","og_description":"Bibelkurs f\u00fcr Gl\u00e4ubige, der ihre Position IN CHRISTUS erl\u00e4utert","og_url":"https:\/\/www.ethnos360.de\/web_neu\/product\/geborgen-in-christus-auf-festen-grund-gebaut-1\/","og_site_name":"Ethnos360","article_publisher":"https:\/\/www.facebook.com\/Ethnos360de\/","article_modified_time":"2024-01-08T17:26:31+00:00","og_image":[{"width":366,"height":495,"url":"https:\/\/www.ethnos360.de\/web_neu\/wp-content\/uploads\/2024\/01\/2_1_004_lehrmaterial_afgg_geborgen_in_christus.jpg","type":"image\/jpeg"}],"twitter_card":"summary_large_image","twitter_misc":{"Gesch\u00e4tzte Lesezeit":"1\u00a0Minute"},"schema":{"@context":"https:\/\/schema.org","@graph":[{"@type":"WebPage","@id":"https:\/\/www.ethnos360.de\/web_neu\/product\/geborgen-in-christus-auf-festen-grund-gebaut-1\/","url":"https:\/\/www.ethnos360.de\/web_neu\/product\/geborgen-in-christus-auf-festen-grund-gebaut-1\/","name":"Geborgen in Christus - Auf festen Grund gebaut 1 - Ethnos360","isPartOf":{"@id":"https:\/\/www.ethnos360.de\/web_neu\/#website"},"primaryImageOfPage":{"@id":"https:\/\/www.ethnos360.de\/web_neu\/product\/geborgen-in-christus-auf-festen-grund-gebaut-1\/#primaryimage"},"image":{"@id":"https:\/\/www.ethnos360.de\/web_neu\/product\/geborgen-in-christus-auf-festen-grund-gebaut-1\/#primaryimage"},"thumbnailUrl":"https:\/\/www.ethnos360.de\/web_neu\/wp-content\/uploads\/2024\/01\/2_1_004_lehrmaterial_afgg_geborgen_in_christus.jpg","datePublished":"2024-01-08T17:26:21+00:00","dateModified":"2024-01-08T17:26:31+00:00","breadcrumb":{"@id":"https:\/\/www.ethnos360.de\/web_neu\/product\/geborgen-in-christus-auf-festen-grund-gebaut-1\/#breadcrumb"},"inLanguage":"de","potentialAction":[{"@type":"ReadAction","target":["https:\/\/www.ethnos360.de\/web_neu\/product\/geborgen-in-christus-auf-festen-grund-gebaut-1\/"]}]},{"@type":"ImageObject","inLanguage":"de","@id":"https:\/\/www.ethnos360.de\/web_neu\/product\/geborgen-in-christus-auf-festen-grund-gebaut-1\/#primaryimage","url":"https:\/\/www.ethnos360.de\/web_neu\/wp-content\/uploads\/2024\/01\/2_1_004_lehrmaterial_afgg_geborgen_in_christus.jpg","contentUrl":"https:\/\/www.ethnos360.de\/web_neu\/wp-content\/uploads\/2024\/01\/2_1_004_lehrmaterial_afgg_geborgen_in_christus.jpg","width":366,"height":495},{"@type":"BreadcrumbList","@id":"https:\/\/www.ethnos360.de\/web_neu\/product\/geborgen-in-christus-auf-festen-grund-gebaut-1\/#breadcrumb","itemListElement":[{"@type":"ListItem","position":1,"name":"Startseite","item":"https:\/\/www.ethnos360.de\/web_neu\/"},{"@type":"ListItem","position":2,"name":"Shop","item":"https:\/\/www.ethnos360.de\/web_neu\/shop\/"},{"@type":"ListItem","position":3,"name":"Geborgen in Christus &#8211; Auf festen Grund gebaut 1"}]},{"@type":"WebSite","@id":"https:\/\/www.ethnos360.de\/web_neu\/#website","url":"https:\/\/www.ethnos360.de\/web_neu\/","name":"Ethnos360","description":"\u2026 AUS ALLEN SPRACHEN V\u00d6LKERN UND NATIONEN","publisher":{"@id":"https:\/\/www.ethnos360.de\/web_neu\/#organization"},"potentialAction":[{"@type":"SearchAction","target":{"@type":"EntryPoint","urlTemplate":"https:\/\/www.ethnos360.de\/web_neu\/?s={search_term_string}"},"query-input":{"@type":"PropertyValueSpecification","valueRequired":true,"valueName":"search_term_string"}}],"inLanguage":"de"},{"@type":"Organization","@id":"https:\/\/www.ethnos360.de\/web_neu\/#organization","name":"Ethnos360","url":"https:\/\/www.ethnos360.de\/web_neu\/","logo":{"@type":"ImageObject","inLanguage":"de","@id":"https:\/\/www.ethnos360.de\/web_neu\/#\/schema\/logo\/image\/","url":"https:\/\/www.ethnos360.de\/web_neu\/wp-content\/uploads\/2023\/02\/logo.png","contentUrl":"https:\/\/www.ethnos360.de\/web_neu\/wp-content\/uploads\/2023\/02\/logo.png","width":274,"height":180,"caption":"Ethnos360"},"image":{"@id":"https:\/\/www.ethnos360.de\/web_neu\/#\/schema\/logo\/image\/"},"sameAs":["https:\/\/www.facebook.com\/Ethnos360de\/","https:\/\/www.instagram.com\/ethnos360de\/","https:\/\/www.youtube.com\/channel\/UCwDxjbJYXz4fZDohci9WgmQ"]}]}},"_links":{"self":[{"href":"https:\/\/www.ethnos360.de\/web_neu\/wp-json\/wp\/v2\/product\/20223","targetHints":{"allow":["GET"]}}],"collection":[{"href":"https:\/\/www.ethnos360.de\/web_neu\/wp-json\/wp\/v2\/product"}],"about":[{"href":"https:\/\/www.ethnos360.de\/web_neu\/wp-json\/wp\/v2\/types\/product"}],"wp:featuredmedia":[{"embeddable":true,"href":"https:\/\/www.ethnos360.de\/web_neu\/wp-json\/wp\/v2\/media\/20257"}],"wp:attachment":[{"href":"https:\/\/www.ethnos360.de\/web_neu\/wp-json\/wp\/v2\/media?parent=20223"}],"wp:term":[{"taxonomy":"product_brand","embeddable":true,"href":"https:\/\/www.ethnos360.de\/web_neu\/wp-json\/wp\/v2\/product_brand?post=20223"},{"taxonomy":"product_cat","embeddable":true,"href":"https:\/\/www.ethnos360.de\/web_neu\/wp-json\/wp\/v2\/product_cat?post=20223"},{"taxonomy":"product_tag","embeddable":true,"href":"https:\/\/www.ethnos360.de\/web_neu\/wp-json\/wp\/v2\/product_tag?post=20223"}],"curies":[{"name":"wp","href":"https:\/\/api.w.org\/{rel}","templated":true}]}}