{"id":20150,"date":"2024-01-08T18:25:51","date_gmt":"2024-01-08T17:25:51","guid":{"rendered":"https:\/\/ethnos360.de\/web_neu\/?post_type=product&#038;p=20150"},"modified":"2024-01-08T18:26:09","modified_gmt":"2024-01-08T17:26:09","slug":"strainul-pe-drumul-spre-emaus-rumaenisch","status":"publish","type":"product","link":"https:\/\/www.ethnos360.de\/web_neu\/product\/strainul-pe-drumul-spre-emaus-rumaenisch\/","title":{"rendered":"Str\u0103inul pe Drumul spre Emaus &#8211; rum\u00e4nisch"},"content":{"rendered":"<p><b>O explica\u0163ie clar\u0103 \u015fi simpl\u0103 a c\u0103r\u0163ii celei mai de succes din lume<\/b><\/p>\n<p><b>Str\u0103inul avea un mesaj pentru persoana care nu \u015ftie nimic despre cea mai v\u00e2ndut\u0103 carte din lume &#8211; Biblia, \u015fi pentru cei care vor s\u0103 \u015ftie mai mult.<\/b><\/p>\n<p><b>A fost numit\u0103 &#8222;cea mai gre\u015fit \u00een\u0163eleas\u0103 carte din istorie&#8220;.<\/b><\/p>\n<p>S-au purtat r\u0103zboaie \u00een numele ei, scandaluri s-au precipitat din cauza ei, politica a fost modelat\u0103 \u015fi remodelat\u0103 la cuv\u00e2ntul ei. Teologii au ap\u0103rat-o dar au \u015fi ponegrit-o. Scepticii au f\u0103cut la fel. Dac\u0103 e\u015fti un reprezentant obi\u015fnuit al rasei umane, ai fost deseori uimit de toat\u0103 tevatura pe seama Bibliei. Dar r\u0103m\u00e2ne o \u00eentrebare: &#8222;Ce spunea ea cu adev\u0103rat?&#8220;<\/p>\n<p>Aceasta este o carte care explic\u0103 cele mai importante teme din Biblie \u00eentr-un mod clar \u015fi logic. F\u0103r\u0103 s\u0103 se concentreze pe o singur\u0103 parte &#8211; pierz\u00e2nd din vedere \u00eentregul &#8211; autorul leag\u0103 laolalt\u0103 \u00eentr-un mod cronologic \u00eentregul text ca o mare dram\u0103 universal\u0103, privind evenimentele din perspectiva celor care au experimentat scrierea istoriei. Rezultatele sunt uneori comice, alteori \u00eensp\u0103im\u00e2nt\u0103toare &#8211; dar \u00eentotdeauna \u00een acord cu ce spune textul.<\/p>\n<p>C\u00e2nd ve\u0163i termina de citit aceast\u0103 carte, s-ar putea s\u0103 v\u0103 descoperi\u0163i crez\u00e2nd &#8222;Cartea&#8220; mai mult ca niciodat\u0103. Sau este posibil s\u0103 alege\u0163i s\u0103 nu o crede\u0163i. Abordarea obiectiv\u0103 a autorului las\u0103 aceast\u0103 decizie la latitudinea fiec\u0103ruia.<\/p>\n","protected":false},"excerpt":{"rendered":"<p>O explica\u0163ie clar\u0103 \u015fi simpl\u0103 a c\u0103r\u0163ii celei mai de succes din lume Str\u0103inul avea un mesaj pentru persoana care nu \u015ftie nimic despre cea mai v\u00e2ndut\u0103 carte din lume &#8211; Biblia, \u015fi pentru cei care vor s\u0103 \u015ftie mai mult. A fost numit\u0103 &#8222;cea mai gre\u015fit \u00een\u0163eleas\u0103 carte din istorie&#8220;. S-au purtat r\u0103zboaie \u00een [&hellip;]<\/p>\n","protected":false},"featured_media":20199,"template":"","meta":{"site-sidebar-layout":"default","site-content-layout":"","ast-site-content-layout":"default","site-content-style":"default","site-sidebar-style":"default","ast-global-header-display":"","ast-banner-title-visibility":"","ast-main-header-display":"","ast-hfb-above-header-display":"","ast-hfb-below-header-display":"","ast-hfb-mobile-header-display":"","site-post-title":"","ast-breadcrumbs-content":"","ast-featured-img":"","footer-sml-layout":"","theme-transparent-header-meta":"","adv-header-id-meta":"","stick-header-meta":"","header-above-stick-meta":"","header-main-stick-meta":"","header-below-stick-meta":"","astra-migrate-meta-layouts":"default","ast-page-background-enabled":"default","ast-page-background-meta":{"desktop":{"background-color":"","background-image":"","background-repeat":"repeat","background-position":"center center","background-size":"auto","background-attachment":"scroll","background-type":"","background-media":"","overlay-type":"","overlay-color":"","overlay-opacity":"","overlay-gradient":""},"tablet":{"background-color":"","background-image":"","background-repeat":"repeat","background-position":"center center","background-size":"auto","background-attachment":"scroll","background-type":"","background-media":"","overlay-type":"","overlay-color":"","overlay-opacity":"","overlay-gradient":""},"mobile":{"background-color":"","background-image":"","background-repeat":"repeat","background-position":"center center","background-size":"auto","background-attachment":"scroll","background-type":"","background-media":"","overlay-type":"","overlay-color":"","overlay-opacity":"","overlay-gradient":""}},"ast-content-background-meta":{"desktop":{"background-color":"var(--ast-global-color-5)","background-image":"","background-repeat":"repeat","background-position":"center center","background-size":"auto","background-attachment":"scroll","background-type":"","background-media":"","overlay-type":"","overlay-color":"","overlay-opacity":"","overlay-gradient":""},"tablet":{"background-color":"var(--ast-global-color-5)","background-image":"","background-repeat":"repeat","background-position":"center center","background-size":"auto","background-attachment":"scroll","background-type":"","background-media":"","overlay-type":"","overlay-color":"","overlay-opacity":"","overlay-gradient":""},"mobile":{"background-color":"var(--ast-global-color-5)","background-image":"","background-repeat":"repeat","background-position":"center center","background-size":"auto","background-attachment":"scroll","background-type":"","background-media":"","overlay-type":"","overlay-color":"","overlay-opacity":"","overlay-gradient":""}}},"product_brand":[],"product_cat":[96,97],"product_tag":[],"class_list":{"0":"post-20150","1":"product","2":"type-product","3":"status-publish","4":"has-post-thumbnail","6":"product_cat-buecher","7":"product_cat-fremdsprachige-buecher","8":"desktop-align-left","9":"tablet-align-left","10":"mobile-align-left","12":"first","13":"instock","14":"taxable","15":"shipping-taxable","16":"purchasable","17":"product-type-simple"},"yoast_head":"<!-- This site is optimized with the Yoast SEO plugin v26.4 - https:\/\/yoast.com\/wordpress\/plugins\/seo\/ -->\n<title>Str\u0103inul pe Drumul spre Emaus - rum\u00e4nisch - Ethnos360<\/title>\n<meta name=\"robots\" content=\"noindex, follow, max-snippet:-1, max-image-preview:large, max-video-preview:-1\" \/>\n<meta property=\"og:locale\" content=\"de_DE\" \/>\n<meta property=\"og:type\" content=\"article\" \/>\n<meta property=\"og:title\" content=\"Str\u0103inul pe Drumul spre Emaus - rum\u00e4nisch - Ethnos360\" \/>\n<meta property=\"og:description\" content=\"O explica\u0163ie clar\u0103 \u015fi simpl\u0103 a c\u0103r\u0163ii celei mai de succes din lume Str\u0103inul avea un mesaj pentru persoana care nu \u015ftie nimic despre cea mai v\u00e2ndut\u0103 carte din lume &#8211; Biblia, \u015fi pentru cei care vor s\u0103 \u015ftie mai mult. A fost numit\u0103 &#8222;cea mai gre\u015fit \u00een\u0163eleas\u0103 carte din istorie&#8220;. S-au purtat r\u0103zboaie \u00een [&hellip;]\" \/>\n<meta property=\"og:url\" content=\"https:\/\/www.ethnos360.de\/web_neu\/product\/strainul-pe-drumul-spre-emaus-rumaenisch\/\" \/>\n<meta property=\"og:site_name\" content=\"Ethnos360\" \/>\n<meta property=\"article:publisher\" content=\"https:\/\/www.facebook.com\/Ethnos360de\/\" \/>\n<meta property=\"article:modified_time\" content=\"2024-01-08T17:26:09+00:00\" \/>\n<meta property=\"og:image\" content=\"https:\/\/www.ethnos360.de\/web_neu\/wp-content\/uploads\/2024\/01\/1_1_024_buch_stranger_rumaenisch.jpg\" \/>\n\t<meta property=\"og:image:width\" content=\"688\" \/>\n\t<meta property=\"og:image:height\" content=\"1024\" \/>\n\t<meta property=\"og:image:type\" content=\"image\/jpeg\" \/>\n<meta name=\"twitter:card\" content=\"summary_large_image\" \/>\n<meta name=\"twitter:label1\" content=\"Gesch\u00e4tzte Lesezeit\" \/>\n\t<meta name=\"twitter:data1\" content=\"1\u00a0Minute\" \/>\n<script type=\"application\/ld+json\" class=\"yoast-schema-graph\">{\"@context\":\"https:\/\/schema.org\",\"@graph\":[{\"@type\":\"WebPage\",\"@id\":\"https:\/\/www.ethnos360.de\/web_neu\/product\/strainul-pe-drumul-spre-emaus-rumaenisch\/\",\"url\":\"https:\/\/www.ethnos360.de\/web_neu\/product\/strainul-pe-drumul-spre-emaus-rumaenisch\/\",\"name\":\"Str\u0103inul pe Drumul spre Emaus - rum\u00e4nisch - Ethnos360\",\"isPartOf\":{\"@id\":\"https:\/\/www.ethnos360.de\/web_neu\/#website\"},\"primaryImageOfPage\":{\"@id\":\"https:\/\/www.ethnos360.de\/web_neu\/product\/strainul-pe-drumul-spre-emaus-rumaenisch\/#primaryimage\"},\"image\":{\"@id\":\"https:\/\/www.ethnos360.de\/web_neu\/product\/strainul-pe-drumul-spre-emaus-rumaenisch\/#primaryimage\"},\"thumbnailUrl\":\"https:\/\/www.ethnos360.de\/web_neu\/wp-content\/uploads\/2024\/01\/1_1_024_buch_stranger_rumaenisch.jpg\",\"datePublished\":\"2024-01-08T17:25:51+00:00\",\"dateModified\":\"2024-01-08T17:26:09+00:00\",\"breadcrumb\":{\"@id\":\"https:\/\/www.ethnos360.de\/web_neu\/product\/strainul-pe-drumul-spre-emaus-rumaenisch\/#breadcrumb\"},\"inLanguage\":\"de\",\"potentialAction\":[{\"@type\":\"ReadAction\",\"target\":[\"https:\/\/www.ethnos360.de\/web_neu\/product\/strainul-pe-drumul-spre-emaus-rumaenisch\/\"]}]},{\"@type\":\"ImageObject\",\"inLanguage\":\"de\",\"@id\":\"https:\/\/www.ethnos360.de\/web_neu\/product\/strainul-pe-drumul-spre-emaus-rumaenisch\/#primaryimage\",\"url\":\"https:\/\/www.ethnos360.de\/web_neu\/wp-content\/uploads\/2024\/01\/1_1_024_buch_stranger_rumaenisch.jpg\",\"contentUrl\":\"https:\/\/www.ethnos360.de\/web_neu\/wp-content\/uploads\/2024\/01\/1_1_024_buch_stranger_rumaenisch.jpg\",\"width\":688,\"height\":1024},{\"@type\":\"BreadcrumbList\",\"@id\":\"https:\/\/www.ethnos360.de\/web_neu\/product\/strainul-pe-drumul-spre-emaus-rumaenisch\/#breadcrumb\",\"itemListElement\":[{\"@type\":\"ListItem\",\"position\":1,\"name\":\"Startseite\",\"item\":\"https:\/\/www.ethnos360.de\/web_neu\/\"},{\"@type\":\"ListItem\",\"position\":2,\"name\":\"Shop\",\"item\":\"https:\/\/www.ethnos360.de\/web_neu\/shop\/\"},{\"@type\":\"ListItem\",\"position\":3,\"name\":\"Str\u0103inul pe Drumul spre Emaus &#8211; rum\u00e4nisch\"}]},{\"@type\":\"WebSite\",\"@id\":\"https:\/\/www.ethnos360.de\/web_neu\/#website\",\"url\":\"https:\/\/www.ethnos360.de\/web_neu\/\",\"name\":\"Ethnos360\",\"description\":\"\u2026 AUS ALLEN SPRACHEN V\u00d6LKERN UND NATIONEN\",\"publisher\":{\"@id\":\"https:\/\/www.ethnos360.de\/web_neu\/#organization\"},\"potentialAction\":[{\"@type\":\"SearchAction\",\"target\":{\"@type\":\"EntryPoint\",\"urlTemplate\":\"https:\/\/www.ethnos360.de\/web_neu\/?s={search_term_string}\"},\"query-input\":{\"@type\":\"PropertyValueSpecification\",\"valueRequired\":true,\"valueName\":\"search_term_string\"}}],\"inLanguage\":\"de\"},{\"@type\":\"Organization\",\"@id\":\"https:\/\/www.ethnos360.de\/web_neu\/#organization\",\"name\":\"Ethnos360\",\"url\":\"https:\/\/www.ethnos360.de\/web_neu\/\",\"logo\":{\"@type\":\"ImageObject\",\"inLanguage\":\"de\",\"@id\":\"https:\/\/www.ethnos360.de\/web_neu\/#\/schema\/logo\/image\/\",\"url\":\"https:\/\/www.ethnos360.de\/web_neu\/wp-content\/uploads\/2023\/02\/logo.png\",\"contentUrl\":\"https:\/\/www.ethnos360.de\/web_neu\/wp-content\/uploads\/2023\/02\/logo.png\",\"width\":274,\"height\":180,\"caption\":\"Ethnos360\"},\"image\":{\"@id\":\"https:\/\/www.ethnos360.de\/web_neu\/#\/schema\/logo\/image\/\"},\"sameAs\":[\"https:\/\/www.facebook.com\/Ethnos360de\/\",\"https:\/\/www.instagram.com\/ethnos360de\/\",\"https:\/\/www.youtube.com\/channel\/UCwDxjbJYXz4fZDohci9WgmQ\"]}]}<\/script>\n<!-- \/ Yoast SEO plugin. -->","yoast_head_json":{"title":"Str\u0103inul pe Drumul spre Emaus - rum\u00e4nisch - Ethnos360","robots":{"index":"noindex","follow":"follow","max-snippet":"max-snippet:-1","max-image-preview":"max-image-preview:large","max-video-preview":"max-video-preview:-1"},"og_locale":"de_DE","og_type":"article","og_title":"Str\u0103inul pe Drumul spre Emaus - rum\u00e4nisch - Ethnos360","og_description":"O explica\u0163ie clar\u0103 \u015fi simpl\u0103 a c\u0103r\u0163ii celei mai de succes din lume Str\u0103inul avea un mesaj pentru persoana care nu \u015ftie nimic despre cea mai v\u00e2ndut\u0103 carte din lume &#8211; Biblia, \u015fi pentru cei care vor s\u0103 \u015ftie mai mult. A fost numit\u0103 &#8222;cea mai gre\u015fit \u00een\u0163eleas\u0103 carte din istorie&#8220;. S-au purtat r\u0103zboaie \u00een [&hellip;]","og_url":"https:\/\/www.ethnos360.de\/web_neu\/product\/strainul-pe-drumul-spre-emaus-rumaenisch\/","og_site_name":"Ethnos360","article_publisher":"https:\/\/www.facebook.com\/Ethnos360de\/","article_modified_time":"2024-01-08T17:26:09+00:00","og_image":[{"width":688,"height":1024,"url":"https:\/\/www.ethnos360.de\/web_neu\/wp-content\/uploads\/2024\/01\/1_1_024_buch_stranger_rumaenisch.jpg","type":"image\/jpeg"}],"twitter_card":"summary_large_image","twitter_misc":{"Gesch\u00e4tzte Lesezeit":"1\u00a0Minute"},"schema":{"@context":"https:\/\/schema.org","@graph":[{"@type":"WebPage","@id":"https:\/\/www.ethnos360.de\/web_neu\/product\/strainul-pe-drumul-spre-emaus-rumaenisch\/","url":"https:\/\/www.ethnos360.de\/web_neu\/product\/strainul-pe-drumul-spre-emaus-rumaenisch\/","name":"Str\u0103inul pe Drumul spre Emaus - rum\u00e4nisch - Ethnos360","isPartOf":{"@id":"https:\/\/www.ethnos360.de\/web_neu\/#website"},"primaryImageOfPage":{"@id":"https:\/\/www.ethnos360.de\/web_neu\/product\/strainul-pe-drumul-spre-emaus-rumaenisch\/#primaryimage"},"image":{"@id":"https:\/\/www.ethnos360.de\/web_neu\/product\/strainul-pe-drumul-spre-emaus-rumaenisch\/#primaryimage"},"thumbnailUrl":"https:\/\/www.ethnos360.de\/web_neu\/wp-content\/uploads\/2024\/01\/1_1_024_buch_stranger_rumaenisch.jpg","datePublished":"2024-01-08T17:25:51+00:00","dateModified":"2024-01-08T17:26:09+00:00","breadcrumb":{"@id":"https:\/\/www.ethnos360.de\/web_neu\/product\/strainul-pe-drumul-spre-emaus-rumaenisch\/#breadcrumb"},"inLanguage":"de","potentialAction":[{"@type":"ReadAction","target":["https:\/\/www.ethnos360.de\/web_neu\/product\/strainul-pe-drumul-spre-emaus-rumaenisch\/"]}]},{"@type":"ImageObject","inLanguage":"de","@id":"https:\/\/www.ethnos360.de\/web_neu\/product\/strainul-pe-drumul-spre-emaus-rumaenisch\/#primaryimage","url":"https:\/\/www.ethnos360.de\/web_neu\/wp-content\/uploads\/2024\/01\/1_1_024_buch_stranger_rumaenisch.jpg","contentUrl":"https:\/\/www.ethnos360.de\/web_neu\/wp-content\/uploads\/2024\/01\/1_1_024_buch_stranger_rumaenisch.jpg","width":688,"height":1024},{"@type":"BreadcrumbList","@id":"https:\/\/www.ethnos360.de\/web_neu\/product\/strainul-pe-drumul-spre-emaus-rumaenisch\/#breadcrumb","itemListElement":[{"@type":"ListItem","position":1,"name":"Startseite","item":"https:\/\/www.ethnos360.de\/web_neu\/"},{"@type":"ListItem","position":2,"name":"Shop","item":"https:\/\/www.ethnos360.de\/web_neu\/shop\/"},{"@type":"ListItem","position":3,"name":"Str\u0103inul pe Drumul spre Emaus &#8211; rum\u00e4nisch"}]},{"@type":"WebSite","@id":"https:\/\/www.ethnos360.de\/web_neu\/#website","url":"https:\/\/www.ethnos360.de\/web_neu\/","name":"Ethnos360","description":"\u2026 AUS ALLEN SPRACHEN V\u00d6LKERN UND NATIONEN","publisher":{"@id":"https:\/\/www.ethnos360.de\/web_neu\/#organization"},"potentialAction":[{"@type":"SearchAction","target":{"@type":"EntryPoint","urlTemplate":"https:\/\/www.ethnos360.de\/web_neu\/?s={search_term_string}"},"query-input":{"@type":"PropertyValueSpecification","valueRequired":true,"valueName":"search_term_string"}}],"inLanguage":"de"},{"@type":"Organization","@id":"https:\/\/www.ethnos360.de\/web_neu\/#organization","name":"Ethnos360","url":"https:\/\/www.ethnos360.de\/web_neu\/","logo":{"@type":"ImageObject","inLanguage":"de","@id":"https:\/\/www.ethnos360.de\/web_neu\/#\/schema\/logo\/image\/","url":"https:\/\/www.ethnos360.de\/web_neu\/wp-content\/uploads\/2023\/02\/logo.png","contentUrl":"https:\/\/www.ethnos360.de\/web_neu\/wp-content\/uploads\/2023\/02\/logo.png","width":274,"height":180,"caption":"Ethnos360"},"image":{"@id":"https:\/\/www.ethnos360.de\/web_neu\/#\/schema\/logo\/image\/"},"sameAs":["https:\/\/www.facebook.com\/Ethnos360de\/","https:\/\/www.instagram.com\/ethnos360de\/","https:\/\/www.youtube.com\/channel\/UCwDxjbJYXz4fZDohci9WgmQ"]}]}},"_links":{"self":[{"href":"https:\/\/www.ethnos360.de\/web_neu\/wp-json\/wp\/v2\/product\/20150","targetHints":{"allow":["GET"]}}],"collection":[{"href":"https:\/\/www.ethnos360.de\/web_neu\/wp-json\/wp\/v2\/product"}],"about":[{"href":"https:\/\/www.ethnos360.de\/web_neu\/wp-json\/wp\/v2\/types\/product"}],"wp:featuredmedia":[{"embeddable":true,"href":"https:\/\/www.ethnos360.de\/web_neu\/wp-json\/wp\/v2\/media\/20199"}],"wp:attachment":[{"href":"https:\/\/www.ethnos360.de\/web_neu\/wp-json\/wp\/v2\/media?parent=20150"}],"wp:term":[{"taxonomy":"product_brand","embeddable":true,"href":"https:\/\/www.ethnos360.de\/web_neu\/wp-json\/wp\/v2\/product_brand?post=20150"},{"taxonomy":"product_cat","embeddable":true,"href":"https:\/\/www.ethnos360.de\/web_neu\/wp-json\/wp\/v2\/product_cat?post=20150"},{"taxonomy":"product_tag","embeddable":true,"href":"https:\/\/www.ethnos360.de\/web_neu\/wp-json\/wp\/v2\/product_tag?post=20150"}],"curies":[{"name":"wp","href":"https:\/\/api.w.org\/{rel}","templated":true}]}}